{"id":46036,"date":"2026-01-05T15:04:48","date_gmt":"2026-01-05T15:04:48","guid":{"rendered":"https:\/\/shoponlinedz.com\/product\/lanterne-murale-solaire-avec-lumiere-colorees-et-detecteur-de-mouvements-%d9%85%d8%b5%d8%a8%d8%a7%d8%ad-%d8%ae%d8%a7%d8%b1%d8%ac%d9%8a-%d9%8a%d8%b9%d9%85%d9%84-%d8%a8%d8%a7%d9%84%d8%b7%d8%a7\/"},"modified":"2026-01-28T12:22:37","modified_gmt":"2026-01-28T12:22:37","slug":"lanterne-murale-solaire-avec-lumiere-colorees-et-detecteur-de-mouvements-%d9%85%d8%b5%d8%a8%d8%a7%d8%ad-%d8%ae%d8%a7%d8%b1%d8%ac%d9%8a-%d9%8a%d8%b9%d9%85%d9%84-%d8%a8%d8%a7%d9%84%d8%b7%d8%a7","status":"publish","type":"product","link":"https:\/\/shoponlinedz.com\/en\/product\/lanterne-murale-solaire-avec-lumiere-colorees-et-detecteur-de-mouvements-%d9%85%d8%b5%d8%a8%d8%a7%d8%ad-%d8%ae%d8%a7%d8%b1%d8%ac%d9%8a-%d9%8a%d8%b9%d9%85%d9%84-%d8%a8%d8%a7%d9%84%d8%b7%d8%a7\/","title":{"rendered":"Lanterne Murale Solaire avec Lumi\u00e8re Color\u00e9es et D\u00e9tecteur de Mouvements \u2013 \u0645\u0635\u0628\u0627\u062d \u062e\u0627\u0631\u062c\u064a \u064a\u0639\u0645\u0644 \u0628\u0627\u0644\u0637\u0627\u0642\u0629 \u0627\u0644\u0634\u0645\u0633\u064a\u0629"},"content":{"rendered":"<figure class=\"attachment attachment--preview\" data-trix-attachment=\"{&quot;contentType&quot;:&quot;image&quot;,&quot;height&quot;:1024,&quot;url&quot;:&quot;https:\/\/sawa9ly.app\/storage\/62668\/HW-668-2-CNC.jpg&quot;,&quot;width&quot;:1024}\" data-trix-content-type=\"image\"><img decoding=\"async\" class=\"aligncenter\" src=\"https:\/\/sawa9ly.app\/storage\/62668\/HW-668-2-CNC.jpg\" width=\"1024\" height=\"1024\" \/><figcaption class=\"attachment__caption\"><\/figcaption><\/figure>\n<figure class=\"attachment attachment--preview\" data-trix-attachment=\"{&quot;contentType&quot;:&quot;image&quot;,&quot;height&quot;:1024,&quot;url&quot;:&quot;https:\/\/sawa9ly.app\/storage\/62669\/HW-668-2-3.jpg&quot;,&quot;width&quot;:1024}\" data-trix-content-type=\"image\"><img decoding=\"async\" class=\"aligncenter\" src=\"https:\/\/sawa9ly.app\/storage\/62669\/HW-668-2-3.jpg\" width=\"1024\" height=\"1024\" \/><figcaption class=\"attachment__caption\"><\/figcaption><\/figure>\n<figure class=\"attachment attachment--preview\" data-trix-attachment=\"{&quot;contentType&quot;:&quot;image&quot;,&quot;height&quot;:1024,&quot;url&quot;:&quot;https:\/\/sawa9ly.app\/storage\/62670\/HW-668-2-8.jpg&quot;,&quot;width&quot;:1024}\" data-trix-content-type=\"image\"><img decoding=\"async\" class=\"aligncenter\" src=\"https:\/\/sawa9ly.app\/storage\/62670\/HW-668-2-8.jpg\" width=\"1024\" height=\"1024\" \/><figcaption class=\"attachment__caption\"><\/figcaption><\/figure>\n<figure class=\"attachment attachment--preview\" data-trix-attachment=\"{&quot;contentType&quot;:&quot;image&quot;,&quot;height&quot;:1024,&quot;url&quot;:&quot;https:\/\/sawa9ly.app\/storage\/62671\/HW-668-2-9.jpg&quot;,&quot;width&quot;:1024}\" data-trix-content-type=\"image\"><img decoding=\"async\" class=\"aligncenter\" src=\"https:\/\/sawa9ly.app\/storage\/62671\/HW-668-2-9.jpg\" width=\"1024\" height=\"1024\" \/><figcaption class=\"attachment__caption\"><\/figcaption><\/figure>\n<figure class=\"attachment attachment--preview\" data-trix-attachment=\"{&quot;contentType&quot;:&quot;image&quot;,&quot;height&quot;:1024,&quot;url&quot;:&quot;https:\/\/sawa9ly.app\/storage\/62672\/HW-668-2-7.jpg&quot;,&quot;width&quot;:1024}\" data-trix-content-type=\"image\"><img decoding=\"async\" class=\"aligncenter\" src=\"https:\/\/sawa9ly.app\/storage\/62672\/HW-668-2-7.jpg\" width=\"1024\" height=\"1024\" \/><figcaption class=\"attachment__caption\"><\/figcaption><\/figure>\n<p style=\"text-align: center;\">","protected":false},"excerpt":{"rendered":"<p>\ud83d\udd06 \u0645\u0635\u0628\u0627\u062d \u0634\u0645\u0633\u064a \u062e\u0627\u0631\u062c\u064a \u0630\u0643\u064a \u2014 \u0625\u0646\u0627\u0631\u0629 \u0642\u0648\u064a\u0629 \u0628\u062f\u0648\u0646 \u0641\u0648\u0627\u062a\u064a\u0631!\ud83c\udf0d \u0627\u0633\u062a\u0639\u0645\u0627\u0644 \u0648\u0627\u0633\u0639 \u0648\u0645\u0646\u0627\u0633\u0628 \u0644\u0623\u064a \u0645\u0643\u0627\u0646\u0647\u0630\u0627 \u0627\u0644\u0645\u0635\u0628\u0627\u062d \u0627\u0644\u0634\u0645\u0633\u064a \u064a\u0646\u0627\u0633\u0628 \u0639\u062f\u0629 \u0623\u0645\u0627\u0643\u0646: \u2714\ufe0f \u0633\u0627\u062d\u0629 \u0627\u0644\u0645\u0646\u0632\u0644 \u2714\ufe0f \u0627\u0644\u0628\u0627\u0644\u0643\u0648\u0646 \u2714\ufe0f \u0627\u0644\u0645\u0645\u0631\u0627\u062a \u2714\ufe0f \u0648\u0627\u062c\u0647\u0627\u062a \u0627\u0644\u0645\u0646\u0627\u0632\u0644 \u0648\u0627\u0644\u0642\u0631\u0649 \u2714\ufe0f \u0623\u0645\u0627\u0643\u0646 \u0627\u0644\u062a\u062e\u064a\u064a\u0645 \u064a\u0645\u0646\u062d\u0643 \u0625\u0636\u0627\u0621\u0629 \u0642\u0648\u064a\u0629 \u0648\u0622\u0645\u0646\u0629 \u0641\u064a \u0627\u0644\u0644\u064a\u0644\u060c \u0648\u064a\u0642\u062f\u0631 \u064a\u0643\u0648\u0646 \u0644\u0644\u062f\u064a\u0643\u0648\u0631 \u0623\u0648 \u0644\u062a\u062d\u062f\u064a\u062f \u0627\u0644\u0645\u0633\u0627\u0631\u0627\u062a.\u26a1 \u0625\u0636\u0627\u0621\u0629 \u0630\u0643\u064a\u0629 \u0628\u0627\u0644\u0637\u0627\u0642\u0629 \u0627\u0644\u0634\u0645\u0633\u064a\u0629 \u2014 \u0628\u0644\u0627 \u0623\u0633\u0644\u0627\u0643 \u0648\u0628\u0644\u0627 \u0641\u0648\u0627\u062a\u064a\u0631\u064a\u062e\u062f\u0645 \u0628\u0627\u0644\u0637\u0627\u0642\u0629 \u0627\u0644\u0634\u0645\u0633\u064a\u0629 + LED \u0645\u0648\u0641\u0631\u0629 \u0644\u0644\u0637\u0627\u0642\u0629\u060c \u0645\u0627 \u062a\u062d\u062a\u0627\u062c \u0644\u0627 \u0623\u0633\u0644\u0627\u0643 \u0648\u0644\u0627 \u0643\u0647\u0631\u0628\u0627\u0621. \u064a\u0634\u062a\u0639\u0644 \u062a\u0644\u0642\u0627\u0626\u064a\u0627\u064b \u0639\u0646\u062f \u0627\u0644\u062d\u0631\u0643\u0629 \u0628\u0641\u0636\u0644 \u0627\u0644\u0645\u0633\u062a\u0634\u0639\u0631 \u0627\u0644\u0630\u0643\u064a \u0648\u064a\u0648\u0641\u0631 \u0625\u0636\u0627\u0621\u0629 \u0639\u0645\u0644\u064a\u0629 \u0641\u064a \u0627\u0644\u0644\u064a\u0644.\u2614 \u0645\u0642\u0627\u0648\u0645 \u0644\u0644\u0645\u0637\u0631 \u0648\u0633\u0647\u0644 \u0627\u0644\u062a\u0631\u0643\u064a\u0628\u062a\u0635\u0645\u064a\u0645 \u0628\u0633\u064a\u0637 \u0648\u0633\u0647\u0644 \u0627\u0644\u062a\u062b\u0628\u064a\u062a \u0628\u0644\u0627 \u0623\u062f\u0648\u0627\u062a \u0645\u0639\u0642\u062f\u0629. \u0645\u0642\u0627\u0648\u0645 \u0644\u0644\u0645\u0627\u0621 \u0648\u0642\u0627\u062f\u0631 \u064a\u062a\u062d\u0645\u0651\u0644 \u0627\u0644\u0638\u0631\u0648\u0641 \u0627\u0644\u062e\u0627\u0631\u062c\u064a\u0629: \u2714 \u0623\u0645\u0637\u0627\u0631 \u2714 \u062d\u0631 \u2714 \u0628\u0631\u062f \u2714 \u063a\u0628\u0627\u0631 \u0645\u0646\u0627\u0633\u0628 \u0644\u0644\u0633\u0627\u062d\u0627\u062a \u0648\u0627\u0644\u0645\u062e\u064a\u0645\u0627\u062a.\ud83d\udd0d \u0627\u0644\u0645\u0648\u0627\u0635\u0641\u0627\u062a \u0627\u0644\u062a\u0642\u0646\u064a\u0629\u0627\u0644\u062e\u0627\u0635\u064a\u0629\u0627\u0644\u062a\u0641\u0627\u0635\u064a\u0644\u0627\u0644\u0637\u0627\u0642\u0629 | 5.5V \u2014 1.6W\u0646\u0648\u0639 \u0627\u0644\u0628\u0637\u0627\u0631\u064a\u0629 | \u0644\u064a\u062b\u064a\u0648\u0645 18650\u0627\u0644\u0633\u0639\u0629 | 1200mAh\u0632\u0627\u0648\u064a\u0629 \u0627\u0644\u0627\u0633\u062a\u0634\u0639\u0627\u0631 | 120\u00b0\u0645\u062f\u0649 \u0627\u0644\u0627\u0633\u062a\u0634\u0639\u0627\u0631 | 5\u20138 \u0645\u062a\u0631\u0634\u062f\u0629 \u0627\u0644\u0625\u0636\u0627\u0621\u0629 | 200\u2013400 \u0644\u0648\u0645\u0646\u0646\u0648\u0639 \u0627\u0644\u0625\u0636\u0627\u0621\u0629 | LED\ud83d\udca1 \u0623\u0648\u0636\u0627\u0639 \u0627\u0644\u0625\u0636\u0627\u0621\u06291\ufe0f\u20e3 \u0636\u0648\u0621 \u0623\u0628\u064a\u0636 2\ufe0f\u20e3 \u0636\u0648\u0621 \u0623\u0635\u0641\u0631 3\ufe0f\u20e3 \u0636\u0648\u0621 \u0623\u0635\u0641\u0631 \u0648\u0627\u0645\u0636 (Clignotant)<\/p>","protected":false},"featured_media":46035,"comment_status":"open","ping_status":"closed","template":"","meta":[],"product_brand":[],"product_cat":[2455],"product_tag":[],"class_list":{"0":"post-46036","1":"product","2":"type-product","3":"status-publish","4":"has-post-thumbnail","6":"product_cat-maison","8":"first","9":"instock","10":"sale","11":"taxable","12":"shipping-taxable","13":"purchasable","14":"product-type-simple"},"jetpack_sharing_enabled":true,"_links":{"self":[{"href":"https:\/\/shoponlinedz.com\/en\/wp-json\/wp\/v2\/product\/46036","targetHints":{"allow":["GET"]}}],"collection":[{"href":"https:\/\/shoponlinedz.com\/en\/wp-json\/wp\/v2\/product"}],"about":[{"href":"https:\/\/shoponlinedz.com\/en\/wp-json\/wp\/v2\/types\/product"}],"replies":[{"embeddable":true,"href":"https:\/\/shoponlinedz.com\/en\/wp-json\/wp\/v2\/comments?post=46036"}],"version-history":[{"count":0,"href":"https:\/\/shoponlinedz.com\/en\/wp-json\/wp\/v2\/product\/46036\/revisions"}],"wp:featuredmedia":[{"embeddable":true,"href":"https:\/\/shoponlinedz.com\/en\/wp-json\/wp\/v2\/media\/46035"}],"wp:attachment":[{"href":"https:\/\/shoponlinedz.com\/en\/wp-json\/wp\/v2\/media?parent=46036"}],"wp:term":[{"taxonomy":"product_brand","embeddable":true,"href":"https:\/\/shoponlinedz.com\/en\/wp-json\/wp\/v2\/product_brand?post=46036"},{"taxonomy":"product_cat","embeddable":true,"href":"https:\/\/shoponlinedz.com\/en\/wp-json\/wp\/v2\/product_cat?post=46036"},{"taxonomy":"product_tag","embeddable":true,"href":"https:\/\/shoponlinedz.com\/en\/wp-json\/wp\/v2\/product_tag?post=46036"}],"curies":[{"name":"wp","href":"https:\/\/api.w.org\/{rel}","templated":true}]}}