{"id":46003,"date":"2026-01-05T15:03:51","date_gmt":"2026-01-05T15:03:51","guid":{"rendered":"https:\/\/shoponlinedz.com\/product\/sechoir-a-linge-retractable-pour-gagner-de-lespace-%d8%b9%d9%84%d8%a7%d9%82%d8%a9-%d9%85%d9%84%d8%a7%d8%a8%d8%b3-%d9%84%d8%aa%d9%88%d9%81%d9%8a%d8%b1-%d8%a7%d9%84%d9%85%d8%b3%d8%a7\/"},"modified":"2026-01-28T12:22:39","modified_gmt":"2026-01-28T12:22:39","slug":"sechoir-a-linge-retractable-pour-gagner-de-lespace-%d8%b9%d9%84%d8%a7%d9%82%d8%a9-%d9%85%d9%84%d8%a7%d8%a8%d8%b3-%d9%84%d8%aa%d9%88%d9%81%d9%8a%d8%b1-%d8%a7%d9%84%d9%85%d8%b3%d8%a7","status":"publish","type":"product","link":"https:\/\/shoponlinedz.com\/en\/product\/sechoir-a-linge-retractable-pour-gagner-de-lespace-%d8%b9%d9%84%d8%a7%d9%82%d8%a9-%d9%85%d9%84%d8%a7%d8%a8%d8%b3-%d9%84%d8%aa%d9%88%d9%81%d9%8a%d8%b1-%d8%a7%d9%84%d9%85%d8%b3%d8%a7\/","title":{"rendered":"S\u00e9choir \u00e0 Linge R\u00e9tractable pour Gagner de L\u2019espace \u2013 \u0639\u0644\u0627\u0642\u0629 \u0645\u0644\u0627\u0628\u0633 \u0644\u062a\u0648\u0641\u064a\u0631 \u0627\u0644\u0645\u0633\u0627\u062d\u0629"},"content":{"rendered":"<figure class=\"attachment attachment--preview\" data-trix-attachment=\"{&quot;contentType&quot;:&quot;image&quot;,&quot;height&quot;:1024,&quot;url&quot;:&quot;https:\/\/sawa9ly.app\/storage\/62712\/Wall-Hanging-1.jpg&quot;,&quot;width&quot;:1024}\" data-trix-content-type=\"image\"><img decoding=\"async\" class=\"aligncenter\" src=\"https:\/\/sawa9ly.app\/storage\/62712\/Wall-Hanging-1.jpg\" width=\"1024\" height=\"1024\" \/><figcaption class=\"attachment__caption\"><\/figcaption><\/figure>\n<figure class=\"attachment attachment--preview\" data-trix-attachment=\"{&quot;contentType&quot;:&quot;image&quot;,&quot;height&quot;:1024,&quot;url&quot;:&quot;https:\/\/sawa9ly.app\/storage\/62707\/Wall-Hanging-7.jpg&quot;,&quot;width&quot;:1024}\" data-trix-content-type=\"image\"><img decoding=\"async\" class=\"aligncenter\" src=\"https:\/\/sawa9ly.app\/storage\/62707\/Wall-Hanging-7.jpg\" width=\"1024\" height=\"1024\" \/><figcaption class=\"attachment__caption\"><\/figcaption><\/figure>\n<figure class=\"attachment attachment--preview\" data-trix-attachment=\"{&quot;contentType&quot;:&quot;image&quot;,&quot;height&quot;:1024,&quot;url&quot;:&quot;https:\/\/sawa9ly.app\/storage\/62708\/Wall-Hanging-2.jpg&quot;,&quot;width&quot;:1024}\" data-trix-content-type=\"image\"><img decoding=\"async\" class=\"aligncenter\" src=\"https:\/\/sawa9ly.app\/storage\/62708\/Wall-Hanging-2.jpg\" width=\"1024\" height=\"1024\" \/><figcaption class=\"attachment__caption\"><\/figcaption><\/figure>\n<figure class=\"attachment attachment--preview\" data-trix-attachment=\"{&quot;contentType&quot;:&quot;image&quot;,&quot;height&quot;:1024,&quot;url&quot;:&quot;https:\/\/sawa9ly.app\/storage\/62709\/Wall-Hanging-3.jpg&quot;,&quot;width&quot;:1024}\" data-trix-content-type=\"image\"><img decoding=\"async\" class=\"aligncenter\" src=\"https:\/\/sawa9ly.app\/storage\/62709\/Wall-Hanging-3.jpg\" width=\"1024\" height=\"1024\" \/><figcaption class=\"attachment__caption\"><\/figcaption><\/figure>\n<figure class=\"attachment attachment--preview\" data-trix-attachment=\"{&quot;contentType&quot;:&quot;image&quot;,&quot;height&quot;:1024,&quot;url&quot;:&quot;https:\/\/sawa9ly.app\/storage\/62710\/Wall-Hanging-4.jpg&quot;,&quot;width&quot;:1024}\" data-trix-content-type=\"image\"><img decoding=\"async\" class=\"aligncenter\" src=\"https:\/\/sawa9ly.app\/storage\/62710\/Wall-Hanging-4.jpg\" width=\"1024\" height=\"1024\" \/><figcaption class=\"attachment__caption\"><\/figcaption><\/figure>\n<p style=\"text-align: center;\">","protected":false},"excerpt":{"rendered":"<p>\ud83e\uddfa \u0639\u0644\u0627\u0651\u0642\u0629 \u0645\u0637\u0648\u064a\u0629 \u0645\u0646 \u0627\u0644\u0623\u0644\u0645\u0646\u064a\u0648\u0645 \u2013 \u0639\u0645\u0644\u064a\u0629\u060c \u0642\u0648\u064a\u0629 \u0648\u062a\u7bc0 \u00e9conomise l\u2019espace\u0639\u0644\u0627\u0651\u0642\u0629 \u0645\u0628\u062a\u0643\u0631\u0629 \u0628\u062a\u0635\u0645\u064a\u0645 \u0642\u0627\u0628\u0644 \u0644\u0644\u0637\u064a \u062a\u0633\u0645\u062d \u0644\u0643 \u062a\u0648\u0641\u0651\u0631 \u0627\u0644\u0645\u0633\u0627\u062d\u0629 \u0648\u062a\u0633\u062a\u063a\u0644 \u0623\u064a \u0645\u0643\u0627\u0646 \u062d\u062a\u0649 \u0644\u0648 \u0643\u0627\u0646 \u0635\u063a\u064a\u0631. \u0645\u0635\u0646\u0648\u0639\u0629 \u0645\u0646 \u0623\u0644\u0648\u0645\u0646\u064a\u0648\u0645 \u0641\u0636\u0627\u0626\u064a \u062e\u0641\u064a\u0641 \u0644\u0643\u0646\u0647 \u0642\u0648\u064a \u0648\u0645\u0642\u0627\u0648\u0645 \u0644\u0644\u062a\u0622\u0643\u0644\u060c \u0648\u062a\u062a\u062d\u0645\u0644 \u0648\u0632\u0646 \u0643\u0628\u064a\u0631 \u0645\u0639 \u062a\u062b\u0628\u064a\u062a \u0622\u0645\u0646 \u0641\u064a \u0627\u0644\u062d\u0627\u0626\u0637. \u062a\u062c\u064a \u0645\u0639 \u0645\u0633\u0627\u0645\u064a\u0631 \u0645\u0646 \u0627\u0644\u0633\u062a\u0627\u0646\u0644\u0633 \u0633\u062a\u064a\u0644 \u0642\u0627\u0628\u0644\u0629 \u0644\u0644\u0637\u064a \u0645\u0627 \u062a\u062d\u062a\u0627\u062c\u0647\u0627\u0634 \u062a\u0628\u0642\u0649 \u0628\u0627\u0631\u0632\u0629.\ud83d\udd25 \u0627\u0644\u0645\u0645\u064a\u0632\u0627\u062a \u0627\u0644\u0631\u0626\u064a\u0633\u064a\u0629\ud83d\udccf \u062d\u062c\u0645 \u0635\u063a\u064a\u0631 + \u062a\u0635\u0645\u064a\u0645 \u0642\u0627\u0628\u0644 \u0644\u0644\u0637\u064a \u062a\u062a\u0641\u062a\u062d \u0643\u064a \u062a\u062d\u062a\u0627\u062c\u0647\u0627\u060c \u0648\u062a\u062a\u0644\u0651\u0641 \u0643\u064a \u062a\u0643\u0645\u0651\u0644\u060c \u0645\u0627 \u062a\u0627\u062e\u0630 \u062d\u062a\u0649 \u0645\u0633\u0627\u062d\u0629 \u2728\ud83d\udee1 \u0645\u0642\u0627\u0648\u0645\u0629 \u0644\u0644\u062a\u0622\u0643\u0644 \u0648 \u0648\u0632\u0646 \u062b\u0642\u064a\u0644 \u0645\u0635\u0646\u0648\u0639\u0629 \u0645\u0646 \u0623\u0644\u0648\u0645\u0646\u064a\u0648\u0645 \u0642\u0648\u064a \u064a\u062a\u062d\u0645\u0644 \u062d\u062a\u0649 50kg \u0641\u064a \u0623\u0648\u0651\u0644 \u0642\u0637\u0639\u062a\u064a\u0646.\ud83d\udd29 \u062a\u062b\u0628\u064a\u062a \u0645\u0631\u0646 \u0648 \u0645\u0646\u0627\u0633\u0628 \u0644\u0623\u064a \u0645\u0633\u0627\u062d\u0629 \u064a\u0645\u0643\u0646 \u062a\u0631\u0643\u064a\u0628\u0647\u0627 \u0641\u064a \u0627\u0644\u062d\u0645\u0627\u0645\u060c \u0627\u0644\u0628\u0627\u0644\u0643\u0648\u0646\u060c \u0623\u0648 \u062d\u062a\u0649 \u0641\u064a \u0623\u0645\u0627\u0643\u0646 \u0636\u064a\u0642\u0629.\u2699 \u0645\u0633\u0627\u0645\u064a\u0631 \u0633\u062a\u0627\u0646\u0644\u0633 \u0633\u062a\u064a\u0644 \u0642\u0627\u0628\u0644\u0629 \u0644\u0644\u063a\u0644\u0642 \u0645\u0627 \u064a\u0635\u062f\u0651\u0648\u0634 \u0648\u0645\u0646\u0627\u0633\u0628\u064a\u0646 \u0644\u0644\u0627\u0633\u062a\u0639\u0645\u0627\u0644 \u0627\u0644\u0637\u0648\u064a\u0644.\ud83d\udccc \u0627\u0644\u0645\u0648\u0627\u0635\u0641\u0627\u062a \u0627\u0644\u062a\u0642\u0646\u064a\u0629\u0627\u0644\u062e\u0627\u0635\u064a\u0629\u0627\u0644\u062a\u0641\u0627\u0635\u064a\u0644\u0627\u0644\u0645\u0627\u062f\u0629 | \u0623\u0644\u0648\u0645\u0646\u064a\u0648\u0645 \u0641\u0636\u0627\u0626\u064a\u0637\u0631\u064a\u0642\u0629 \u0627\u0644\u062a\u062b\u0628\u064a\u062a | \u062a\u062b\u0628\u064a\u062a \u0628\u0627\u0644\u0645\u0633\u0627\u0645\u064a\u0631 (\u062d\u0641\u0631)\u0627\u0644\u0642\u062f\u0631\u0629 \u0639\u0644\u0649 \u0627\u0644\u062a\u062d\u0645\u0644 | \u062d\u062a\u0649 50 \u0643\u0644\u063a \u0644\u0623\u0648\u0644 \u0642\u0637\u0639\u062a\u064a\u0646\u0645\u0643\u0627\u0646 \u0627\u0644\u0627\u0633\u062a\u0639\u0645\u0627\u0644 | \u0628\u0627\u0644\u0643\u0648\u0646\u060c \u062d\u0645\u0651\u0627\u0645\u060c \u063a\u0631\u0641\u0629\u060c \u0648\u0631\u0634\u0629\u0645\u0642\u0627\u0648\u0645\u0629 \u0644\u0644\u062a\u0622\u0643\u0644 | \u0646\u0639\u0645\u0627\u0644\u0623\u0628\u0639\u0627\u062f | \u062d\u0633\u0628 \u0627\u0644\u0635\u0648\u0631\ud83d\udce6 \u0645\u062d\u062a\u0648\u0649 \u0627\u0644\u0639\u0644\u0628\u06291 \u00d7 \u0639\u0644\u0627\u0651\u0642\u0629 \u0623\u0644\u0645\u0646\u064a\u0648\u0645 \u0642\u0627\u0628\u0644\u0629 \u0644\u0644\u0637\u064a1 \u00d7 \u0645\u062c\u0645\u0648\u0639\u0629 \u0645\u0633\u0627\u0645\u064a\u0631 \u062a\u062b\u0628\u064a\u062a\u26a0 \u0645\u0644\u0627\u062d\u0638\u0627\u062a\u0645\u0645\u0643\u0646 \u064a\u062e\u062a\u0644\u0641 \u0627\u0644\u0644\u0648\u0646 \u0642\u0644\u064a\u0644\u064b\u0627 \u0628\u0633\u0628\u0628 \u0627\u0644\u0625\u0636\u0627\u0621\u0629 \u0648\u0627\u0644\u0634\u0627\u0634\u0629\u062e\u0637\u0623 \u0642\u064a\u0627\u0633 \u0628\u0633\u064a\u0637 \u0645\u0646 1 \u0625\u0644\u0649 3 \u0633\u0645 \u0648\u0627\u0631\u062f<\/p>","protected":false},"featured_media":46002,"comment_status":"open","ping_status":"closed","template":"","meta":[],"product_brand":[],"product_cat":[2455],"product_tag":[],"class_list":{"0":"post-46003","1":"product","2":"type-product","3":"status-publish","4":"has-post-thumbnail","6":"product_cat-maison","8":"first","9":"instock","10":"sale","11":"taxable","12":"shipping-taxable","13":"purchasable","14":"product-type-simple"},"jetpack_sharing_enabled":true,"_links":{"self":[{"href":"https:\/\/shoponlinedz.com\/en\/wp-json\/wp\/v2\/product\/46003","targetHints":{"allow":["GET"]}}],"collection":[{"href":"https:\/\/shoponlinedz.com\/en\/wp-json\/wp\/v2\/product"}],"about":[{"href":"https:\/\/shoponlinedz.com\/en\/wp-json\/wp\/v2\/types\/product"}],"replies":[{"embeddable":true,"href":"https:\/\/shoponlinedz.com\/en\/wp-json\/wp\/v2\/comments?post=46003"}],"version-history":[{"count":0,"href":"https:\/\/shoponlinedz.com\/en\/wp-json\/wp\/v2\/product\/46003\/revisions"}],"wp:featuredmedia":[{"embeddable":true,"href":"https:\/\/shoponlinedz.com\/en\/wp-json\/wp\/v2\/media\/46002"}],"wp:attachment":[{"href":"https:\/\/shoponlinedz.com\/en\/wp-json\/wp\/v2\/media?parent=46003"}],"wp:term":[{"taxonomy":"product_brand","embeddable":true,"href":"https:\/\/shoponlinedz.com\/en\/wp-json\/wp\/v2\/product_brand?post=46003"},{"taxonomy":"product_cat","embeddable":true,"href":"https:\/\/shoponlinedz.com\/en\/wp-json\/wp\/v2\/product_cat?post=46003"},{"taxonomy":"product_tag","embeddable":true,"href":"https:\/\/shoponlinedz.com\/en\/wp-json\/wp\/v2\/product_tag?post=46003"}],"curies":[{"name":"wp","href":"https:\/\/api.w.org\/{rel}","templated":true}]}}