{"id":45991,"date":"2026-01-05T15:03:31","date_gmt":"2026-01-05T15:03:31","guid":{"rendered":"https:\/\/shoponlinedz.com\/product\/mini-fer-a-repasser-portable-avec-temperature-reglable-%d9%85%d9%83%d9%88%d8%a7%d8%a9-%d9%85%d9%84%d8%a7%d8%a8%d8%b3-%d9%85%d8%ad%d9%85%d9%88%d9%84%d8%a9\/"},"modified":"2026-01-28T12:22:39","modified_gmt":"2026-01-28T12:22:39","slug":"mini-fer-a-repasser-portable-avec-temperature-reglable-%d9%85%d9%83%d9%88%d8%a7%d8%a9-%d9%85%d9%84%d8%a7%d8%a8%d8%b3-%d9%85%d8%ad%d9%85%d9%88%d9%84%d8%a9","status":"publish","type":"product","link":"https:\/\/shoponlinedz.com\/en\/product\/mini-fer-a-repasser-portable-avec-temperature-reglable-%d9%85%d9%83%d9%88%d8%a7%d8%a9-%d9%85%d9%84%d8%a7%d8%a8%d8%b3-%d9%85%d8%ad%d9%85%d9%88%d9%84%d8%a9\/","title":{"rendered":"Mini Fer \u00e0 Repasser Portable avec Temp\u00e9rature R\u00e9glable \u2013 \u0645\u0643\u0648\u0627\u0629 \u0645\u0644\u0627\u0628\u0633 \u0645\u062d\u0645\u0648\u0644\u0629"},"content":{"rendered":"<figure class=\"attachment attachment--preview\" data-trix-attachment=\"{&quot;contentType&quot;:&quot;image&quot;,&quot;height&quot;:1024,&quot;url&quot;:&quot;https:\/\/sawa9ly.app\/storage\/62731\/F001-Iron-cnc.jpg&quot;,&quot;width&quot;:1024}\" data-trix-content-type=\"image\"><img decoding=\"async\" class=\"aligncenter\" src=\"https:\/\/sawa9ly.app\/storage\/62731\/F001-Iron-cnc.jpg\" width=\"1024\" height=\"1024\" \/><figcaption class=\"attachment__caption\"><\/figcaption><\/figure>\n<figure class=\"attachment attachment--preview\" data-trix-attachment=\"{&quot;contentType&quot;:&quot;image&quot;,&quot;height&quot;:1024,&quot;url&quot;:&quot;https:\/\/sawa9ly.app\/storage\/62732\/F001-Iron-9.jpg&quot;,&quot;width&quot;:1024}\" data-trix-content-type=\"image\"><img decoding=\"async\" class=\"aligncenter\" src=\"https:\/\/sawa9ly.app\/storage\/62732\/F001-Iron-9.jpg\" width=\"1024\" height=\"1024\" \/><figcaption class=\"attachment__caption\"><\/figcaption><\/figure>\n<figure class=\"attachment attachment--preview\" data-trix-attachment=\"{&quot;contentType&quot;:&quot;image&quot;,&quot;height&quot;:1024,&quot;url&quot;:&quot;https:\/\/sawa9ly.app\/storage\/62733\/F001-Iron-2.jpg&quot;,&quot;width&quot;:1024}\" data-trix-content-type=\"image\"><img decoding=\"async\" class=\"aligncenter\" src=\"https:\/\/sawa9ly.app\/storage\/62733\/F001-Iron-2.jpg\" width=\"1024\" height=\"1024\" \/><figcaption class=\"attachment__caption\"><\/figcaption><\/figure>\n<figure class=\"attachment attachment--preview\" data-trix-attachment=\"{&quot;contentType&quot;:&quot;image&quot;,&quot;height&quot;:1024,&quot;url&quot;:&quot;https:\/\/sawa9ly.app\/storage\/62734\/F001-Iron-8.jpg&quot;,&quot;width&quot;:1024}\" data-trix-content-type=\"image\"><img decoding=\"async\" class=\"aligncenter\" src=\"https:\/\/sawa9ly.app\/storage\/62734\/F001-Iron-8.jpg\" width=\"1024\" height=\"1024\" \/><figcaption class=\"attachment__caption\"><\/figcaption><\/figure>\n<figure class=\"attachment attachment--preview\" data-trix-attachment=\"{&quot;contentType&quot;:&quot;image&quot;,&quot;height&quot;:1024,&quot;url&quot;:&quot;https:\/\/sawa9ly.app\/storage\/62735\/F001-Iron-6.jpg&quot;,&quot;width&quot;:1024}\" data-trix-content-type=\"image\"><img decoding=\"async\" class=\"aligncenter\" src=\"https:\/\/sawa9ly.app\/storage\/62735\/F001-Iron-6.jpg\" width=\"1024\" height=\"1024\" \/><figcaption class=\"attachment__caption\"><\/figcaption><\/figure>\n<p style=\"text-align: center;\">","protected":false},"excerpt":{"rendered":"<p>\ud83d\udd25 \u0645\u0643\u0648\u0627\u0629 \u0635\u063a\u064a\u0631\u0629 \u0645\u062a\u0639\u062f\u062f\u0629 \u0627\u0644\u0627\u0633\u062a\u0639\u0645\u0627\u0644\u0627\u062a \u0642\u0627\u0628\u0644\u0629 \u0644\u0644\u0637\u064a\u062d\u0644 \u0639\u0645\u0644\u064a \u0648\u0633\u0631\u064a\u0639 \u0644\u0644\u0643\u0648\u064a \u0627\u0644\u064a\u0648\u0645\u064a\u060c \u062e\u0627\u0635\u0629 \u0644\u0644\u0645\u0646\u0627\u0637\u0642 \u0627\u0644\u0635\u0639\u0628\u0629 \u0645\u062b\u0644 \u0627\u0644\u0623\u0643\u0645\u0627\u0645\u060c \u0627\u0644\u064a\u0627\u0642\u0627\u062a\u060c \u0627\u0644\u0642\u0641\u0627\u0632\u0627\u062a\u060c \u0627\u0644\u0642\u0628\u0639\u0627\u062a \u0648\u062d\u062a\u0649 \u0627\u0644\u0623\u0634\u063a\u0627\u0644 \u0627\u0644\u064a\u062f\u0648\u064a\u0629. \u062a\u0635\u0645\u064a\u0645 \u0635\u063a\u064a\u0631\u060c \u0630\u0643\u064a \u0648\u0633\u0647\u0644 \u0627\u0644\u062d\u0645\u0644 \u0623\u064a\u0646\u0645\u0627 \u062a\u0631\u0648\u062d.\ud83d\udd27 \u0645\u062a\u0639\u062f\u062f\u0629 \u0627\u0644\u0627\u0633\u062a\u062e\u062f\u0627\u0645\u0627\u062a\u062a\u0642\u062f\u0631 \u062a\u0643\u0648\u064a \u0628\u0647\u0627 \u0645\u0646\u0627\u0637\u0642 \u062f\u0642\u064a\u0642\u0629 \u064a\u0635\u0639\u0628 \u0627\u0644\u0648\u0635\u0648\u0644 \u0644\u0647\u0627 \u0628\u0645\u0643\u0648\u0627\u0629 \u0639\u0627\u062f\u064a\u0629: \u0627\u0644\u0623\u0643\u0645\u0627\u0645\u060c \u0627\u0644\u064a\u0627\u0642\u0627\u062a\u060c \u0627\u0644\u0633\u0631\u0627\u0648\u064a\u0644\u060c \u0627\u0644\u0642\u0628\u0639\u0627\u062a \u0648\u062d\u062a\u0649 \u0645\u0634\u0627\u0631\u064a\u0639 \u0627\u0644\u0643\u0631\u0627\u0641\u062a \u0648\u0627\u0644\u062e\u064a\u0627\u0637\u0629.\ud83d\udc5c \u062a\u0635\u0645\u064a\u0645 \u0645\u062d\u0645\u0648\u0644 \u0648\u0642\u0627\u0628\u0644 \u0644\u0644\u0637\u064a\u062d\u062c\u0645\u0647\u0627 \u0623\u0635\u063a\u0631 \u0645\u0646 \u0627\u0644\u064a\u062f \u0648\u064a\u062a\u0637\u0628\u0642 \u0628\u0643\u0644 \u0633\u0647\u0648\u0644\u0629 \u0628\u0627\u0634 \u062a\u062f\u062e\u0644 \u0641\u064a \u0623\u064a \u062d\u0642\u064a\u0628\u0629 \u0633\u0641\u0631 \u0623\u0648 \u062d\u0642\u064a\u0628\u0629 \u064a\u062f \u2014 \u0645\u062b\u0627\u0644\u064a\u0629 \u0644\u0644\u0631\u062d\u0644\u0627\u062a \u0623\u0648 \u0627\u0644\u0627\u0633\u062a\u0639\u0645\u0627\u0644 \u0627\u0644\u0633\u0631\u064a\u0639 \u0641\u0627\u0644\u062f\u0627\u0631.\ud83d\udccc \u0645\u0642\u0628\u0636 \u0642\u0627\u0628\u0644 \u0644\u0644\u0625\u0632\u0627\u0644\u0629\u0627\u0644\u0645\u0642\u0628\u0636 \u064a\u0646\u0646\u0632\u0639 \u0648\u064a\u062a\u062d\u0648\u0651\u0644 \u0644\u0642\u0627\u0639\u062f\u0629 \u062f\u0639\u0645\u060c \u0628\u0627\u0634 \u062a\u062e\u0632\u0646 \u0627\u0644\u0645\u0643\u0648\u0627\u0629 \u0628\u0633\u0647\u0648\u0644\u0629 \u0648\u0628\u062f\u0648\u0646 \u0645\u0627 \u062a\u0627\u062e\u0630 \u0645\u0633\u0627\u062d\u0629.\ud83c\udf21 \u062b\u0644\u0627\u062b \u0645\u0633\u062a\u0648\u064a\u0627\u062a \u062d\u0631\u0627\u0631\u0629\u0627\u062e\u062a\u0627\u0631\u064a \u0627\u0644\u062d\u0631\u0627\u0631\u0629 \u0627\u0644\u0645\u0646\u0627\u0633\u0628\u0629 \u0644\u0643\u0644 \u0646\u0648\u0639 \u0642\u0645\u0627\u0634:\u0627\u0644\u062d\u0631\u0627\u0631\u0629\u0645\u0646\u0627\u0633\u0628 \u0644\u064080\u00b0\u2013120\u00b0 | \u0627\u0644\u0642\u0637\u0646\u060c \u0627\u0644\u0646\u0627\u064a\u0644\u0648\u0646\u060c \u0627\u0644\u0628\u0648\u0644\u064a\u0633\u062a\u0631140\u00b0\u2013160\u00b0 | \u0627\u0644\u0635\u0648\u0641\u060c \u0627\u0644\u0642\u0637\u0646 \u0627\u0644\u0633\u0645\u064a\u0643180\u00b0 | \u0627\u0644\u0643\u062a\u0627\u0646 (LIN)\u062a\u062d\u0643\u0645 \u062f\u0642\u064a\u0642 \u0628\u0627\u0634 \u062a\u062d\u0627\u0641\u0638\u064a \u0639\u0644\u0649 \u0627\u0644\u0623\u0642\u0645\u0634\u0629 \u0628\u062f\u0648\u0646 \u062d\u0631\u0642.\u2728 \u062a\u0632\u064a\u0644 \u0627\u0644\u062a\u062c\u0627\u0639\u064a\u062f \u0628\u0641\u0639\u0627\u0644\u064a\u0629\u062a\u0633\u062e\u0646 \u0628\u0633\u0631\u0639\u0629 \u0648\u062a\u0643\u0648\u064a \u0627\u0644\u062a\u062c\u0627\u0639\u064a\u062f \u0641\u064a \u0627\u0644\u0645\u0644\u0627\u0628\u0633 \u0648\u0627\u0644\u0623\u0642\u0645\u0634\u0629 \u0627\u0644\u064a\u062f\u0648\u064a\u0629 \u0648\u062a\u0639\u0637\u064a \u0645\u0638\u0647\u0631 \u0645\u0631\u062a\u0628 \u0648\u0645\u0646\u0633\u0651\u0642 \u0641\u064a \u062b\u0648\u0627\u0646\u064a.\ud83d\udccd \u0627\u0644\u0645\u0648\u0627\u0635\u0641\u0627\u062a \u0627\u0644\u062a\u0642\u0646\u064a\u0629\u0627\u0644\u062e\u0627\u0635\u064a\u0629\u0627\u0644\u062a\u0641\u0627\u0635\u064a\u0644\u0646\u0648\u0639 \u0627\u0644\u0645\u0646\u062a\u062c | \u0645\u0643\u0648\u0627\u0629 \u0643\u0647\u0631\u0628\u0627\u0626\u064a\u0629 \u0645\u0635\u063a\u0631\u0629\u0627\u0644\u0645\u0648\u0627\u062f | ABS + \u0623\u0644\u0648\u0645\u0646\u064a\u0648\u0645\u0627\u0644\u0648\u0632\u0646 | 365\u063a\u0627\u0644\u0623\u0628\u0639\u0627\u062f | 15\u00d78 \u0633\u0645\u0627\u0644\u062d\u0631\u0627\u0631\u0629 | 80\u00b0 \u2192 180\u00b0\u0642\u0627\u0628\u0644 \u0644\u0644\u0637\u064a | \u0646\u0639\u0645\u0645\u0642\u0628\u0636 \u0642\u0627\u0628\u0644 \u0644\u0644\u0625\u0632\u0627\u0644\u0629 | \u0646\u0639\u0645\ud83d\udce6 \u0645\u0627\u0630\u0627 \u062a\u062d\u062a\u0648\u064a \u0627\u0644\u0639\u0644\u0628\u0629\u061f\u0645\u0643\u0648\u0627\u0629 \u0643\u0647\u0631\u0628\u0627\u0626\u064a\u0629 \u0635\u063a\u064a\u0631\u0629\u0645\u0642\u0628\u0636 \u0642\u0627\u0628\u0644 \u0644\u0644\u0625\u0632\u0627\u0644\u0629\u062f\u0644\u064a\u0644 \u0627\u0644\u0627\u0633\u062a\u0639\u0645\u0627\u0644<\/p>","protected":false},"featured_media":45990,"comment_status":"open","ping_status":"closed","template":"","meta":[],"product_brand":[],"product_cat":[2455],"product_tag":[],"class_list":{"0":"post-45991","1":"product","2":"type-product","3":"status-publish","4":"has-post-thumbnail","6":"product_cat-maison","8":"first","9":"instock","10":"sale","11":"taxable","12":"shipping-taxable","13":"purchasable","14":"product-type-simple"},"jetpack_sharing_enabled":true,"_links":{"self":[{"href":"https:\/\/shoponlinedz.com\/en\/wp-json\/wp\/v2\/product\/45991","targetHints":{"allow":["GET"]}}],"collection":[{"href":"https:\/\/shoponlinedz.com\/en\/wp-json\/wp\/v2\/product"}],"about":[{"href":"https:\/\/shoponlinedz.com\/en\/wp-json\/wp\/v2\/types\/product"}],"replies":[{"embeddable":true,"href":"https:\/\/shoponlinedz.com\/en\/wp-json\/wp\/v2\/comments?post=45991"}],"version-history":[{"count":0,"href":"https:\/\/shoponlinedz.com\/en\/wp-json\/wp\/v2\/product\/45991\/revisions"}],"wp:featuredmedia":[{"embeddable":true,"href":"https:\/\/shoponlinedz.com\/en\/wp-json\/wp\/v2\/media\/45990"}],"wp:attachment":[{"href":"https:\/\/shoponlinedz.com\/en\/wp-json\/wp\/v2\/media?parent=45991"}],"wp:term":[{"taxonomy":"product_brand","embeddable":true,"href":"https:\/\/shoponlinedz.com\/en\/wp-json\/wp\/v2\/product_brand?post=45991"},{"taxonomy":"product_cat","embeddable":true,"href":"https:\/\/shoponlinedz.com\/en\/wp-json\/wp\/v2\/product_cat?post=45991"},{"taxonomy":"product_tag","embeddable":true,"href":"https:\/\/shoponlinedz.com\/en\/wp-json\/wp\/v2\/product_tag?post=45991"}],"curies":[{"name":"wp","href":"https:\/\/api.w.org\/{rel}","templated":true}]}}