{"id":45789,"date":"2026-01-05T14:57:38","date_gmt":"2026-01-05T14:57:38","guid":{"rendered":"https:\/\/shoponlinedz.com\/product\/applique-murale-moderne-a-intensite-variable-avec-a-180-degree-%d9%85%d8%b5%d8%a8%d8%a7%d8%ad-%d8%ba%d8%b1%d9%81-%d8%a7%d9%84%d9%86%d9%88%d9%85\/"},"modified":"2026-01-28T12:22:48","modified_gmt":"2026-01-28T12:22:48","slug":"applique-murale-moderne-a-intensite-variable-avec-a-180-degree-%d9%85%d8%b5%d8%a8%d8%a7%d8%ad-%d8%ba%d8%b1%d9%81-%d8%a7%d9%84%d9%86%d9%88%d9%85","status":"publish","type":"product","link":"https:\/\/shoponlinedz.com\/en\/product\/applique-murale-moderne-a-intensite-variable-avec-a-180-degree-%d9%85%d8%b5%d8%a8%d8%a7%d8%ad-%d8%ba%d8%b1%d9%81-%d8%a7%d9%84%d9%86%d9%88%d9%85\/","title":{"rendered":"Applique murale moderne \u00e0 intensit\u00e9 variable avec \u00e0 180 d\u00e9gr\u00e9e \u2013 \u0645\u0635\u0628\u0627\u062d \u063a\u0631\u0641 \u0627\u0644\u0646\u0648\u0645"},"content":{"rendered":"<figure class=\"attachment attachment--preview\" data-trix-attachment=\"{&quot;contentType&quot;:&quot;image&quot;,&quot;height&quot;:1024,&quot;url&quot;:&quot;https:\/\/sawa9ly.app\/storage\/63205\/Gold-Lamp-cnc.jpg&quot;,&quot;width&quot;:1024}\" data-trix-content-type=\"image\"><img decoding=\"async\" class=\"aligncenter\" src=\"https:\/\/sawa9ly.app\/storage\/63205\/Gold-Lamp-cnc.jpg\" width=\"1024\" height=\"1024\" \/><figcaption class=\"attachment__caption\"><\/figcaption><\/figure>\n<figure class=\"attachment attachment--preview\" data-trix-attachment=\"{&quot;contentType&quot;:&quot;image&quot;,&quot;height&quot;:1024,&quot;url&quot;:&quot;https:\/\/sawa9ly.app\/storage\/63206\/Gold-Lamp-2.jpg&quot;,&quot;width&quot;:1024}\" data-trix-content-type=\"image\"><img decoding=\"async\" class=\"aligncenter\" src=\"https:\/\/sawa9ly.app\/storage\/63206\/Gold-Lamp-2.jpg\" width=\"1024\" height=\"1024\" \/><figcaption class=\"attachment__caption\"><\/figcaption><\/figure>\n<figure class=\"attachment attachment--preview\" data-trix-attachment=\"{&quot;contentType&quot;:&quot;image&quot;,&quot;height&quot;:1024,&quot;url&quot;:&quot;https:\/\/sawa9ly.app\/storage\/63386\/HFG55.jpeg&quot;,&quot;width&quot;:1024}\" data-trix-content-type=\"image\"><img decoding=\"async\" class=\"aligncenter\" src=\"https:\/\/sawa9ly.app\/storage\/63386\/HFG55.jpeg\" width=\"1024\" height=\"1024\" \/><figcaption class=\"attachment__caption\"><\/figcaption><\/figure>\n<figure class=\"attachment attachment--preview\" data-trix-attachment=\"{&quot;contentType&quot;:&quot;image&quot;,&quot;height&quot;:1024,&quot;url&quot;:&quot;https:\/\/sawa9ly.app\/storage\/63387\/HFG5.jpeg&quot;,&quot;width&quot;:1024}\" data-trix-content-type=\"image\"><img decoding=\"async\" class=\"aligncenter\" src=\"https:\/\/sawa9ly.app\/storage\/63387\/HFG5.jpeg\" width=\"1024\" height=\"1024\" \/><figcaption class=\"attachment__caption\"><\/figcaption><\/figure>\n<figure class=\"attachment attachment--preview\" data-trix-attachment=\"{&quot;contentType&quot;:&quot;image&quot;,&quot;height&quot;:1024,&quot;url&quot;:&quot;https:\/\/sawa9ly.app\/storage\/63388\/HFG555.jpeg&quot;,&quot;width&quot;:1024}\" data-trix-content-type=\"image\"><img decoding=\"async\" class=\"aligncenter\" src=\"https:\/\/sawa9ly.app\/storage\/63388\/HFG555.jpeg\" width=\"1024\" height=\"1024\" \/><figcaption class=\"attachment__caption\"><\/figcaption><\/figure>\n<p style=\"text-align: center;\">","protected":false},"excerpt":{"rendered":"<p>\u2728 \u0623\u0636\u0641 \u0644\u0645\u0633\u0629 \u0645\u0646 \u0627\u0644\u0641\u062e\u0627\u0645\u0629 \u0627\u0644\u0639\u0635\u0631\u064a\u0629 \u0625\u0644\u0649 \u0645\u0646\u0632\u0644\u0643\u0627\u0643\u062a\u0634\u0641 \u0647\u0630\u0647 \u0627\u0644 appliqu\u00e9 murale LED \u0630\u0627\u062a \u0627\u0644\u062a\u0635\u0645\u064a\u0645 \u0627\u0644\u0646\u062d\u062a\u064a \u0627\u0644\u0631\u0627\u0642\u064a\u060c \u0648\u0627\u0644\u0645\u062c\u0647\u0632\u0629 \u0628\u0642\u0648\u0633\u064a\u0646 \u0636\u0648\u0626\u064a\u064a\u0646 \u0645\u0631\u0646\u064a\u0646 \u0648 \u0644\u0650\u064a\u0632\u0652\u0627\u0632\u064e\u0629 LED \u0642\u0627\u0628\u0644\u0629 \u0644\u0644\u062a\u0648\u062c\u064a\u0647. \u062a\u062c\u0645\u0639 \u0628\u064a\u0646 \u0627\u0644\u062c\u0645\u0627\u0644 \u0648\u0627\u0644\u0639\u0645\u0644\u064a\u0629 \u0644\u062a\u0645\u0646\u062d\u0643 \u0625\u0636\u0627\u0621\u0629 \u062f\u0627\u0641\u0626\u0629 \u0648\u0647\u0627\u062f\u0626\u0629\u060c \u0645\u0639 \u0636\u0648\u0621 \u0645\u0648\u062c\u0651\u0647 \u0645\u062b\u0627\u0644\u064a \u0644\u0644\u0642\u0631\u0627\u0621\u0629.\ud83d\udcdd \u0627\u0644\u0648\u0635\u0641 :\u062a\u062a\u0645\u064a\u0632 \u0647\u0630\u0647 \u0627\u0644\u0623\u0628\u0644\u064a\u0643 \u0628\u0647\u064a\u0643\u0644 \u0645\u0639\u062f\u0646\u064a \u0631\u0627\u0642\u064d \u0628\u0644\u0645\u0633\u0629 \u0630\u0647\u0628\u064a\u0629\u060c \u0645\u0639 \u0623\u0646\u0628\u0648\u0628\u064a\u0646 \u0636\u0648\u0626\u064a\u064a\u0646 \u0645\u0636\u0641\u0631\u064a\u0646 \u064a\u0642\u062f\u0651\u0645\u0627\u0646 \u0625\u0636\u0627\u0621\u0629 \u0646\u0627\u0639\u0645\u0629 \u0648\u0645\u062a\u062c\u0627\u0646\u0633\u0629. \u0627\u0644\u0644\u0651\u0650\u064a\u0632\u0627\u0632\u064e\u0629 \u0627\u0644\u0645\u062f\u0645\u062c\u0629 \u062a\u0645\u0646\u062d\u0643 \u0636\u0648\u0621\u0627\u064b \u062f\u0642\u064a\u0642\u0627\u064b \u062f\u0648\u0646 \u0625\u0632\u0639\u0627\u062c \u0628\u0627\u0642\u064a \u0627\u0644\u063a\u0631\u0641\u0629. \u0628\u0641\u0636\u0644 \u0644\u0648\u062d\u0629 \u0627\u0644\u0644\u0645\u0633 \u0627\u0644\u0630\u0643\u064a\u0629\u060c \u064a\u0645\u0643\u0646\u0643 \u0627\u0644\u062a\u062d\u0643\u0645 \u0628\u0633\u0647\u0648\u0644\u0629 \u0641\u064a \u0634\u062f\u0629 \u0627\u0644\u0625\u0636\u0627\u0621\u0629 \u0648\u062c\u0645\u064a\u0639 \u0627\u0644\u0648\u0638\u0627\u0626\u0641 \u0644\u0644\u062d\u0635\u0648\u0644 \u0639\u0644\u0649 \u062a\u062c\u0631\u0628\u0629 \u0627\u0633\u062a\u062e\u062f\u0627\u0645 \u0645\u0631\u064a\u062d\u0629 \u0648\u0645\u062a\u0643\u0627\u0645\u0644\u0629.\u2b50 \u0627\u0644\u0645\u064a\u0632\u0627\u062a :\u062a\u0635\u0645\u064a\u0645 \u0639\u0635\u0631\u064a \u0628\u0644\u0645\u0633\u0629 \u0630\u0647\u0628\u064a\u0629 \u0641\u0627\u062e\u0631\u0629\u0642\u0648\u0633\u0627\u0646 \u0636\u0648\u0626\u064a\u0627\u0646 LED \u0628\u0625\u0646\u0627\u0631\u0629 \u062f\u0627\u0641\u0626\u0629 \u0648\u062c\u0645\u0627\u0644\u064a\u0629\u0644\u0650\u064a\u0632\u0627\u0632\u064e\u0629 LED \u0642\u0627\u0628\u0644\u0629 \u0644\u0644\u062a\u0648\u062c\u064a\u0647 \u0644\u0644\u0642\u0631\u0627\u0621\u0629\u0644\u0648\u062d\u0629 \u0644\u0645\u0633 \u0644\u0644\u062a\u062d\u0643\u0645 \u0641\u064a \u0627\u0644\u0625\u0636\u0627\u0621\u0629 \u0648\u0627\u0644\u0648\u0638\u0627\u0626\u0641\u062a\u0648\u0632\u064a\u0639 \u0636\u0648\u0626\u064a \u0646\u0627\u0639\u0645 \u0648\u0645\u062b\u0627\u0644\u064a \u0644\u063a\u0631\u0641 \u0627\u0644\u0646\u0648\u0645 \u0648\u0627\u0644\u0635\u0627\u0644\u0648\u0646\u0627\u062a\u062a\u062b\u0628\u064a\u062a \u062c\u062f\u0627\u0631\u064a \u0633\u0647\u0644 \u0648\u0633\u0631\u064a\u0639\u0645\u0648\u0627\u062f \u0639\u0627\u0644\u064a\u0629 \u0627\u0644\u062c\u0648\u062f\u0629 \u0648\u0645\u062a\u064a\u0646\u0629\ud83d\udccf \u0627\u0644\u0623\u0628\u0639\u0627\u062f :30 \u00d7 15 \u0633\u0645<\/p>","protected":false},"featured_media":45788,"comment_status":"open","ping_status":"closed","template":"","meta":[],"product_brand":[],"product_cat":[2460],"product_tag":[],"class_list":{"0":"post-45789","1":"product","2":"type-product","3":"status-publish","4":"has-post-thumbnail","6":"product_cat-decoration","8":"first","9":"instock","10":"sale","11":"taxable","12":"shipping-taxable","13":"purchasable","14":"product-type-simple"},"jetpack_sharing_enabled":true,"_links":{"self":[{"href":"https:\/\/shoponlinedz.com\/en\/wp-json\/wp\/v2\/product\/45789","targetHints":{"allow":["GET"]}}],"collection":[{"href":"https:\/\/shoponlinedz.com\/en\/wp-json\/wp\/v2\/product"}],"about":[{"href":"https:\/\/shoponlinedz.com\/en\/wp-json\/wp\/v2\/types\/product"}],"replies":[{"embeddable":true,"href":"https:\/\/shoponlinedz.com\/en\/wp-json\/wp\/v2\/comments?post=45789"}],"version-history":[{"count":0,"href":"https:\/\/shoponlinedz.com\/en\/wp-json\/wp\/v2\/product\/45789\/revisions"}],"wp:featuredmedia":[{"embeddable":true,"href":"https:\/\/shoponlinedz.com\/en\/wp-json\/wp\/v2\/media\/45788"}],"wp:attachment":[{"href":"https:\/\/shoponlinedz.com\/en\/wp-json\/wp\/v2\/media?parent=45789"}],"wp:term":[{"taxonomy":"product_brand","embeddable":true,"href":"https:\/\/shoponlinedz.com\/en\/wp-json\/wp\/v2\/product_brand?post=45789"},{"taxonomy":"product_cat","embeddable":true,"href":"https:\/\/shoponlinedz.com\/en\/wp-json\/wp\/v2\/product_cat?post=45789"},{"taxonomy":"product_tag","embeddable":true,"href":"https:\/\/shoponlinedz.com\/en\/wp-json\/wp\/v2\/product_tag?post=45789"}],"curies":[{"name":"wp","href":"https:\/\/api.w.org\/{rel}","templated":true}]}}