{"id":45687,"date":"2026-01-05T14:54:46","date_gmt":"2026-01-05T14:54:46","guid":{"rendered":"https:\/\/shoponlinedz.com\/product\/chauffage-a-quartz-2-niveaux-de-chauffe-de-800w-avec-interrupteur-de-securite-%d9%85%d8%af%d9%81%d8%a3%d8%a9-%d9%83%d9%87%d8%b1%d8%a8%d8%a7%d8%a6%d9%8a%d8%a9\/"},"modified":"2026-01-28T12:22:56","modified_gmt":"2026-01-28T12:22:56","slug":"chauffage-a-quartz-2-niveaux-de-chauffe-de-800w-avec-interrupteur-de-securite-%d9%85%d8%af%d9%81%d8%a3%d8%a9-%d9%83%d9%87%d8%b1%d8%a8%d8%a7%d8%a6%d9%8a%d8%a9","status":"publish","type":"product","link":"https:\/\/shoponlinedz.com\/en\/product\/chauffage-a-quartz-2-niveaux-de-chauffe-de-800w-avec-interrupteur-de-securite-%d9%85%d8%af%d9%81%d8%a3%d8%a9-%d9%83%d9%87%d8%b1%d8%a8%d8%a7%d8%a6%d9%8a%d8%a9\/","title":{"rendered":"Chauffage \u00e0 quartz 2 niveaux de chauffe de 800W avec Interrupteur de s\u00e9curit\u00e9 \u2013 \u0645\u062f\u0641\u0623\u0629 \u0643\u0647\u0631\u0628\u0627\u0626\u064a\u0629"},"content":{"rendered":"<figure class=\"attachment attachment--preview\" data-trix-attachment=\"{&quot;contentType&quot;:&quot;image&quot;,&quot;height&quot;:1024,&quot;url&quot;:&quot;https:\/\/sawa9ly.app\/storage\/63265\/Elite99-chauf-cnc.jpg&quot;,&quot;width&quot;:1024}\" data-trix-content-type=\"image\"><img decoding=\"async\" class=\"aligncenter\" src=\"https:\/\/sawa9ly.app\/storage\/63265\/Elite99-chauf-cnc.jpg\" width=\"1024\" height=\"1024\" \/><figcaption class=\"attachment__caption\"><\/figcaption><\/figure>\n<figure class=\"attachment attachment--preview\" data-trix-attachment=\"{&quot;contentType&quot;:&quot;image&quot;,&quot;height&quot;:1024,&quot;url&quot;:&quot;https:\/\/sawa9ly.app\/storage\/63266\/Elite99-chauf-7.jpg&quot;,&quot;width&quot;:1024}\" data-trix-content-type=\"image\"><img decoding=\"async\" class=\"aligncenter\" src=\"https:\/\/sawa9ly.app\/storage\/63266\/Elite99-chauf-7.jpg\" width=\"1024\" height=\"1024\" \/><figcaption class=\"attachment__caption\"><\/figcaption><\/figure>\n<figure class=\"attachment attachment--preview\" data-trix-attachment=\"{&quot;contentType&quot;:&quot;image&quot;,&quot;height&quot;:1024,&quot;url&quot;:&quot;https:\/\/sawa9ly.app\/storage\/63267\/Elite99-chauf-2.jpg&quot;,&quot;width&quot;:1024}\" data-trix-content-type=\"image\"><img decoding=\"async\" class=\"aligncenter\" src=\"https:\/\/sawa9ly.app\/storage\/63267\/Elite99-chauf-2.jpg\" width=\"1024\" height=\"1024\" \/><figcaption class=\"attachment__caption\"><\/figcaption><\/figure>\n<figure class=\"attachment attachment--preview\" data-trix-attachment=\"{&quot;contentType&quot;:&quot;image&quot;,&quot;height&quot;:1024,&quot;url&quot;:&quot;https:\/\/sawa9ly.app\/storage\/63268\/Elite99-chauf-5.jpg&quot;,&quot;width&quot;:1024}\" data-trix-content-type=\"image\"><img decoding=\"async\" class=\"aligncenter\" src=\"https:\/\/sawa9ly.app\/storage\/63268\/Elite99-chauf-5.jpg\" width=\"1024\" height=\"1024\" \/><figcaption class=\"attachment__caption\"><\/figcaption><\/figure>\n<figure class=\"attachment attachment--preview\" data-trix-attachment=\"{&quot;contentType&quot;:&quot;image&quot;,&quot;height&quot;:1024,&quot;url&quot;:&quot;https:\/\/sawa9ly.app\/storage\/63269\/Elite99-chauf-6.jpg&quot;,&quot;width&quot;:1024}\" data-trix-content-type=\"image\"><img decoding=\"async\" class=\"aligncenter\" src=\"https:\/\/sawa9ly.app\/storage\/63269\/Elite99-chauf-6.jpg\" width=\"1024\" height=\"1024\" \/><figcaption class=\"attachment__caption\"><\/figcaption><\/figure>\n<p style=\"text-align: center;\">","protected":false},"excerpt":{"rendered":"<p>\ud83d\udd25 \u0645\u062f\u0641\u0623\u0629 \u0643\u0647\u0631\u0628\u0627\u0626\u064a\u0629 \u0643\u0648\u0627\u0631\u062a\u0632 \u2013 \u0635\u063a\u064a\u0631\u0629\u060c \u0633\u0631\u064a\u0639\u0629\u060c \u0648\u0627\u0642\u062a\u0635\u0627\u062f\u064a\u0629\u26a1 \u062a\u0633\u062e\u064a\u0646 \u0633\u0631\u064a\u0639 \u0644\u0644\u063a\u0631\u0641\u0629\u0647\u0627\u062f \u0627\u0644\u0645\u062f\u0641\u0623\u0629 \u0627\u0644\u0643\u0647\u0631\u0628\u0627\u0626\u064a\u0629 \u062a\u0633\u062e\u0651\u0646 \u0627\u0644\u0645\u0643\u0627\u0646 \u0641\u064a \u062f\u0642\u0627\u0626\u0642 \u0628\u0644\u0627 \u0645\u0627 \u062a\u0634\u0639\u0644 chauffage \u062a\u0627\u0639 \u0627\u0644\u062f\u0627\u0631 \u0643\u0627\u0645\u0644\u0629\u060c \u0648\u062a\u0648\u0641\u0651\u0631\u0644\u0643 \u0627\u0644\u062d\u0631\u0627\u0631\u0629 \u0648\u0627\u0644\u0637\u0627\u0642\u0629 \u0641\u064a \u0646\u0641\u0633 \u0627\u0644\u0648\u0642\u062a.\ud83d\udd25 2 \u0645\u0633\u062a\u0648\u064a\u0627\u062a \u0644\u0644\u0637\u0627\u0642\u0629 \u2013 \u0642\u0627\u0628\u0644\u0629 \u0644\u0644\u0636\u0628\u0637\u0641\u064a\u0647\u0627 \u0632\u0648\u062c \u0623\u0646\u0627\u0628\u064a\u0628 Quartz\u062a\u0642\u062f\u0631 \u062a\u062e\u062a\u0627\u0631 \u0628\u064a\u0646: \u2714 \u0648\u0636\u0639 ECO: \u0627\u0642\u062a\u0635\u0627\u062f \u0641\u064a \u0627\u0644\u0643\u0647\u0631\u0628\u0627\u0621\u2714 \u0648\u0636\u0639 Standard: \u062a\u0633\u062e\u064a\u0646 \u0623\u0642\u0648\u0649\u0627\u062e\u062a\u0627\u0631 \u0627\u0644\u062d\u0631\u0627\u0631\u0629 \u0644\u064a \u062a\u0646\u0627\u0633\u0628\u0643 \u0628\u0633\u0647\u0648\u0644\u0629.\ud83d\udce6 \u062a\u0635\u0645\u064a\u0645 \u0642\u0627\u0628\u0644 \u0644\u0644\u0637\u064a \u2013 \u062a\u0648\u0641\u064a\u0631 \u0644\u0644\u0645\u0633\u0627\u062d\u0629\u0627\u0644\u0642\u0627\u0639\u062f\u0629 \u062a\u0627\u0639\u0647\u0627 \u062a\u062a\u0637\u0648\u0649\u060c \u064a\u0639\u0646\u064a \u062a\u0642\u062f\u0631 \u062a\u062e\u0628\u064a\u0647\u0627 \u0648\u064a\u0646 \u062a\u062d\u0628 \u0628\u0644\u0627 \u0645\u0627 \u062a\u0627\u062e\u0630 \u0628\u0644\u0627\u0635\u0629. \u0645\u062b\u0627\u0644\u064a\u0629 \u0644\u0644\u0645\u0633\u0627\u062d\u0627\u062a \u0627\u0644\u0635\u063a\u064a\u0631\u0629.\ud83c\udfe0 \u0645\u062d\u0645\u0648\u0644\u0629 \u0648\u0633\u0647\u0644\u0629 \u0627\u0644\u0646\u0642\u0644\u0628\u0641\u0636\u0644 \u0627\u0644\u062d\u062c\u0645 \u0627\u0644\u0635\u063a\u064a\u0631 \u0648\u0627\u0644\u0645\u0642\u0628\u0636 \u0627\u0644\u0645\u0631\u064a\u062d\u060c \u062a\u0642\u062f\u0631 \u062a\u0647\u0632\u0651\u0647\u0627 \u0645\u0646 \u063a\u0631\u0641\u0629 \u0644\u063a\u0631\u0641\u0629 \u0628\u0643\u0644 \u0633\u0647\u0648\u0644\u0629.\ud83d\udd12 \u0646\u0638\u0627\u0645 \u0623\u0645\u0627\u0646 \u0636\u062f \u0627\u0644\u0627\u0646\u0642\u0644\u0627\u0628\u0641\u064a\u0647\u0627 syst\u00e8me anti-renversement: \u2714 \u0627\u0644\u0645\u062f\u0641\u0623\u0629 \u062a\u062e\u062f\u0645 \u063a\u064a\u0631 \u0643\u064a \u062a\u0643\u0648\u0646 \u0641\u0648\u0642 \u0633\u0637\u062d \u0645\u0633\u062a\u0642\u0631.\u2716 \u0645\u0627 \u062a\u062e\u062f\u0645\u0634 \u0625\u0630\u0627 \u0643\u0627\u0646\u062a \u0645\u0639\u0644\u0642\u0629 \u0623\u0648 \u0645\u0627\u0626\u0644\u0629 \u2014 \u0623\u0645\u0627\u0646 100%.\ud83d\udccc \u0627\u0644\u0645\u0648\u0627\u0635\u0641\u0627\u062a\u0627\u0644\u0642\u0648\u0629 : 800W\u0627\u0644\u0648\u0632\u0646 : 750g\u0627\u0644\u0623\u0628\u0639\u0627\u062f : 35.5\u00d725\u00d715.5 cm\u0627\u0644\u0644\u0648\u0646 : \u0639\u0634\u0648\u0627\u0626\u064a (Random)<\/p>","protected":false},"featured_media":45686,"comment_status":"open","ping_status":"closed","template":"","meta":[],"product_brand":[],"product_cat":[2472],"product_tag":[],"class_list":{"0":"post-45687","1":"product","2":"type-product","3":"status-publish","4":"has-post-thumbnail","6":"product_cat-produits-de-saison","8":"first","9":"instock","10":"sale","11":"taxable","12":"shipping-taxable","13":"purchasable","14":"product-type-simple"},"jetpack_sharing_enabled":true,"_links":{"self":[{"href":"https:\/\/shoponlinedz.com\/en\/wp-json\/wp\/v2\/product\/45687","targetHints":{"allow":["GET"]}}],"collection":[{"href":"https:\/\/shoponlinedz.com\/en\/wp-json\/wp\/v2\/product"}],"about":[{"href":"https:\/\/shoponlinedz.com\/en\/wp-json\/wp\/v2\/types\/product"}],"replies":[{"embeddable":true,"href":"https:\/\/shoponlinedz.com\/en\/wp-json\/wp\/v2\/comments?post=45687"}],"version-history":[{"count":0,"href":"https:\/\/shoponlinedz.com\/en\/wp-json\/wp\/v2\/product\/45687\/revisions"}],"wp:featuredmedia":[{"embeddable":true,"href":"https:\/\/shoponlinedz.com\/en\/wp-json\/wp\/v2\/media\/45686"}],"wp:attachment":[{"href":"https:\/\/shoponlinedz.com\/en\/wp-json\/wp\/v2\/media?parent=45687"}],"wp:term":[{"taxonomy":"product_brand","embeddable":true,"href":"https:\/\/shoponlinedz.com\/en\/wp-json\/wp\/v2\/product_brand?post=45687"},{"taxonomy":"product_cat","embeddable":true,"href":"https:\/\/shoponlinedz.com\/en\/wp-json\/wp\/v2\/product_cat?post=45687"},{"taxonomy":"product_tag","embeddable":true,"href":"https:\/\/shoponlinedz.com\/en\/wp-json\/wp\/v2\/product_tag?post=45687"}],"curies":[{"name":"wp","href":"https:\/\/api.w.org\/{rel}","templated":true}]}}