{"id":45551,"date":"2026-01-05T14:50:36","date_gmt":"2026-01-05T14:50:36","guid":{"rendered":"https:\/\/shoponlinedz.com\/product\/horloge-numerique-led-generique-avec-capteur-de-rythme-musicale-%d8%b3%d8%a7%d8%b9%d8%a9-%d8%b1%d9%82%d9%85%d9%8a%d8%a9-%d9%84%d8%aa%d8%b2%d9%8a%d9%8a%d9%86-%d8%a7%d9%84%d9%85%d9%83%d8%aa\/"},"modified":"2026-01-28T12:23:00","modified_gmt":"2026-01-28T12:23:00","slug":"horloge-numerique-led-generique-avec-capteur-de-rythme-musicale-%d8%b3%d8%a7%d8%b9%d8%a9-%d8%b1%d9%82%d9%85%d9%8a%d8%a9-%d9%84%d8%aa%d8%b2%d9%8a%d9%8a%d9%86-%d8%a7%d9%84%d9%85%d9%83%d8%aa","status":"publish","type":"product","link":"https:\/\/shoponlinedz.com\/en\/product\/horloge-numerique-led-generique-avec-capteur-de-rythme-musicale-%d8%b3%d8%a7%d8%b9%d8%a9-%d8%b1%d9%82%d9%85%d9%8a%d8%a9-%d9%84%d8%aa%d8%b2%d9%8a%d9%8a%d9%86-%d8%a7%d9%84%d9%85%d9%83%d8%aa\/","title":{"rendered":"Horloge num\u00e9rique LED g\u00e9n\u00e9rique avec capteur de rythme musicale \u2013 \u0633\u0627\u0639\u0629 \u0631\u0642\u0645\u064a\u0629 \u0644\u062a\u0632\u064a\u064a\u0646 \u0627\u0644\u0645\u0643\u062a\u0628"},"content":{"rendered":"<figure class=\"attachment attachment--preview\" data-trix-attachment=\"{&quot;contentType&quot;:&quot;image&quot;,&quot;height&quot;:1024,&quot;url&quot;:&quot;https:\/\/sawa9ly.app\/storage\/63537\/Alarme-5517-cnc.jpg&quot;,&quot;width&quot;:1024}\" data-trix-content-type=\"image\"><img decoding=\"async\" class=\"aligncenter\" src=\"https:\/\/sawa9ly.app\/storage\/63537\/Alarme-5517-cnc.jpg\" width=\"1024\" height=\"1024\" \/><figcaption class=\"attachment__caption\"><\/figcaption><\/figure>\n<figure class=\"attachment attachment--preview\" data-trix-attachment=\"{&quot;contentType&quot;:&quot;image&quot;,&quot;height&quot;:1024,&quot;url&quot;:&quot;https:\/\/sawa9ly.app\/storage\/63538\/Alarme-5517-8.jpg&quot;,&quot;width&quot;:1024}\" data-trix-content-type=\"image\"><img decoding=\"async\" class=\"aligncenter\" src=\"https:\/\/sawa9ly.app\/storage\/63538\/Alarme-5517-8.jpg\" width=\"1024\" height=\"1024\" \/><figcaption class=\"attachment__caption\"><\/figcaption><\/figure>\n<figure class=\"attachment attachment--preview\" data-trix-attachment=\"{&quot;contentType&quot;:&quot;image&quot;,&quot;height&quot;:1024,&quot;url&quot;:&quot;https:\/\/sawa9ly.app\/storage\/63539\/Alarme-5517-3.jpg&quot;,&quot;width&quot;:1024}\" data-trix-content-type=\"image\"><img decoding=\"async\" class=\"aligncenter\" src=\"https:\/\/sawa9ly.app\/storage\/63539\/Alarme-5517-3.jpg\" width=\"1024\" height=\"1024\" \/><figcaption class=\"attachment__caption\"><\/figcaption><\/figure>\n<figure class=\"attachment attachment--preview\" data-trix-attachment=\"{&quot;contentType&quot;:&quot;image&quot;,&quot;height&quot;:1024,&quot;url&quot;:&quot;https:\/\/sawa9ly.app\/storage\/63540\/Alarme-5517-6.jpg&quot;,&quot;width&quot;:1024}\" data-trix-content-type=\"image\"><img decoding=\"async\" class=\"aligncenter\" src=\"https:\/\/sawa9ly.app\/storage\/63540\/Alarme-5517-6.jpg\" width=\"1024\" height=\"1024\" \/><figcaption class=\"attachment__caption\"><\/figcaption><\/figure>\n<figure class=\"attachment attachment--preview\" data-trix-attachment=\"{&quot;contentType&quot;:&quot;image&quot;,&quot;height&quot;:1024,&quot;url&quot;:&quot;https:\/\/sawa9ly.app\/storage\/63541\/Alarme-5517-7.jpg&quot;,&quot;width&quot;:1024}\" data-trix-content-type=\"image\"><img decoding=\"async\" class=\"aligncenter\" src=\"https:\/\/sawa9ly.app\/storage\/63541\/Alarme-5517-7.jpg\" width=\"1024\" height=\"1024\" \/><figcaption class=\"attachment__caption\"><\/figcaption><\/figure>\n<p style=\"text-align: center;\">","protected":false},"excerpt":{"rendered":"<p>\ud83d\udd52 \u0633\u0627\u0639\u0629 \u0631\u0642\u0645\u064a\u0629 LED \u0628\u062e\u0635\u0627\u0626\u0635 \u0645\u062a\u0637\u0648\u0631\u0629 \u0648\u0645\u0624\u062b\u0631\u0627\u062a \u0636\u0648\u0626\u064a\u0629 \u062a\u0641\u0627\u0639\u0644\u064a\u0629\ud83d\udd39\u3010\u0627\u0644\u0645\u0648\u0627\u062f \u0648\u0627\u0644\u0623\u0628\u0639\u0627\u062f\u3011 \u0645\u0635\u0646\u0648\u0639\u0629 \u0645\u0646 \u0627\u0644\u0628\u0648\u0644\u064a \u0628\u0631\u0648\u0628\u064a\u0644\u064a\u0646 \u0639\u0627\u0644\u064a \u0627\u0644\u062c\u0648\u062f\u0629\u060c \u0648\u062a\u062c\u064a \u0628\u0642\u064a\u0627\u0633 30.5 \u00d7 3 \u00d7 5 \u0633\u0645\u060c \u0645\u062b\u0627\u0644\u064a\u0629 \u0644\u0637\u0627\u0648\u0644\u0629 \u0627\u0644\u0633\u0631\u064a\u0631\u060c \u0627\u0644\u0645\u0643\u062a\u0628\u060c \u0623\u0648 \u0623\u064a \u0645\u0633\u0627\u062d\u0629 \u0639\u0645\u0644.\ud83d\udd39\u3010\u062a\u0641\u0627\u0639\u0644 \u0635\u0648\u062a\u064a \u0630\u0643\u064a\u3011 \u0627\u0644\u0633\u0627\u0639\u0629 \u0645\u062c\u0647\u0651\u0632\u0629 \u0628\u0640 \u062d\u0633\u0627\u0633\u0627\u062a \u0635\u0648\u062a \u062a\u062a\u0641\u0627\u0639\u0644 \u0645\u0639 \u0627\u0644\u0623\u0635\u0648\u0627\u062a \u0641\u0627\u0644\u063a\u0631\u0641\u0629. \u0641\u064a\u0647\u0627 3 \u0623\u0646\u0645\u0627\u0637 \u062d\u0631\u0643\u0629 \u0636\u0648\u0626\u064a\u0629: \u27a1\ufe0f \u0645\u0646 \u0627\u0644\u064a\u0633\u0627\u0631 \u0644\u0644\u064a\u0645\u064a\u0646 \u2b05\ufe0f \u0645\u0646 \u0627\u0644\u0645\u0631\u0643\u0632 \u0646\u062d\u0648 \u0627\u0644\u0623\u0637\u0631\u0627\u0641 \u2194\ufe0f \u0645\u0646 \u0627\u0644\u0623\u0637\u0631\u0627\u0641 \u0646\u062d\u0648 \u0627\u0644\u0648\u0633\u0637 \u062a\u062c\u0631\u0628\u0629 \u0645\u0645\u062a\u0639\u0629 \u0648\u062a\u0632\u064a\u062f \u062f\u064a\u0643\u0648\u0631 \u0627\u0644\u063a\u0631\u0641\u0629 \u062d\u064a\u0627\u0629.\ud83d\udd39\u3010\u0625\u0636\u0627\u0621\u0629 \u0645\u062a\u0639\u062f\u062f\u0629 \u0627\u0644\u062e\u064a\u0627\u0631\u0627\u062a\u3011 \u062a\u062c\u064a \u0628\u0640 9 \u0623\u0644\u0648\u0627\u0646 LED \u0642\u0627\u0628\u0644\u064a\u0646 \u0644\u0644\u062a\u063a\u064a\u064a\u0631 + 3 \u0645\u0633\u062a\u0648\u064a\u0627\u062a \u0633\u0637\u0648\u0639. \u0648\u0641\u064a\u0647\u0627 \u0636\u0628\u0637 \u062a\u0644\u0642\u0627\u0626\u064a \u0644\u0644\u0633\u0637\u0648\u0639 \u062d\u0633\u0628 \u0627\u0644\u0625\u0636\u0627\u0621\u0629 \u0641\u0627\u0644\u063a\u0631\u0641\u0629 \u0628\u0627\u0634 \u062a\u0643\u0648\u0646 \u0645\u0631\u064a\u062d\u0629 \u0644\u0644\u0639\u064a\u0646 \u0646\u0647\u0627\u0631 \u0648\u0644\u064a\u0644.\ud83d\udd39\u3010\u0646\u0638\u0627\u0645 \u0627\u0644\u0648\u0642\u062a \u0642\u0627\u0628\u0644 \u0644\u0644\u062a\u063a\u064a\u064a\u0631\u3011 \u062a\u0642\u062f\u0651\u0631 \u062a\u0628\u062f\u0644 \u0628\u0643\u0644 \u0633\u0647\u0648\u0644\u0629 \u0628\u064a\u0646 12 \u0633\u0627\u0639\u0629 \u0648 24 \u0633\u0627\u0639\u0629 \u062d\u0633\u0628 \u0631\u063a\u0628\u062a\u0643.\ud83d\udd39\u3010\u0648\u0636\u0639\u064a\u062a\u064a\u0646 \u0644\u0644\u0639\u0631\u0636\u3011 \ud83d\udd57 \u0627\u0644\u0639\u0631\u0636 \u0627\u0644\u0623\u0648\u0644 : \u0627\u0644\u0648\u0642\u062a + \u064a\u0648\u0645 \u0627\u0644\u0623\u0633\u0628\u0648\u0639 \u0641\u064a \u0646\u0641\u0633 \u0627\u0644\u0634\u0627\u0634\u0629 \ud83d\udcc5 \u0627\u0644\u0639\u0631\u0636 \u0627\u0644\u062b\u0627\u0646\u064a : \u0627\u0644\u0648\u0642\u062a + \u064a\u0648\u0645 \u0627\u0644\u0623\u0633\u0628\u0648\u0639 \/ \u0627\u0644\u062a\u0627\u0631\u064a\u062e + \u064a\u0648\u0645 \u0627\u0644\u0623\u0633\u0628\u0648\u0639 (\u064a\u062a\u0628\u062f\u0644 \u062a\u0644\u0642\u0627\u0626\u064a\u064b\u0627)\ud83d\udd39\u3010\u0627\u0644\u0645\u0648\u0627\u0635\u0641\u0627\u062a \u0627\u0644\u062a\u0642\u0646\u064a\u0629\u3011 \ud83d\udd0c \u0627\u0644\u062c\u0647\u062f : 5V DC \ud83d\udd0b \u062a\u0639\u0645\u0644 \u0628\u0640 2 \u0628\u0637\u0627\u0631\u064a\u0627\u062a AAA (\u063a\u064a\u0631 \u0645\u0631\u0641\u0642\u0629)\ud83d\udce6 \u0645\u062d\u062a\u0648\u0649 \u0627\u0644\u0639\u0644\u0628\u0629 :\u2714\ufe0f 1 \u00d7 \u0633\u0627\u0639\u0629 \u0631\u0642\u0645\u064a\u0629 LED<\/p>","protected":false},"featured_media":45550,"comment_status":"open","ping_status":"closed","template":"","meta":[],"product_brand":[],"product_cat":[2463],"product_tag":[],"class_list":{"0":"post-45551","1":"product","2":"type-product","3":"status-publish","4":"has-post-thumbnail","6":"product_cat-electronique","8":"first","9":"instock","10":"sale","11":"taxable","12":"shipping-taxable","13":"purchasable","14":"product-type-simple"},"jetpack_sharing_enabled":true,"_links":{"self":[{"href":"https:\/\/shoponlinedz.com\/en\/wp-json\/wp\/v2\/product\/45551","targetHints":{"allow":["GET"]}}],"collection":[{"href":"https:\/\/shoponlinedz.com\/en\/wp-json\/wp\/v2\/product"}],"about":[{"href":"https:\/\/shoponlinedz.com\/en\/wp-json\/wp\/v2\/types\/product"}],"replies":[{"embeddable":true,"href":"https:\/\/shoponlinedz.com\/en\/wp-json\/wp\/v2\/comments?post=45551"}],"version-history":[{"count":0,"href":"https:\/\/shoponlinedz.com\/en\/wp-json\/wp\/v2\/product\/45551\/revisions"}],"wp:featuredmedia":[{"embeddable":true,"href":"https:\/\/shoponlinedz.com\/en\/wp-json\/wp\/v2\/media\/45550"}],"wp:attachment":[{"href":"https:\/\/shoponlinedz.com\/en\/wp-json\/wp\/v2\/media?parent=45551"}],"wp:term":[{"taxonomy":"product_brand","embeddable":true,"href":"https:\/\/shoponlinedz.com\/en\/wp-json\/wp\/v2\/product_brand?post=45551"},{"taxonomy":"product_cat","embeddable":true,"href":"https:\/\/shoponlinedz.com\/en\/wp-json\/wp\/v2\/product_cat?post=45551"},{"taxonomy":"product_tag","embeddable":true,"href":"https:\/\/shoponlinedz.com\/en\/wp-json\/wp\/v2\/product_tag?post=45551"}],"curies":[{"name":"wp","href":"https:\/\/api.w.org\/{rel}","templated":true}]}}