{"id":45540,"date":"2026-01-05T14:50:15","date_gmt":"2026-01-05T14:50:15","guid":{"rendered":"https:\/\/shoponlinedz.com\/product\/horloge-numerique-led-generique-avec-alarme-et-station-meteo-integre-%d8%b3%d8%a7%d8%b9%d8%a9-%d8%b1%d9%82%d9%85%d9%8a%d8%a9-%d9%84%d8%aa%d8%b2%d9%8a%d9%8a%d9%86-%d8%a7%d9%84%d9%85%d9%83\/"},"modified":"2026-02-09T12:18:45","modified_gmt":"2026-02-09T11:18:45","slug":"horloge-numerique-led-generique-avec-alarme-et-station-meteo-integre-%d8%b3%d8%a7%d8%b9%d8%a9-%d8%b1%d9%82%d9%85%d9%8a%d8%a9-%d9%84%d8%aa%d8%b2%d9%8a%d9%8a%d9%86-%d8%a7%d9%84%d9%85%d9%83","status":"publish","type":"product","link":"https:\/\/shoponlinedz.com\/en\/product\/horloge-numerique-led-generique-avec-alarme-et-station-meteo-integre-%d8%b3%d8%a7%d8%b9%d8%a9-%d8%b1%d9%82%d9%85%d9%8a%d8%a9-%d9%84%d8%aa%d8%b2%d9%8a%d9%8a%d9%86-%d8%a7%d9%84%d9%85%d9%83\/","title":{"rendered":"Horloge num\u00e9rique LED g\u00e9n\u00e9rique avec alarme et station m\u00e9t\u00e9o int\u00e9gr\u00e9 \u2013 \u0633\u0627\u0639\u0629 \u0631\u0642\u0645\u064a\u0629 \u0644\u062a\u0632\u064a\u064a\u0646 \u0627\u0644\u0645\u0643\u062a\u0628"},"content":{"rendered":"<figure class=\"attachment attachment--preview\" data-trix-attachment=\"{&quot;contentType&quot;:&quot;image&quot;,&quot;height&quot;:1024,&quot;url&quot;:&quot;https:\/\/sawa9ly.app\/storage\/63545\/Alarme-5512-cnc.jpg&quot;,&quot;width&quot;:1024}\" data-trix-content-type=\"image\"><img decoding=\"async\" class=\"aligncenter\" src=\"https:\/\/sawa9ly.app\/storage\/63545\/Alarme-5512-cnc.jpg\" width=\"1024\" height=\"1024\" \/><figcaption class=\"attachment__caption\"><\/figcaption><\/figure>\n<figure class=\"attachment attachment--preview\" data-trix-attachment=\"{&quot;contentType&quot;:&quot;image&quot;,&quot;height&quot;:1024,&quot;url&quot;:&quot;https:\/\/sawa9ly.app\/storage\/63546\/Alarme-5512-1.jpg&quot;,&quot;width&quot;:1024}\" data-trix-content-type=\"image\"><img decoding=\"async\" class=\"aligncenter\" src=\"https:\/\/sawa9ly.app\/storage\/63546\/Alarme-5512-1.jpg\" width=\"1024\" height=\"1024\" \/><figcaption class=\"attachment__caption\"><\/figcaption><\/figure>\n<figure class=\"attachment attachment--preview\" data-trix-attachment=\"{&quot;contentType&quot;:&quot;image&quot;,&quot;height&quot;:1024,&quot;url&quot;:&quot;https:\/\/sawa9ly.app\/storage\/63547\/Alarme-5512-2.jpg&quot;,&quot;width&quot;:1024}\" data-trix-content-type=\"image\"><img decoding=\"async\" class=\"aligncenter\" src=\"https:\/\/sawa9ly.app\/storage\/63547\/Alarme-5512-2.jpg\" width=\"1024\" height=\"1024\" \/><figcaption class=\"attachment__caption\"><\/figcaption><\/figure>\n<figure class=\"attachment attachment--preview\" data-trix-attachment=\"{&quot;contentType&quot;:&quot;image&quot;,&quot;height&quot;:1024,&quot;url&quot;:&quot;https:\/\/sawa9ly.app\/storage\/63548\/Alarme-5512-4.jpg&quot;,&quot;width&quot;:1024}\" data-trix-content-type=\"image\"><img decoding=\"async\" class=\"aligncenter\" src=\"https:\/\/sawa9ly.app\/storage\/63548\/Alarme-5512-4.jpg\" width=\"1024\" height=\"1024\" \/><figcaption class=\"attachment__caption\"><\/figcaption><\/figure>\n<figure class=\"attachment attachment--preview\" data-trix-attachment=\"{&quot;contentType&quot;:&quot;image&quot;,&quot;height&quot;:1024,&quot;url&quot;:&quot;https:\/\/sawa9ly.app\/storage\/63549\/Alarme-5512-5.jpg&quot;,&quot;width&quot;:1024}\" data-trix-content-type=\"image\"><img decoding=\"async\" class=\"aligncenter\" src=\"https:\/\/sawa9ly.app\/storage\/63549\/Alarme-5512-5.jpg\" width=\"1024\" height=\"1024\" \/><figcaption class=\"attachment__caption\"><\/figcaption><\/figure>\n<p style=\"text-align: center\">","protected":false},"excerpt":{"rendered":"<p>\u23f0 \u0633\u0627\u0639\u0629 \u0631\u0642\u0645\u064a\u0629 LED \u0645\u062a\u0639\u062f\u062f\u0629 \u0627\u0644\u0648\u0638\u0627\u0626\u0641 \u2013 \u062a\u0635\u0645\u064a\u0645 \u0639\u0635\u0631\u064a \u0648\u062f\u0642\u0651\u0629 \u0639\u0627\u0644\u064a\u0629\u272a \u0634\u0627\u0634\u0629 LED \u0643\u0628\u064a\u0631\u0629 \u0648\u0648\u0627\u0636\u062d\u0629 \u0639\u0631\u0636 \u0627\u0644\u0648\u0642\u062a \u064a\u0643\u0648\u0646 \u0648\u0627\u0636\u062d \u0645\u0646 \u062c\u0645\u064a\u0639 \u0627\u0644\u0632\u0648\u0627\u064a\u0627\u060c \u0645\u0639 \u0642\u0631\u0627\u0621\u0629 \u062f\u0642\u064a\u0642\u0629 \u0648\u0633\u0647\u0644\u0629 \u062d\u062a\u0649 \u0645\u0646 \u0628\u0639\u064a\u062f.\u272a \u0639\u0631\u0636 \u0641\u0648\u0631\u064a \u0644\u062f\u0631\u062c\u0629 \u0627\u0644\u062d\u0631\u0627\u0631\u0629 \u0648\u0627\u0644\u0631\u0637\u0648\u0628\u0629 \u062a\u0628\u064a\u0651\u0646 \u0644\u0643 \u0627\u0644\u062d\u0631\u0627\u0631\u0629 \u0648\u0627\u0644\u0631\u0637\u0648\u0628\u0629 \u062f\u0627\u062e\u0644 \u0627\u0644\u063a\u0631\u0641\u0629 \u0628\u0627\u0634 \u062a\u0631\u0627\u0642\u0628 \u0627\u0644\u062c\u0648 \u0648\u062a\u0636\u0628\u0637\u0647 \u0639\u0644\u0649 \u0631\u0627\u062d\u062a\u0643.\u272a 3 \u0645\u0633\u062a\u0648\u064a\u0627\u062a \u0644\u0644\u0633\u0637\u0648\u0639 \u062a\u0628\u062f\u0651\u0644 \u0628\u064a\u0646 \u0625\u0636\u0627\u0621\u0629 \u0642\u0648\u064a\u0629 \u0644\u0644\u0646\u0647\u0627\u0631 \u0648\u0625\u0636\u0627\u0621\u0629 \u062e\u0627\u0641\u062a\u0629 \u0644\u0644\u0651\u064a\u0644\u060c \u0628\u0627\u0634 \u062a\u0628\u0642\u0649 \u0645\u0631\u064a\u062d\u0629 \u0644\u0644\u0639\u064a\u0646.\u272a \u062a\u0639\u0645\u0644 \u0628\u0627\u0644\u0643\u0627\u0628\u0644 USB \u0627\u0644\u0633\u0627\u0639\u0629 \u062a\u062e\u062f\u0645 \u0623\u0633\u0627\u0633\u064b\u0627 \u0628\u0627\u0644\u0640 USB \u0644\u062a\u0648\u0641\u064a\u0631 \u0627\u0644\u0637\u0627\u0642\u0629 \u0648\u0636\u0645\u0627\u0646 \u062a\u0634\u063a\u064a\u0644 \u0645\u0633\u062a\u0645\u0631. \u0648\u062a\u0633\u062a\u0639\u0645\u0644 \u0628\u0637\u0627\u0631\u064a\u0627\u062a \u063a\u064a\u0631\u0647\u0627 \u0641\u0642\u0637 \u0628\u0627\u0634 \u062a\u062d\u062a\u0627\u0641\u0638 \u0628\u0627\u0644\u0625\u0639\u062f\u0627\u062f\u0627\u062a \u0645\u0644\u064a\u062d \u0643\u064a \u064a\u062a\u0642\u0637\u0639 \u0627\u0644\u062a\u064a\u0627\u0631.\u272a \u0645\u0646\u0628\u0651\u0647 \u0645\u0632\u062f\u0648\u062c + \u062e\u0627\u0635\u064a\u0629 \u0627\u0644\u063a\u0641\u0648\u0629 \u0641\u064a\u0647\u0627 \u062c\u0648\u062c \u062a\u0646\u0628\u064a\u0647\u0627\u062a \u062a\u0642\u062f\u0631 \u062a\u0628\u0631\u0645\u062c\u0647\u0645 \u062d\u0633\u0628 \u0628\u0631\u0646\u0627\u0645\u062c\u0643 \u0627\u0644\u064a\u0648\u0645\u064a\u060c \u0645\u0639 \u0645\u064a\u0632\u0629 \u0627\u0644\u063a\u0641\u0648\u0629 \u0628\u0627\u0634 \u062a\u0632\u064a\u062f \u062f\u0642\u0627\u0626\u0642 \u0631\u0627\u062d\u0629.\u272a \u062a\u0635\u0645\u064a\u0645 \u0623\u0628\u064a\u0636 \u0639\u0635\u0631\u064a \u0633\u062a\u0627\u064a\u0644 \u0623\u0646\u064a\u0642 \u064a\u062a\u0645\u0627\u0634\u0649 \u0645\u0639 \u062f\u064a\u0643\u0648\u0631 \u063a\u0631\u0641 \u0627\u0644\u0646\u0648\u0645\u060c \u0627\u0644\u0645\u0643\u0627\u062a\u0628\u060c \u0623\u0648 \u0623\u064a \u0645\u0633\u0627\u062d\u0629 \u062d\u062f\u064a\u062b\u0629.\u272a \u0645\u062e\u0635\u0651\u0635\u0629 \u0644\u0644\u0633\u0637\u0648\u062d \u0627\u0644\u0645\u0633\u0637\u0651\u062d\u0629 \u0645\u0635\u0645\u0645\u0629 \u0644\u0644\u0627\u0633\u062a\u0639\u0645\u0627\u0644 \u0641\u0648\u0642 \u0627\u0644\u0631\u0641\u0648\u0641\u060c \u0627\u0644\u0637\u0627\u0648\u0644\u0627\u062a\u060c \u0648\u0627\u0644\u0645\u0643\u0627\u062a\u0628 \u0641\u0642\u0637.\ud83d\udccf \u0627\u0644\u0623\u0628\u0639\u0627\u062f \u0648\u0627\u0644\u0648\u0632\u064620 \u00d7 3.81 \u00d7 6 \u0633\u0645\u0627\u0644\u0648\u0632\u0646 : 200 \u063a<\/p>","protected":false},"featured_media":45539,"comment_status":"open","ping_status":"closed","template":"","meta":[],"product_brand":[],"product_cat":[2463],"product_tag":[],"class_list":{"0":"post-45540","1":"product","2":"type-product","3":"status-publish","4":"has-post-thumbnail","6":"product_cat-electronique","8":"first","9":"outofstock","10":"sale","11":"taxable","12":"shipping-taxable","13":"purchasable","14":"product-type-simple"},"jetpack_sharing_enabled":true,"_links":{"self":[{"href":"https:\/\/shoponlinedz.com\/en\/wp-json\/wp\/v2\/product\/45540","targetHints":{"allow":["GET"]}}],"collection":[{"href":"https:\/\/shoponlinedz.com\/en\/wp-json\/wp\/v2\/product"}],"about":[{"href":"https:\/\/shoponlinedz.com\/en\/wp-json\/wp\/v2\/types\/product"}],"replies":[{"embeddable":true,"href":"https:\/\/shoponlinedz.com\/en\/wp-json\/wp\/v2\/comments?post=45540"}],"version-history":[{"count":0,"href":"https:\/\/shoponlinedz.com\/en\/wp-json\/wp\/v2\/product\/45540\/revisions"}],"wp:featuredmedia":[{"embeddable":true,"href":"https:\/\/shoponlinedz.com\/en\/wp-json\/wp\/v2\/media\/45539"}],"wp:attachment":[{"href":"https:\/\/shoponlinedz.com\/en\/wp-json\/wp\/v2\/media?parent=45540"}],"wp:term":[{"taxonomy":"product_brand","embeddable":true,"href":"https:\/\/shoponlinedz.com\/en\/wp-json\/wp\/v2\/product_brand?post=45540"},{"taxonomy":"product_cat","embeddable":true,"href":"https:\/\/shoponlinedz.com\/en\/wp-json\/wp\/v2\/product_cat?post=45540"},{"taxonomy":"product_tag","embeddable":true,"href":"https:\/\/shoponlinedz.com\/en\/wp-json\/wp\/v2\/product_tag?post=45540"}],"curies":[{"name":"wp","href":"https:\/\/api.w.org\/{rel}","templated":true}]}}