{"id":45482,"date":"2026-01-05T14:48:25","date_gmt":"2026-01-05T14:48:25","guid":{"rendered":"https:\/\/shoponlinedz.com\/product\/refroidisseur-de-telephone-portable-a-double-ventilateur-fs06-%d9%85%d8%a8%d8%b1%d8%af-%d9%87%d9%88%d8%a7%d8%aa%d9%81\/"},"modified":"2026-01-28T12:23:03","modified_gmt":"2026-01-28T12:23:03","slug":"refroidisseur-de-telephone-portable-a-double-ventilateur-fs06-%d9%85%d8%a8%d8%b1%d8%af-%d9%87%d9%88%d8%a7%d8%aa%d9%81","status":"publish","type":"product","link":"https:\/\/shoponlinedz.com\/en\/product\/refroidisseur-de-telephone-portable-a-double-ventilateur-fs06-%d9%85%d8%a8%d8%b1%d8%af-%d9%87%d9%88%d8%a7%d8%aa%d9%81\/","title":{"rendered":"Refroidisseur de t\u00e9l\u00e9phone portable \u00e0 double ventilateur FS06 \u2013 \u0645\u0628\u0631\u062f \u0647\u0648\u0627\u062a\u0641"},"content":{"rendered":"<figure class=\"attachment attachment--preview\" data-trix-attachment=\"{&quot;contentType&quot;:&quot;image&quot;,&quot;height&quot;:1024,&quot;url&quot;:&quot;https:\/\/sawaqli.fra1.cdn.digitaloceanspaces.com\/49083\/FS06-cnc.jpg&quot;,&quot;width&quot;:1024}\" data-trix-content-type=\"image\"><img decoding=\"async\" class=\"aligncenter\" src=\"https:\/\/sawaqli.fra1.cdn.digitaloceanspaces.com\/49083\/FS06-cnc.jpg\" width=\"1024\" height=\"1024\" \/><figcaption class=\"attachment__caption\"><\/figcaption><\/figure>\n<figure class=\"attachment attachment--preview\" data-trix-attachment=\"{&quot;contentType&quot;:&quot;image&quot;,&quot;height&quot;:1024,&quot;url&quot;:&quot;https:\/\/sawaqli.fra1.cdn.digitaloceanspaces.com\/49084\/FS06-2.jpg&quot;,&quot;width&quot;:1024}\" data-trix-content-type=\"image\"><img decoding=\"async\" class=\"aligncenter\" src=\"https:\/\/sawaqli.fra1.cdn.digitaloceanspaces.com\/49084\/FS06-2.jpg\" width=\"1024\" height=\"1024\" \/><figcaption class=\"attachment__caption\"><\/figcaption><\/figure>\n<figure class=\"attachment attachment--preview\" data-trix-attachment=\"{&quot;contentType&quot;:&quot;image&quot;,&quot;height&quot;:1024,&quot;url&quot;:&quot;https:\/\/sawaqli.fra1.cdn.digitaloceanspaces.com\/49085\/FS06-1.jpg&quot;,&quot;width&quot;:1024}\" data-trix-content-type=\"image\"><img decoding=\"async\" class=\"aligncenter\" src=\"https:\/\/sawaqli.fra1.cdn.digitaloceanspaces.com\/49085\/FS06-1.jpg\" width=\"1024\" height=\"1024\" \/><figcaption class=\"attachment__caption\"><\/figcaption><\/figure>\n<figure class=\"attachment attachment--preview\" data-trix-attachment=\"{&quot;contentType&quot;:&quot;image&quot;,&quot;height&quot;:1024,&quot;url&quot;:&quot;https:\/\/sawaqli.fra1.cdn.digitaloceanspaces.com\/49086\/FS06-4.jpg&quot;,&quot;width&quot;:1024}\" data-trix-content-type=\"image\"><img decoding=\"async\" class=\"aligncenter\" src=\"https:\/\/sawaqli.fra1.cdn.digitaloceanspaces.com\/49086\/FS06-4.jpg\" width=\"1024\" height=\"1024\" \/><figcaption class=\"attachment__caption\"><\/figcaption><\/figure>\n<figure class=\"attachment attachment--preview\" data-trix-attachment=\"{&quot;contentType&quot;:&quot;image&quot;,&quot;height&quot;:1024,&quot;url&quot;:&quot;https:\/\/sawaqli.fra1.cdn.digitaloceanspaces.com\/49087\/FS06-6.jpg&quot;,&quot;width&quot;:1024}\" data-trix-content-type=\"image\"><img decoding=\"async\" class=\"aligncenter\" src=\"https:\/\/sawaqli.fra1.cdn.digitaloceanspaces.com\/49087\/FS06-6.jpg\" width=\"1024\" height=\"1024\" \/><figcaption class=\"attachment__caption\"><\/figcaption><\/figure>\n<p style=\"text-align: center;\">","protected":false},"excerpt":{"rendered":"<p>\u2744\ufe0f \u0645\u0628\u0631\u062f \u0647\u0627\u062a\u0641 FS06 \u0645\u062a\u0639\u062f\u062f \u0627\u0644\u0648\u0638\u0627\u0626\u0641\u062a\u0648\u0627\u0641\u0642 \u0639\u0627\u0644\u0645\u064a: \u0645\u0632\u0648\u0651\u062f \u0628\u0645\u0644\u062d\u0642\u0627\u062a \u062a\u0646\u0627\u0633\u0628 \u0639\u062f\u0629 \u0623\u0646\u0648\u0627\u0639 \u0645\u0646 \u0627\u0644\u0647\u0648\u0627\u062a\u0641 \u0627\u0644\u0630\u0643\u064a\u0629.\u062a\u0628\u0631\u064a\u062f \u0645\u0632\u062f\u0648\u062c: \u0645\u0631\u0648\u062d\u062a\u0627\u0646 \u0641\u0639\u0651\u0627\u0644\u062a\u0627\u0646 \u0644\u062a\u062d\u0633\u064a\u0646 \u0627\u0644\u0623\u062f\u0627\u0621 \u0648\u0627\u0644\u062f\u0642\u0629\u060c \u0645\u062b\u0627\u0644\u064a \u0644\u0644\u0628\u062b \u0627\u0644\u0645\u0628\u0627\u0634\u0631.\u0623\u062f\u0627\u0621 \u062a\u0628\u0631\u064a\u062f \u0642\u0648\u064a: \u064a\u062d\u0627\u0641\u0638 \u0639\u0644\u0649 \u062d\u0631\u0627\u0631\u0629 \u0623\u0642\u0644 \u0645\u0646 105 \u062f\u0631\u062c\u0629 \u0645\u0626\u0648\u064a\u0629 \u0644\u062a\u0634\u063a\u064a\u0644 \u0645\u0633\u062a\u0645\u0631 \u0628\u062f\u0648\u0646 \u0627\u0646\u0642\u0637\u0627\u0639.\u062a\u0635\u0645\u064a\u0645 \u0645\u0628\u062a\u0643\u0631: \u064a\u062a\u064a\u062d \u062a\u062d\u0643\u0645\u064b\u0627 \u0631\u0642\u0645\u064a\u064b\u0627 \u0633\u0647\u0644\u064b\u0627 \u0641\u064a \u062d\u0631\u0627\u0631\u0629 \u0627\u0644\u0647\u0627\u062a\u0641 \u0645\u0639 \u0646\u0638\u0627\u0645 \u062a\u0628\u0631\u064a\u062f \u0645\u062d\u0633\u0651\u0646.\u062a\u0628\u0631\u064a\u062f \u0641\u0627\u0626\u0642 + \u062a\u0635\u0645\u064a\u0645 \u062d\u062f\u064a\u062b: \u0645\u062b\u0627\u0644\u064a \u0644\u0644\u0627\u0639\u0628\u064a\u0646 \u0648\u0635\u0627\u0646\u0639\u064a \u0627\u0644\u0645\u062d\u062a\u0648\u0649.<\/p>","protected":false},"featured_media":45481,"comment_status":"open","ping_status":"closed","template":"","meta":[],"product_brand":[],"product_cat":[2463],"product_tag":[],"class_list":{"0":"post-45482","1":"product","2":"type-product","3":"status-publish","4":"has-post-thumbnail","6":"product_cat-electronique","8":"first","9":"instock","10":"sale","11":"taxable","12":"shipping-taxable","13":"purchasable","14":"product-type-simple"},"jetpack_sharing_enabled":true,"_links":{"self":[{"href":"https:\/\/shoponlinedz.com\/en\/wp-json\/wp\/v2\/product\/45482","targetHints":{"allow":["GET"]}}],"collection":[{"href":"https:\/\/shoponlinedz.com\/en\/wp-json\/wp\/v2\/product"}],"about":[{"href":"https:\/\/shoponlinedz.com\/en\/wp-json\/wp\/v2\/types\/product"}],"replies":[{"embeddable":true,"href":"https:\/\/shoponlinedz.com\/en\/wp-json\/wp\/v2\/comments?post=45482"}],"version-history":[{"count":0,"href":"https:\/\/shoponlinedz.com\/en\/wp-json\/wp\/v2\/product\/45482\/revisions"}],"wp:featuredmedia":[{"embeddable":true,"href":"https:\/\/shoponlinedz.com\/en\/wp-json\/wp\/v2\/media\/45481"}],"wp:attachment":[{"href":"https:\/\/shoponlinedz.com\/en\/wp-json\/wp\/v2\/media?parent=45482"}],"wp:term":[{"taxonomy":"product_brand","embeddable":true,"href":"https:\/\/shoponlinedz.com\/en\/wp-json\/wp\/v2\/product_brand?post=45482"},{"taxonomy":"product_cat","embeddable":true,"href":"https:\/\/shoponlinedz.com\/en\/wp-json\/wp\/v2\/product_cat?post=45482"},{"taxonomy":"product_tag","embeddable":true,"href":"https:\/\/shoponlinedz.com\/en\/wp-json\/wp\/v2\/product_tag?post=45482"}],"curies":[{"name":"wp","href":"https:\/\/api.w.org\/{rel}","templated":true}]}}