{"id":45443,"date":"2026-01-05T14:47:17","date_gmt":"2026-01-05T14:47:17","guid":{"rendered":"https:\/\/shoponlinedz.com\/product\/stop-fenetres-et-verrou-de-securite-pour-enfants-%d8%a3%d8%af%d8%a7%d8%a9-%d8%ad%d9%85%d8%a7%d9%8a%d8%a9-%d9%84%d8%ba%d9%84%d9%82-%d8%a7%d9%84%d9%86%d8%a7%d9%81%d8%b0%d8%a9\/"},"modified":"2026-01-28T12:23:04","modified_gmt":"2026-01-28T12:23:04","slug":"stop-fenetres-et-verrou-de-securite-pour-enfants-%d8%a3%d8%af%d8%a7%d8%a9-%d8%ad%d9%85%d8%a7%d9%8a%d8%a9-%d9%84%d8%ba%d9%84%d9%82-%d8%a7%d9%84%d9%86%d8%a7%d9%81%d8%b0%d8%a9","status":"publish","type":"product","link":"https:\/\/shoponlinedz.com\/en\/product\/stop-fenetres-et-verrou-de-securite-pour-enfants-%d8%a3%d8%af%d8%a7%d8%a9-%d8%ad%d9%85%d8%a7%d9%8a%d8%a9-%d9%84%d8%ba%d9%84%d9%82-%d8%a7%d9%84%d9%86%d8%a7%d9%81%d8%b0%d8%a9\/","title":{"rendered":"Stop Fen\u00eatres et Verrou de s\u00e9curit\u00e9 pour enfants \u2013 \u0623\u062f\u0627\u0629 \u062d\u0645\u0627\u064a\u0629 \u0644\u063a\u0644\u0642 \u0627\u0644\u0646\u0627\u0641\u0630\u0629"},"content":{"rendered":"<figure class=\"attachment attachment--preview\" data-trix-attachment=\"{&quot;contentType&quot;:&quot;image&quot;,&quot;height&quot;:1024,&quot;url&quot;:&quot;https:\/\/sawa9ly.app\/storage\/63724\/Verrou-FN-CNC.jpg&quot;,&quot;width&quot;:1024}\" data-trix-content-type=\"image\"><img decoding=\"async\" class=\"aligncenter\" src=\"https:\/\/sawa9ly.app\/storage\/63724\/Verrou-FN-CNC.jpg\" width=\"1024\" height=\"1024\" \/><figcaption class=\"attachment__caption\"><\/figcaption><\/figure>\n<figure class=\"attachment attachment--preview\" data-trix-attachment=\"{&quot;contentType&quot;:&quot;image&quot;,&quot;height&quot;:1024,&quot;url&quot;:&quot;https:\/\/sawa9ly.app\/storage\/63725\/Verrou-FN-10.jpg&quot;,&quot;width&quot;:1024}\" data-trix-content-type=\"image\"><img decoding=\"async\" class=\"aligncenter\" src=\"https:\/\/sawa9ly.app\/storage\/63725\/Verrou-FN-10.jpg\" width=\"1024\" height=\"1024\" \/><figcaption class=\"attachment__caption\"><\/figcaption><\/figure>\n<figure class=\"attachment attachment--preview\" data-trix-attachment=\"{&quot;contentType&quot;:&quot;image&quot;,&quot;height&quot;:1024,&quot;url&quot;:&quot;https:\/\/sawa9ly.app\/storage\/63726\/Verrou-FN-5.jpg&quot;,&quot;width&quot;:1024}\" data-trix-content-type=\"image\"><img decoding=\"async\" class=\"aligncenter\" src=\"https:\/\/sawa9ly.app\/storage\/63726\/Verrou-FN-5.jpg\" width=\"1024\" height=\"1024\" \/><figcaption class=\"attachment__caption\"><\/figcaption><\/figure>\n<figure class=\"attachment attachment--preview\" data-trix-attachment=\"{&quot;contentType&quot;:&quot;image&quot;,&quot;height&quot;:1024,&quot;url&quot;:&quot;https:\/\/sawa9ly.app\/storage\/63727\/Verrou-FN-1.jpg&quot;,&quot;width&quot;:1024}\" data-trix-content-type=\"image\"><img decoding=\"async\" class=\"aligncenter\" src=\"https:\/\/sawa9ly.app\/storage\/63727\/Verrou-FN-1.jpg\" width=\"1024\" height=\"1024\" \/><figcaption class=\"attachment__caption\"><\/figcaption><\/figure>\n<figure class=\"attachment attachment--preview\" data-trix-attachment=\"{&quot;contentType&quot;:&quot;image&quot;,&quot;height&quot;:1024,&quot;url&quot;:&quot;https:\/\/sawa9ly.app\/storage\/63728\/Verrou-FN-2.jpg&quot;,&quot;width&quot;:1024}\" data-trix-content-type=\"image\"><img decoding=\"async\" class=\"aligncenter\" src=\"https:\/\/sawa9ly.app\/storage\/63728\/Verrou-FN-2.jpg\" width=\"1024\" height=\"1024\" \/><figcaption class=\"attachment__caption\"><\/figcaption><\/figure>\n<p style=\"text-align: center;\">","protected":false},"excerpt":{"rendered":"<p>\ud83d\udd12 \u0642\u0641\u0644 \u0623\u0645\u0627\u0646 \u0644\u0644\u0646\u0648\u0627\u0641\u0630 UPVC \u2013 \u062d\u0645\u0627\u064a\u0629 \u0645\u062b\u0627\u0644\u064a\u0629 \u0644\u0644\u0623\u0637\u0641\u0627\u0644 \u062f\u0648\u0646 \u062d\u0641\u0631!\u2714\ufe0f \u0627\u0644\u0623\u0645\u0627\u0646 \u0623\u0648\u0644\u0627\u064b ! \u0647\u0644 \u062a\u0628\u062d\u062b \u0639\u0646 \u0637\u0631\u064a\u0642\u0629 \u0645\u0648\u062b\u0648\u0642\u0629 \u0644\u062a\u0623\u0645\u064a\u0646 \u0627\u0644\u0646\u0648\u0627\u0641\u0630 \u0641\u064a \u0645\u0646\u0632\u0644\u0643\u061f \u064a\u0648\u0641\u0631 \u0644\u0643 \u0647\u0630\u0627 \u0627\u0644\u0642\u0641\u0644 \u0627\u0644\u0630\u0643\u064a \u062d\u0645\u0627\u064a\u0629 \u0641\u0639\u0651\u0627\u0644\u0629\u060c \u062d\u064a\u062b \u064a\u0645\u0646\u0639 \u0641\u062a\u062d \u0627\u0644\u0646\u0627\u0641\u0630\u0629 \u0625\u0644\u0627 \u0628\u0645\u0633\u0627\u0641\u0629 7 \u0633\u0645 \u0641\u0642\u0637 \u0644\u0644\u0633\u0645\u0627\u062d \u0628\u0645\u0631\u0648\u0631 \u0627\u0644\u0647\u0648\u0627\u0621 \u062f\u0648\u0646 \u062a\u0639\u0631\u064a\u0636 \u0627\u0644\u0623\u0637\u0641\u0627\u0644 \u0644\u0644\u062e\u0637\u0631.\u2714\ufe0f \u062a\u0631\u0643\u064a\u0628 \u0633\u0647\u0644 \u0628\u062f\u0648\u0646 \u0623\u062f\u0648\u0627\u062a \u0645\u0632\u0648\u062f \u0628\u0644\u0627\u0635\u0642 \u0642\u0648\u064a \u062e\u0627\u0635 \u064a\u0644\u062a\u0635\u0642 \u0628\u0625\u062d\u0643\u0627\u0645 \u0639\u0644\u0649 \u0625\u0637\u0627\u0631 \u0627\u0644\u0646\u0627\u0641\u0630\u0629. \u0648\u0639\u0646\u062f \u0625\u0632\u0627\u0644\u062a\u0647\u060c \u0644\u0627 \u064a\u062a\u0631\u0643 \u0623\u064a \u0622\u062b\u0627\u0631 \u0623\u0648 \u062e\u062f\u0648\u0634.\u2714\ufe0f \u0645\u0646\u0627\u0633\u0628 \u0644\u0645\u062e\u062a\u0644\u0641 \u0623\u0646\u0648\u0627\u0639 \u0627\u0644\u0646\u0648\u0627\u0641\u0630 \u0645\u0635\u0645\u0645 \u0644\u064a\u0646\u0627\u0633\u0628 \u0627\u0644\u0646\u0648\u0627\u0641\u0630 \u0627\u0644\u062a\u064a \u062a\u064f\u0641\u062a\u062d \u0644\u0644\u062f\u0627\u062e\u0644 \u0623\u0648 \u0644\u0644\u062e\u0627\u0631\u062c \u0628\u0634\u0631\u0637 \u0623\u0646 \u064a\u0643\u0648\u0646 \u0639\u0631\u0636 \u0627\u0644\u0625\u0637\u0627\u0631 35 \u0645\u0645 \u0639\u0644\u0649 \u0627\u0644\u0623\u0642\u0644.\u2b50 \u0627\u0644\u0645\u0632\u0627\u064a\u0627 \u0627\u0644\u0631\u0626\u064a\u0633\u064a\u0629\ud83d\udd10 \u0623\u0645\u0627\u0646 \u0639\u0627\u0644\u064a \u064a\u0645\u0646\u0639 \u0641\u062a\u062d \u0627\u0644\u0646\u0627\u0641\u0630\u0629 \u0628\u0627\u0644\u0643\u0627\u0645\u0644 \u0644\u062d\u0645\u0627\u064a\u0629 \u0627\u0644\u0623\u0637\u0641\u0627\u0644.\ud83d\udca8 \u062a\u0647\u0648\u064a\u0629 \u0622\u0645\u0646\u0629 \u0628\u0641\u062a\u062d\u0629 \u0645\u0642\u064a\u062f\u0629 \u0644\u0627 \u062a\u062a\u062c\u0627\u0648\u0632 7 \u0633\u0645.\ud83d\udee0\ufe0f \u062a\u0631\u0643\u064a\u0628 \u0628\u0644\u0627 \u062d\u0641\u0631\u060c \u0628\u0644\u0627 \u0628\u0631\u0627\u063a\u064a\u060c \u0628\u0644\u0627 \u0641\u0648\u0636\u0649.\ud83e\uddfc \u0625\u0632\u0627\u0644\u0629 \u0646\u0638\u064a\u0641\u0629 \u0628\u062f\u0648\u0646 \u0628\u0642\u0627\u064a\u0627 \u0644\u0627\u0635\u0642.\ud83c\udfe0 \u0645\u062a\u0648\u0627\u0641\u0642 \u0645\u0639 \u0623\u063a\u0644\u0628 \u0646\u0648\u0627\u0641\u0630 UPVC \u0627\u0644\u0645\u0646\u0632\u0644\u064a\u0629.<\/p>","protected":false},"featured_media":45442,"comment_status":"open","ping_status":"closed","template":"","meta":[],"product_brand":[],"product_cat":[2455],"product_tag":[],"class_list":{"0":"post-45443","1":"product","2":"type-product","3":"status-publish","4":"has-post-thumbnail","6":"product_cat-maison","8":"first","9":"instock","10":"sale","11":"taxable","12":"shipping-taxable","13":"purchasable","14":"product-type-simple"},"jetpack_sharing_enabled":true,"_links":{"self":[{"href":"https:\/\/shoponlinedz.com\/en\/wp-json\/wp\/v2\/product\/45443","targetHints":{"allow":["GET"]}}],"collection":[{"href":"https:\/\/shoponlinedz.com\/en\/wp-json\/wp\/v2\/product"}],"about":[{"href":"https:\/\/shoponlinedz.com\/en\/wp-json\/wp\/v2\/types\/product"}],"replies":[{"embeddable":true,"href":"https:\/\/shoponlinedz.com\/en\/wp-json\/wp\/v2\/comments?post=45443"}],"version-history":[{"count":0,"href":"https:\/\/shoponlinedz.com\/en\/wp-json\/wp\/v2\/product\/45443\/revisions"}],"wp:featuredmedia":[{"embeddable":true,"href":"https:\/\/shoponlinedz.com\/en\/wp-json\/wp\/v2\/media\/45442"}],"wp:attachment":[{"href":"https:\/\/shoponlinedz.com\/en\/wp-json\/wp\/v2\/media?parent=45443"}],"wp:term":[{"taxonomy":"product_brand","embeddable":true,"href":"https:\/\/shoponlinedz.com\/en\/wp-json\/wp\/v2\/product_brand?post=45443"},{"taxonomy":"product_cat","embeddable":true,"href":"https:\/\/shoponlinedz.com\/en\/wp-json\/wp\/v2\/product_cat?post=45443"},{"taxonomy":"product_tag","embeddable":true,"href":"https:\/\/shoponlinedz.com\/en\/wp-json\/wp\/v2\/product_tag?post=45443"}],"curies":[{"name":"wp","href":"https:\/\/api.w.org\/{rel}","templated":true}]}}