{"id":45257,"date":"2026-01-05T14:42:16","date_gmt":"2026-01-05T14:42:16","guid":{"rendered":"https:\/\/shoponlinedz.com\/product\/egouttoir-a-vaisselle-pliable-en-bambou-de-haute-qualite-%d8%ad%d8%a7%d9%85%d9%84-%d8%a3%d9%88%d8%a7%d9%86%d9%8a-%d8%a7%d9%84%d8%ba%d8%b3%d9%8a%d9%84\/"},"modified":"2026-01-28T12:23:15","modified_gmt":"2026-01-28T12:23:15","slug":"egouttoir-a-vaisselle-pliable-en-bambou-de-haute-qualite-%d8%ad%d8%a7%d9%85%d9%84-%d8%a3%d9%88%d8%a7%d9%86%d9%8a-%d8%a7%d9%84%d8%ba%d8%b3%d9%8a%d9%84","status":"publish","type":"product","link":"https:\/\/shoponlinedz.com\/en\/product\/egouttoir-a-vaisselle-pliable-en-bambou-de-haute-qualite-%d8%ad%d8%a7%d9%85%d9%84-%d8%a3%d9%88%d8%a7%d9%86%d9%8a-%d8%a7%d9%84%d8%ba%d8%b3%d9%8a%d9%84\/","title":{"rendered":"\u00c9gouttoir \u00e0 vaisselle pliable en bambou de haute qualit\u00e9 \u2013 \u062d\u0627\u0645\u0644 \u0623\u0648\u0627\u0646\u064a \u0627\u0644\u063a\u0633\u064a\u0644"},"content":{"rendered":"<figure class=\"attachment attachment--preview\" data-trix-attachment=\"{&quot;contentType&quot;:&quot;image&quot;,&quot;height&quot;:1024,&quot;url&quot;:&quot;https:\/\/sawa9ly.app\/storage\/63305\/Bamboo-Holder-cnc.jpg&quot;,&quot;width&quot;:1024}\" data-trix-content-type=\"image\"><img decoding=\"async\" class=\"aligncenter\" src=\"https:\/\/sawa9ly.app\/storage\/63305\/Bamboo-Holder-cnc.jpg\" width=\"1024\" height=\"1024\" \/><figcaption class=\"attachment__caption\"><\/figcaption><\/figure>\n<figure class=\"attachment attachment--preview\" data-trix-attachment=\"{&quot;contentType&quot;:&quot;image&quot;,&quot;height&quot;:1024,&quot;url&quot;:&quot;https:\/\/sawa9ly.app\/storage\/63306\/Bamboo-Holder-9.jpg&quot;,&quot;width&quot;:1024}\" data-trix-content-type=\"image\"><img decoding=\"async\" class=\"aligncenter\" src=\"https:\/\/sawa9ly.app\/storage\/63306\/Bamboo-Holder-9.jpg\" width=\"1024\" height=\"1024\" \/><figcaption class=\"attachment__caption\"><\/figcaption><\/figure>\n<figure class=\"attachment attachment--preview\" data-trix-attachment=\"{&quot;contentType&quot;:&quot;image&quot;,&quot;height&quot;:1024,&quot;url&quot;:&quot;https:\/\/sawa9ly.app\/storage\/63307\/Bamboo-Holder-8.jpg&quot;,&quot;width&quot;:1024}\" data-trix-content-type=\"image\"><img decoding=\"async\" class=\"aligncenter\" src=\"https:\/\/sawa9ly.app\/storage\/63307\/Bamboo-Holder-8.jpg\" width=\"1024\" height=\"1024\" \/><figcaption class=\"attachment__caption\"><\/figcaption><\/figure>\n<figure class=\"attachment attachment--preview\" data-trix-attachment=\"{&quot;contentType&quot;:&quot;image&quot;,&quot;height&quot;:1024,&quot;url&quot;:&quot;https:\/\/sawa9ly.app\/storage\/63308\/Bamboo-Holder-10.jpg&quot;,&quot;width&quot;:1024}\" data-trix-content-type=\"image\"><img decoding=\"async\" class=\"aligncenter\" src=\"https:\/\/sawa9ly.app\/storage\/63308\/Bamboo-Holder-10.jpg\" width=\"1024\" height=\"1024\" \/><figcaption class=\"attachment__caption\"><\/figcaption><\/figure>\n<figure class=\"attachment attachment--preview\" data-trix-attachment=\"{&quot;contentType&quot;:&quot;image&quot;,&quot;height&quot;:1024,&quot;url&quot;:&quot;https:\/\/sawa9ly.app\/storage\/63309\/Bamboo-Holder-11.jpg&quot;,&quot;width&quot;:1024}\" data-trix-content-type=\"image\"><img decoding=\"async\" class=\"aligncenter\" src=\"https:\/\/sawa9ly.app\/storage\/63309\/Bamboo-Holder-11.jpg\" width=\"1024\" height=\"1024\" \/><figcaption class=\"attachment__caption\"><\/figcaption><\/figure>\n<p style=\"text-align: center;\">","protected":false},"excerpt":{"rendered":"<p>\ud83e\uddfc \u0645\u064e\u062c\u0641\u0641 \u0623\u0637\u0628\u0627\u0642 \u0645\u0646 \u0627\u0644\u062e\u064a\u0632\u0631\u0627\u0646 \u2014 \u0639\u0645\u0644\u064a \u0648\u0623\u0646\u064a\u0642 !\u0647\u0630\u0627 \u0627\u0644\u0645\u062c\u0641\u0641 \u064a\u0645\u0646\u062d\u0643 \u0645\u0633\u0627\u062d\u0629 \u0625\u0636\u0627\u0641\u064a\u0629 \u0644\u062a\u0631\u062a\u064a\u0628 \u0627\u0644\u0623\u0637\u0628\u0627\u0642\u060c \u0627\u0644\u0643\u0624\u0648\u0633 \u0648\u0627\u0644\u0633\u0644\u0637\u0627\u0646\u064a\u0627\u062a \u0623\u062b\u0646\u0627\u0621 \u062a\u062c\u0641\u064a\u0641\u0647\u0627 \u0628\u0639\u062f \u0627\u0644\u063a\u0633\u0644. \u0645\u0635\u0646\u0648\u0639 \u0645\u0646 \u062e\u064a\u0632\u0631\u0627\u0646 \u0637\u0628\u064a\u0639\u064a \u0639\u0627\u0644\u064a \u0627\u0644\u062c\u0648\u062f\u0629 \u0628\u062a\u0634\u0637\u064a\u0628 \u0645\u062a\u064a\u0646 \u064a\u062c\u0645\u0639 \u0628\u064a\u0646 \u0627\u0644\u0623\u0646\u0627\u0642\u0629 \u0648\u0627\u0644\u0648\u0638\u064a\u0641\u0629. \u0642\u0627\u0628\u0644 \u0644\u0644\u0637\u064a\u060c \u0645\u0645\u0627 \u064a\u062c\u0639\u0644\u0647 \u0633\u0647\u0644 \u0627\u0644\u062a\u062e\u0632\u064a\u0646 \u0648\u064a\u0648\u0641\u0651\u0631 \u0645\u0633\u0627\u062d\u0629 \u0641\u064a \u0627\u0644\u0645\u0637\u0628\u062e.\u2b50 \u0627\u0644\u0645\u064a\u0632\u0627\u062a :\u2714 \u0645\u0633\u0627\u062d\u0629 \u062a\u062e\u0632\u064a\u0646 \u0625\u0636\u0627\u0641\u064a\u0629 \u0644\u0644\u0623\u0637\u0628\u0627\u0642\u060c \u0627\u0644\u0623\u0643\u0648\u0627\u0628 \u0648\u0627\u0644\u0628\u0648\u0644\u0627\u062a \u2714 \u0645\u0635\u0646\u0648\u0639 \u0645\u0646 \u0627\u0644\u062e\u064a\u0632\u0631\u0627\u0646 \u0627\u0644\u0637\u0628\u064a\u0639\u064a \u2014 \u0645\u062a\u064a\u0646\u060c \u0645\u0642\u0627\u0648\u0645 \u0644\u0644\u0631\u0637\u0648\u0628\u0629\u060c \u0648\u0623\u0646\u064a\u0642 \u2714 \u0642\u0627\u0628\u0644 \u0644\u0644\u0637\u064a \u0644\u0633\u0647\u0648\u0644\u0629 \u0627\u0644\u062a\u062e\u0632\u064a\u0646 \u0639\u0646\u062f \u0639\u062f\u0645 \u0627\u0644\u0627\u0633\u062a\u0639\u0645\u0627\u0644 \u2714 \u0627\u0644\u0623\u0628\u0639\u0627\u062f : 34.5 \u00d7 30.5 \u00d7 33 \u0633\u0645 \u2714 \u0648\u0632\u0646 \u0627\u0644\u0639\u0644\u0628\u0629 : 1 \u0643\u063a\ud83c\udfaf \u0644\u0645\u0627\u0630\u0627 \u0633\u062a\u062d\u0628\u0647 \u061f\u062a\u0635\u0645\u064a\u0645 \u0628\u0633\u064a\u0637 \u0648\u062c\u0645\u064a\u0644 \u064a\u0646\u0627\u0633\u0628 \u062c\u0645\u064a\u0639 \u0627\u0644\u0645\u0637\u0627\u0628\u062e\u0644\u0627 \u064a\u0623\u062e\u0630 \u0645\u0633\u0627\u062d\u0629 \u0643\u0628\u064a\u0631\u0629\u0642\u0648\u064a \u0648\u0637\u0628\u064a\u0639\u064a \u0648\u0635\u062f\u064a\u0642 \u0644\u0644\u0628\u064a\u0626\u0629<\/p>","protected":false},"featured_media":45256,"comment_status":"open","ping_status":"closed","template":"","meta":[],"product_brand":[],"product_cat":[2456],"product_tag":[],"class_list":{"0":"post-45257","1":"product","2":"type-product","3":"status-publish","4":"has-post-thumbnail","6":"product_cat-cuisine","8":"first","9":"instock","10":"sale","11":"taxable","12":"shipping-taxable","13":"purchasable","14":"product-type-simple"},"jetpack_sharing_enabled":true,"_links":{"self":[{"href":"https:\/\/shoponlinedz.com\/en\/wp-json\/wp\/v2\/product\/45257","targetHints":{"allow":["GET"]}}],"collection":[{"href":"https:\/\/shoponlinedz.com\/en\/wp-json\/wp\/v2\/product"}],"about":[{"href":"https:\/\/shoponlinedz.com\/en\/wp-json\/wp\/v2\/types\/product"}],"replies":[{"embeddable":true,"href":"https:\/\/shoponlinedz.com\/en\/wp-json\/wp\/v2\/comments?post=45257"}],"version-history":[{"count":0,"href":"https:\/\/shoponlinedz.com\/en\/wp-json\/wp\/v2\/product\/45257\/revisions"}],"wp:featuredmedia":[{"embeddable":true,"href":"https:\/\/shoponlinedz.com\/en\/wp-json\/wp\/v2\/media\/45256"}],"wp:attachment":[{"href":"https:\/\/shoponlinedz.com\/en\/wp-json\/wp\/v2\/media?parent=45257"}],"wp:term":[{"taxonomy":"product_brand","embeddable":true,"href":"https:\/\/shoponlinedz.com\/en\/wp-json\/wp\/v2\/product_brand?post=45257"},{"taxonomy":"product_cat","embeddable":true,"href":"https:\/\/shoponlinedz.com\/en\/wp-json\/wp\/v2\/product_cat?post=45257"},{"taxonomy":"product_tag","embeddable":true,"href":"https:\/\/shoponlinedz.com\/en\/wp-json\/wp\/v2\/product_tag?post=45257"}],"curies":[{"name":"wp","href":"https:\/\/api.w.org\/{rel}","templated":true}]}}