{"id":45198,"date":"2026-01-05T14:40:44","date_gmt":"2026-01-05T14:40:44","guid":{"rendered":"https:\/\/shoponlinedz.com\/product\/fontaine-a-eau-cascade-avec-eclairage-led-pour-decoration-interieure-et-ambiance-v5\/"},"modified":"2026-01-28T12:23:19","modified_gmt":"2026-01-28T12:23:19","slug":"fontaine-a-eau-cascade-avec-eclairage-led-pour-decoration-interieure-et-ambiance-v5","status":"publish","type":"product","link":"https:\/\/shoponlinedz.com\/en\/product\/fontaine-a-eau-cascade-avec-eclairage-led-pour-decoration-interieure-et-ambiance-v5\/","title":{"rendered":"Fontaine \u00e0 eau cascade avec \u00e9clairage LED pour d\u00e9coration int\u00e9rieure et ambiance V5"},"content":{"rendered":"<figure class=\"attachment attachment--preview\" data-trix-attachment=\"{&quot;contentType&quot;:&quot;image&quot;,&quot;height&quot;:1024,&quot;url&quot;:&quot;https:\/\/sawa9ly.app\/storage\/63991\/Fontaine-LED-V5-cnc-1.jpg&quot;,&quot;width&quot;:1024}\" data-trix-content-type=\"image\"><img decoding=\"async\" class=\"aligncenter\" src=\"https:\/\/sawa9ly.app\/storage\/63991\/Fontaine-LED-V5-cnc-1.jpg\" width=\"1024\" height=\"1024\" \/><figcaption class=\"attachment__caption\"><\/figcaption><\/figure>\n<figure class=\"attachment attachment--preview\" data-trix-attachment=\"{&quot;contentType&quot;:&quot;image&quot;,&quot;height&quot;:1024,&quot;url&quot;:&quot;https:\/\/sawa9ly.app\/storage\/63992\/Fontaine-LED-V5-4.jpg&quot;,&quot;width&quot;:1024}\" data-trix-content-type=\"image\"><img decoding=\"async\" class=\"aligncenter\" src=\"https:\/\/sawa9ly.app\/storage\/63992\/Fontaine-LED-V5-4.jpg\" width=\"1024\" height=\"1024\" \/><figcaption class=\"attachment__caption\"><\/figcaption><\/figure>\n<figure class=\"attachment attachment--preview\" data-trix-attachment=\"{&quot;contentType&quot;:&quot;image&quot;,&quot;height&quot;:1024,&quot;url&quot;:&quot;https:\/\/sawa9ly.app\/storage\/63993\/Fontaine-LED-V5-2.jpg&quot;,&quot;width&quot;:1024}\" data-trix-content-type=\"image\"><img decoding=\"async\" class=\"aligncenter\" src=\"https:\/\/sawa9ly.app\/storage\/63993\/Fontaine-LED-V5-2.jpg\" width=\"1024\" height=\"1024\" \/><figcaption class=\"attachment__caption\"><\/figcaption><\/figure>\n<figure class=\"attachment attachment--preview\" data-trix-attachment=\"{&quot;contentType&quot;:&quot;image&quot;,&quot;height&quot;:1024,&quot;url&quot;:&quot;https:\/\/sawa9ly.app\/storage\/63994\/Fontaine-LED-V5-3.jpg&quot;,&quot;width&quot;:1024}\" data-trix-content-type=\"image\"><img decoding=\"async\" class=\"aligncenter\" src=\"https:\/\/sawa9ly.app\/storage\/63994\/Fontaine-LED-V5-3.jpg\" width=\"1024\" height=\"1024\" \/><figcaption class=\"attachment__caption\"><\/figcaption><\/figure>\n<figure class=\"attachment attachment--preview\" data-trix-attachment=\"{&quot;contentType&quot;:&quot;image&quot;,&quot;height&quot;:1024,&quot;url&quot;:&quot;https:\/\/sawa9ly.app\/storage\/63995\/Fontaine-LED-V5-cnc.jpg&quot;,&quot;width&quot;:1024}\" data-trix-content-type=\"image\"><img decoding=\"async\" class=\"aligncenter\" src=\"https:\/\/sawa9ly.app\/storage\/63995\/Fontaine-LED-V5-cnc.jpg\" width=\"1024\" height=\"1024\" \/><figcaption class=\"attachment__caption\"><\/figcaption><\/figure>\n<p style=\"text-align: center;\">","protected":false},"excerpt":{"rendered":"<p>\ud83c\udf0a\u2728 \u0646\u0627\u0641\u0648\u0631\u0629 \u0645\u0627\u0626\u064a\u0629 \u0645\u0643\u062a\u0628\u064a\u0629 USB \u2013 \u0623\u0646\u0627\u0642\u0629\u060c \u0637\u0627\u0642\u0629 \u0625\u064a\u062c\u0627\u0628\u064a\u0629 \u0648\u062c\u0630\u0628 \u0644\u0644\u0631\u062e\u0627\u0621\u0627\u0645\u0646\u062d \u0645\u0643\u062a\u0628\u0643 \u0623\u0648 \u0645\u0633\u0627\u062d\u0629 \u0639\u0645\u0644\u0643 \u0644\u0645\u0633\u0629 \u0641\u0627\u062e\u0631\u0629 \u0648\u0645\u0647\u062f\u0651\u0626\u0629 \u0645\u0639 \u0647\u0630\u0647 \u0627\u0644\u0646\u0627\u0641\u0648\u0631\u0629 \u0627\u0644\u0645\u0627\u0626\u064a\u0629 \u0627\u0644\u0645\u0635\u063a\u0651\u0631\u0629 \u0627\u0644\u062a\u064a \u062a\u0639\u0645\u0644 \u0639\u0628\u0631 USB. \u0635\u0648\u062a \u0627\u0644\u0645\u0627\u0621 \u0627\u0644\u0645\u062a\u062f\u0641\u0642 \u064a\u062e\u0644\u0642 \u062c\u0648\u064b\u0627 \u0645\u0646 \u0627\u0644\u0627\u0633\u062a\u0631\u062e\u0627\u0621 \u0648\u0627\u0644\u0637\u0645\u0623\u0646\u064a\u0646\u0629\u060c \u0645\u0645\u0627 \u064a\u0633\u0627\u0639\u062f \u0639\u0644\u0649 \u0632\u064a\u0627\u062f\u0629 \u0627\u0644\u062a\u0631\u0643\u064a\u0632 \u0648\u0627\u0644\u0625\u0646\u062a\u0627\u062c\u064a\u0629 \u062e\u0644\u0627\u0644 \u0627\u0644\u064a\u0648\u0645.\u2b50 \u0627\u0644\u0645\u0645\u064a\u0632\u0627\u062a \u0627\u0644\u0631\u0626\u064a\u0633\u064a\u0629 :1\ufe0f\u20e3 \u062a\u0635\u0645\u064a\u0645 \u0623\u0646\u064a\u0642 \u0648\u0645\u0631\u064a\u062d \u0644\u0644\u0623\u0639\u0635\u0627\u0628 \u0644\u0648\u062d\u0629 \u0645\u0627\u0626\u064a\u0629 \u0635\u063a\u064a\u0631\u0629 \u062a\u0636\u064a\u0641 \u062c\u0645\u0627\u0644\u064b\u0627 \u0648\u0647\u062f\u0648\u0621\u064b\u0627 \u0644\u0623\u064a \u0645\u0643\u062a\u0628 \u0623\u0648 \u063a\u0631\u0641\u0629. \u0635\u0648\u062a \u0627\u0644\u0645\u0627\u0621 \u0627\u0644\u0645\u0646\u0633\u0627\u0628 \u064a\u0633\u0627\u0639\u062f \u0639\u0644\u0649 \u0627\u0644\u0627\u0633\u062a\u0631\u062e\u0627\u0621 \u0648\u062a\u0642\u0644\u064a\u0644 \u0627\u0644\u062a\u0648\u062a\u0631 \u0623\u062b\u0646\u0627\u0621 \u0627\u0644\u0639\u0645\u0644.2\ufe0f\u20e3 \u062c\u0630\u0628 \u0627\u0644\u0631\u0632\u0642 \u0648\u0627\u0644\u0637\u0627\u0642\u0629 \u0627\u0644\u0625\u064a\u062c\u0627\u0628\u064a\u0629 \u062a\u062f\u0641\u0642 \u0627\u0644\u0645\u0627\u0621 \u064a\u0631\u0645\u0632 \u0625\u0644\u0649 \u062a\u062f\u0641\u0642 \u0627\u0644\u0645\u0627\u0644 \u0648\u0627\u0644\u0648\u0641\u0631\u0629\u060c \u0645\u0627 \u064a\u062c\u0639\u0644\u0647\u0627 \u0642\u0637\u0639\u0629 \u0645\u062b\u0627\u0644\u064a\u0629 \u0644\u062c\u0630\u0628 \u0627\u0644\u062d\u0638 \u0648\u0627\u0644\u062e\u064a\u0631 \u062d\u0633\u0628 \u0645\u0641\u0627\u0647\u064a\u0645 \u0637\u0627\u0642\u0629 \u0627\u0644\u0641\u064a\u0646\u063a \u0634\u0648\u064a.3\ufe0f\u20e3 \u0625\u0636\u0627\u0621\u0629 LED \u062f\u0627\u0641\u0626\u0629 \u0645\u0632\u0648\u062f\u0629 \u0628\u0625\u0636\u0627\u0621\u0629 LED \u0635\u0641\u0631\u0627\u0621 \u062a\u0645\u0646\u062d \u0625\u0634\u0631\u0627\u0642\u0629 \u0644\u0637\u064a\u0641\u0629 \u062a\u0636\u064a\u0641 \u062f\u0641\u0626\u064b\u0627 \u0648\u062c\u0645\u0627\u0644\u064b\u0627 \u0625\u0644\u0649 \u0627\u0644\u0645\u0643\u0627\u0646\u060c \u062e\u0635\u0648\u0635\u064b\u0627 \u0644\u064a\u0644\u0627\u064b.4\ufe0f\u20e3 \u062d\u062c\u0627\u0631\u0629 \u062a\u0632\u064a\u064a\u0646\u064a\u0629 \u0637\u0628\u064a\u0639\u064a\u0629 \u062a\u0623\u062a\u064a \u0627\u0644\u0646\u0627\u0641\u0648\u0631\u0629 \u0645\u0639 \u062d\u0650\u0635\u0649 \u0637\u0628\u064a\u0639\u064a \u063a\u064a\u0631 \u0645\u0646\u062a\u0638\u0645 \u0627\u0644\u0634\u0643\u0644 \u0644\u064a\u0645\u0646\u062d\u0647\u0627 \u0645\u0638\u0647\u0631\u064b\u0627 \u0637\u0628\u064a\u0639\u064a\u064b\u0627 \u064a\u0632\u064a\u062f \u0645\u0646 \u062c\u0645\u0627\u0644\u064a\u0629 \u0627\u0644\u062f\u064a\u0643\u0648\u0631.5\ufe0f\u20e3 \u0627\u0633\u062a\u062e\u062f\u0627\u0645\u0627\u062a \u0645\u062a\u0639\u062f\u062f\u0629 \u0635\u063a\u064a\u0631\u0629 \u0627\u0644\u062d\u062c\u0645 \u0648\u0633\u0647\u0644\u0629 \u0627\u0644\u0648\u0636\u0639 \u0641\u064a \u0623\u064a \u0645\u0643\u0627\u0646: \u063a\u0631\u0641\u0629 \u0627\u0644\u0646\u0648\u0645\u060c \u0627\u0644\u0645\u0643\u062a\u0628\u060c \u063a\u0631\u0641\u0629 \u0627\u0644\u062c\u0644\u0648\u0633\u060c \u0645\u0643\u062a\u0628 \u0627\u0644\u0639\u0645\u0644\u060c \u0637\u0627\u0648\u0644\u0629 \u0627\u0644\u0642\u0647\u0648\u0629 \u0623\u0648 \u062f\u064a\u0643\u0648\u0631 \u0627\u0644\u062a\u0644\u0641\u0627\u0632.\ud83d\udccc \u0627\u0644\u0645\u0648\u0627\u0635\u0641\u0627\u062a \u0627\u0644\u062a\u0642\u0646\u064a\u0629 :\u0646\u0648\u0639 \u0627\u0644\u0645\u0646\u062a\u062c: \u0646\u0627\u0641\u0648\u0631\u0629 \u0645\u0627\u0621 \u0645\u0643\u062a\u0628\u064a\u0629 USB\u0627\u0644\u0625\u0636\u0627\u0621\u0629: LED \u0628\u0644\u0648\u0646 \u0623\u0635\u0641\u0631\u0627\u0644\u062d\u062c\u0645: 16.51 \u00d7 10 \u00d7 10 \u0633\u0645\u0627\u0644\u0648\u0632\u0646: \u062d\u0648\u0627\u0644\u064a 511 \u062c\u0645\u0627\u0644\u062a\u0634\u063a\u064a\u0644: USB Type-C \u0628\u0642\u062f\u0631\u0629 5V\u0627\u0644\u0627\u0633\u062a\u062e\u062f\u0627\u0645: \u062f\u064a\u0643\u0648\u0631 \u0644\u0644\u0645\u0643\u062a\u0628\u060c \u063a\u0631\u0641\u0629 \u0627\u0644\u0646\u0648\u0645\u060c \u0627\u0644\u0635\u0627\u0644\u0648\u0646\u060c \u0637\u0627\u0648\u0644\u0629 \u062c\u0627\u0646\u0628\u064a\u0629\u2026\u0627\u0644\u0645\u0631\u0641\u0642\u0627\u062a: \u0643\u064a\u0633 \u062d\u062c\u0627\u0631\u0629 \u062a\u0632\u064a\u064a\u0646\u064a\u0629 (\u0627\u0644\u0643\u0645\u064a\u0629 \u0642\u062f \u062a\u062e\u062a\u0644\u0641)\ud83e\uddf4 \u0637\u0631\u064a\u0642\u0629 \u0627\u0644\u0627\u0633\u062a\u062e\u062f\u0627\u0645 :\u0623\u0636\u0650\u0641 \u0643\u0645\u064a\u0629 \u0645\u0646\u0627\u0633\u0628\u0629 \u0645\u0646 \u0627\u0644\u0645\u0627\u0621 \u062f\u0627\u062e\u0644 \u0627\u0644\u062d\u0648\u0636.\u0648\u0635\u0651\u0644 \u0627\u0644\u0643\u0627\u0628\u0644 USB \u0628\u0645\u0635\u062f\u0631 \u0637\u0627\u0642\u0629.\u0634\u063a\u0651\u0644 \u0627\u0644\u0645\u0641\u062a\u0627\u062d \u0648\u0627\u0633\u062a\u0645\u062a\u0639 \u0628\u0635\u0648\u062a \u0627\u0644\u0645\u0627\u0621 \u0627\u0644\u0647\u0627\u062f\u0626 \u0648\u0625\u0636\u0627\u0621\u0629 LED \u0627\u0644\u0645\u0631\u064a\u062d\u0629.\ud83d\udce6 \u0645\u062d\u062a\u0648\u064a\u0627\u062a \u0627\u0644\u0639\u0644\u0628\u0629 :1 \u00d7 \u0643\u064a\u0633 \u062d\u062c\u0631 \u062a\u0632\u064a\u064a\u0646\u064a1 \u00d7 \u0643\u0627\u0628\u0644 USB1 \u00d7 \u062f\u0644\u064a\u0644 \u0627\u0644\u0627\u0633\u062a\u062e\u062f\u0627\u06451 \u00d7 \u0646\u0627\u0641\u0648\u0631\u0629 \u0645\u0627\u0621 \u0645\u0643\u062a\u0628\u064a\u0629 USB<\/p>","protected":false},"featured_media":45197,"comment_status":"open","ping_status":"closed","template":"","meta":[],"product_brand":[],"product_cat":[2460],"product_tag":[],"class_list":{"0":"post-45198","1":"product","2":"type-product","3":"status-publish","4":"has-post-thumbnail","6":"product_cat-decoration","8":"first","9":"instock","10":"sale","11":"taxable","12":"shipping-taxable","13":"purchasable","14":"product-type-simple"},"jetpack_sharing_enabled":true,"_links":{"self":[{"href":"https:\/\/shoponlinedz.com\/en\/wp-json\/wp\/v2\/product\/45198","targetHints":{"allow":["GET"]}}],"collection":[{"href":"https:\/\/shoponlinedz.com\/en\/wp-json\/wp\/v2\/product"}],"about":[{"href":"https:\/\/shoponlinedz.com\/en\/wp-json\/wp\/v2\/types\/product"}],"replies":[{"embeddable":true,"href":"https:\/\/shoponlinedz.com\/en\/wp-json\/wp\/v2\/comments?post=45198"}],"version-history":[{"count":0,"href":"https:\/\/shoponlinedz.com\/en\/wp-json\/wp\/v2\/product\/45198\/revisions"}],"wp:featuredmedia":[{"embeddable":true,"href":"https:\/\/shoponlinedz.com\/en\/wp-json\/wp\/v2\/media\/45197"}],"wp:attachment":[{"href":"https:\/\/shoponlinedz.com\/en\/wp-json\/wp\/v2\/media?parent=45198"}],"wp:term":[{"taxonomy":"product_brand","embeddable":true,"href":"https:\/\/shoponlinedz.com\/en\/wp-json\/wp\/v2\/product_brand?post=45198"},{"taxonomy":"product_cat","embeddable":true,"href":"https:\/\/shoponlinedz.com\/en\/wp-json\/wp\/v2\/product_cat?post=45198"},{"taxonomy":"product_tag","embeddable":true,"href":"https:\/\/shoponlinedz.com\/en\/wp-json\/wp\/v2\/product_tag?post=45198"}],"curies":[{"name":"wp","href":"https:\/\/api.w.org\/{rel}","templated":true}]}}