{"id":45195,"date":"2026-01-05T14:40:41","date_gmt":"2026-01-05T14:40:41","guid":{"rendered":"https:\/\/shoponlinedz.com\/product\/pack-magic-book-reutilisable-avec-des-dessins-animes-projecteur-enfants-compacte-24-motifs\/"},"modified":"2026-04-12T17:49:47","modified_gmt":"2026-04-12T16:49:47","slug":"pack-magic-book-reutilisable-avec-des-dessins-animes-projecteur-enfants-compacte-24-motifs","status":"publish","type":"product","link":"https:\/\/shoponlinedz.com\/en\/product\/pack-magic-book-reutilisable-avec-des-dessins-animes-projecteur-enfants-compacte-24-motifs\/","title":{"rendered":"Pack Magic Book r\u00e9utilisable avec des dessins anim\u00e9s + Projecteur enfants compacte 24 motifs"},"content":{"rendered":"<figure class=\"attachment attachment--preview\" data-trix-attachment=\"{&quot;contentType&quot;:&quot;image&quot;,&quot;height&quot;:1024,&quot;url&quot;:&quot;https:\/\/sawa9ly.app\/storage\/64314\/PACK-Kids-CNC.jpg&quot;,&quot;width&quot;:1024}\" data-trix-content-type=\"image\"><img decoding=\"async\" class=\"aligncenter\" src=\"https:\/\/sawa9ly.app\/storage\/64314\/PACK-Kids-CNC.jpg\" width=\"1024\" height=\"1024\" \/><figcaption class=\"attachment__caption\"><\/figcaption><\/figure>\n<figure class=\"attachment attachment--preview\" data-trix-attachment=\"{&quot;contentType&quot;:&quot;image&quot;,&quot;height&quot;:1024,&quot;url&quot;:&quot;https:\/\/sawa9ly.app\/storage\/64315\/Pattern-Kids-cnc.jpg&quot;,&quot;width&quot;:1024}\" data-trix-content-type=\"image\"><img decoding=\"async\" class=\"aligncenter\" src=\"https:\/\/sawa9ly.app\/storage\/64315\/Pattern-Kids-cnc.jpg\" width=\"1024\" height=\"1024\" \/><figcaption class=\"attachment__caption\"><\/figcaption><\/figure>\n<p style=\"text-align: center;\">","protected":false},"excerpt":{"rendered":"<p>\u0643\u062a\u0627\u0628 \u062a\u0644\u0648\u064a\u0646 \u0628\u0627\u0644\u0645\u0627\u0621 \u0644\u0644\u0623\u0637\u0641\u0627\u0644 \u0645\u0639 \u0642\u0644\u0645 \u0633\u062d\u0631\u064a\u0645\u0642\u0627\u0633 \u0627\u0644\u0643\u062a\u0627\u0628: 15 \u00d7 19 \u0633\u0645 \u0645\u0639 \u0642\u0644\u0645 \u0628\u0637\u0648\u0644 13 \u0633\u0645 \u064a\u064f\u0645\u0644\u0623 \u0628\u0627\u0644\u0645\u0627\u0621.\u064a\u062d\u062a\u0648\u064a \u0639\u0644\u0649 4 \u0635\u0641\u062d\u0627\u062a \u062a\u0644\u0648\u064a\u0646 \u0642\u0627\u0628\u0644\u0629 \u0644\u0625\u0639\u0627\u062f\u0629 \u0627\u0644\u0627\u0633\u062a\u062e\u062f\u0627\u0645 \u06484 \u0635\u0641\u062d\u0627\u062a \u062a\u0639\u0644\u064a\u0645\u064a\u0629 \u0639\u0646 \u0627\u0644\u0643\u0627\u0626\u0646\u0627\u062a \u0627\u0644\u0645\u0627\u0626\u064a\u0629.\u0627\u0644\u0623\u0644\u0648\u0627\u0646 \u062a\u0638\u0647\u0631 \u0639\u0646\u062f \u0627\u0644\u062a\u0644\u0648\u064a\u0646 \u0628\u0627\u0644\u0645\u0627\u0621 \u0648\u062a\u062e\u062a\u0641\u064a \u0628\u0639\u062f \u062f\u0642\u0627\u0626\u0642\u060c \u0628\u062f\u0648\u0646 \u0641\u0648\u0636\u0649 \u0623\u0648 \u0627\u062a\u0633\u0627\u062e.\u062a\u0635\u0645\u064a\u0645 \u0639\u0645\u0644\u064a \u0628\u0631\u0628\u0627\u0637 \u062d\u0644\u0632\u0648\u0646\u064a \u0645\u0646\u0627\u0633\u0628 \u0644\u0644\u0633\u0641\u0631 \u0648\u0633\u0647\u0644 \u0627\u0644\u0625\u0645\u0633\u0627\u0643 \u0628\u0627\u0644\u0623\u064a\u062f\u064a \u0627\u0644\u0635\u063a\u064a\u0631\u0629.\u0648\u0633\u064a\u0644\u0629 \u0645\u0645\u062a\u0639\u0629 \u0648\u0622\u0645\u0646\u0629 \u0644\u062a\u0646\u0645\u064a\u0629 \u0627\u0644\u0625\u0628\u062f\u0627\u0639 \u0648\u0627\u0644\u0641\u0636\u0648\u0644 \u0644\u062f\u0649 \u0627\u0644\u0623\u0637\u0641\u0627\u0644.+1. Pratique et portable : cette mini torche de projection XSDY est petite et l\u00e9g\u00e8re, facile \u00e0 transporter n&#8217;importe o\u00f92. 24 motifs au choix : 24 motifs au choix, vous pouvez facilement projeter diff\u00e9rentes images pour cr\u00e9er une exp\u00e9rience unique et personnalis\u00e9e3. DEUX OPTIONS DE TAILLE : Cette lampe de poche a 2 tailles de 24 motifs, vous pouvez donc en choisir une qui correspond \u00e0 vos besoins4. \u00c9lectrique : Pas besoin de vous soucier des piles ! Cette petite torche est aliment\u00e9e par l&#8217;\u00e9lectricit\u00e9 avec une alimentation int\u00e9gr\u00e9e pour votre confort5. Choix de couleurs multiples : choisissez entre le rose, le vert ou le violet pour ajouter un peu de couleur \u00e0 votre projection<\/p>","protected":false},"featured_media":45194,"comment_status":"open","ping_status":"closed","template":"","meta":[],"product_brand":[],"product_cat":[2459],"product_tag":[],"class_list":{"0":"post-45195","1":"product","2":"type-product","3":"status-publish","4":"has-post-thumbnail","6":"product_cat-jouet-gaming","8":"first","9":"outofstock","10":"sale","11":"taxable","12":"shipping-taxable","13":"purchasable","14":"product-type-simple"},"jetpack_sharing_enabled":true,"_links":{"self":[{"href":"https:\/\/shoponlinedz.com\/en\/wp-json\/wp\/v2\/product\/45195","targetHints":{"allow":["GET"]}}],"collection":[{"href":"https:\/\/shoponlinedz.com\/en\/wp-json\/wp\/v2\/product"}],"about":[{"href":"https:\/\/shoponlinedz.com\/en\/wp-json\/wp\/v2\/types\/product"}],"replies":[{"embeddable":true,"href":"https:\/\/shoponlinedz.com\/en\/wp-json\/wp\/v2\/comments?post=45195"}],"version-history":[{"count":0,"href":"https:\/\/shoponlinedz.com\/en\/wp-json\/wp\/v2\/product\/45195\/revisions"}],"wp:featuredmedia":[{"embeddable":true,"href":"https:\/\/shoponlinedz.com\/en\/wp-json\/wp\/v2\/media\/45194"}],"wp:attachment":[{"href":"https:\/\/shoponlinedz.com\/en\/wp-json\/wp\/v2\/media?parent=45195"}],"wp:term":[{"taxonomy":"product_brand","embeddable":true,"href":"https:\/\/shoponlinedz.com\/en\/wp-json\/wp\/v2\/product_brand?post=45195"},{"taxonomy":"product_cat","embeddable":true,"href":"https:\/\/shoponlinedz.com\/en\/wp-json\/wp\/v2\/product_cat?post=45195"},{"taxonomy":"product_tag","embeddable":true,"href":"https:\/\/shoponlinedz.com\/en\/wp-json\/wp\/v2\/product_tag?post=45195"}],"curies":[{"name":"wp","href":"https:\/\/api.w.org\/{rel}","templated":true}]}}