{"id":45072,"date":"2026-01-05T14:37:17","date_gmt":"2026-01-05T14:37:17","guid":{"rendered":"https:\/\/shoponlinedz.com\/product\/support-pour-four-a-micro-ondes-et-etagere-de-rangement-3-etages-%d9%85%d9%86%d8%b8%d9%85-%d8%a3%d8%ba%d8%b1%d8%a7%d8%b6-%d9%88%d8%ad%d8%a7%d9%85%d9%84-%d9%85%d9%8a%d9%83%d8%b1%d9%88%d9%88\/"},"modified":"2026-04-15T17:26:29","modified_gmt":"2026-04-15T16:26:29","slug":"support-pour-four-a-micro-ondes-et-etagere-de-rangement-3-etages-%d9%85%d9%86%d8%b8%d9%85-%d8%a3%d8%ba%d8%b1%d8%a7%d8%b6-%d9%88%d8%ad%d8%a7%d9%85%d9%84-%d9%85%d9%8a%d9%83%d8%b1%d9%88%d9%88","status":"publish","type":"product","link":"https:\/\/shoponlinedz.com\/en\/product\/support-pour-four-a-micro-ondes-et-etagere-de-rangement-3-etages-%d9%85%d9%86%d8%b8%d9%85-%d8%a3%d8%ba%d8%b1%d8%a7%d8%b6-%d9%88%d8%ad%d8%a7%d9%85%d9%84-%d9%85%d9%8a%d9%83%d8%b1%d9%88%d9%88\/","title":{"rendered":"Support pour four \u00e0 micro-ondes et \u00e9tag\u00e8re de rangement 3 \u00e9tages \u2013 \u0645\u0646\u0638\u0645 \u0623\u063a\u0631\u0627\u0636 \u0648\u062d\u0627\u0645\u0644 \u0645\u064a\u0643\u0631\u0648\u0648\u064a\u0641"},"content":{"rendered":"<figure class=\"attachment attachment--preview\" data-trix-attachment=\"{&quot;contentType&quot;:&quot;image&quot;,&quot;height&quot;:1024,&quot;url&quot;:&quot;https:\/\/sawa9ly.app\/storage\/64529\/support-micro-wv-3et-cnc.jpg&quot;,&quot;width&quot;:1024}\" data-trix-content-type=\"image\"><img decoding=\"async\" class=\"aligncenter\" src=\"https:\/\/sawa9ly.app\/storage\/64529\/support-micro-wv-3et-cnc.jpg\" width=\"1024\" height=\"1024\" \/><figcaption class=\"attachment__caption\"><\/figcaption><\/figure>\n<figure class=\"attachment attachment--preview\" data-trix-attachment=\"{&quot;contentType&quot;:&quot;image&quot;,&quot;height&quot;:1024,&quot;url&quot;:&quot;https:\/\/sawa9ly.app\/storage\/64530\/support-micro-wv-3et-4.jpg&quot;,&quot;width&quot;:1024}\" data-trix-content-type=\"image\"><img decoding=\"async\" class=\"aligncenter\" src=\"https:\/\/sawa9ly.app\/storage\/64530\/support-micro-wv-3et-4.jpg\" width=\"1024\" height=\"1024\" \/><figcaption class=\"attachment__caption\"><\/figcaption><\/figure>\n<figure class=\"attachment attachment--preview\" data-trix-attachment=\"{&quot;contentType&quot;:&quot;image&quot;,&quot;height&quot;:1024,&quot;url&quot;:&quot;https:\/\/sawa9ly.app\/storage\/64531\/support-micro-wv-3et-5.jpg&quot;,&quot;width&quot;:1024}\" data-trix-content-type=\"image\"><img decoding=\"async\" class=\"aligncenter\" src=\"https:\/\/sawa9ly.app\/storage\/64531\/support-micro-wv-3et-5.jpg\" width=\"1024\" height=\"1024\" \/><figcaption class=\"attachment__caption\"><\/figcaption><\/figure>\n<figure class=\"attachment attachment--preview\" data-trix-attachment=\"{&quot;contentType&quot;:&quot;image&quot;,&quot;height&quot;:1024,&quot;url&quot;:&quot;https:\/\/sawa9ly.app\/storage\/64532\/support-micro-wv-3et-1.jpg&quot;,&quot;width&quot;:1024}\" data-trix-content-type=\"image\"><img decoding=\"async\" class=\"aligncenter\" src=\"https:\/\/sawa9ly.app\/storage\/64532\/support-micro-wv-3et-1.jpg\" width=\"1024\" height=\"1024\" \/><figcaption class=\"attachment__caption\"><\/figcaption><\/figure>\n<figure class=\"attachment attachment--preview\" data-trix-attachment=\"{&quot;contentType&quot;:&quot;image&quot;,&quot;height&quot;:1024,&quot;url&quot;:&quot;https:\/\/sawa9ly.app\/storage\/64533\/support-micro-wv-3et-2.jpg&quot;,&quot;width&quot;:1024}\" data-trix-content-type=\"image\"><img decoding=\"async\" class=\"aligncenter\" src=\"https:\/\/sawa9ly.app\/storage\/64533\/support-micro-wv-3et-2.jpg\" width=\"1024\" height=\"1024\" \/><figcaption class=\"attachment__caption\"><\/figcaption><\/figure>\n<p style=\"text-align: center;\">","protected":false},"excerpt":{"rendered":"<p>\ud83c\udf7d\ufe0f \u0631\u0641 \u0645\u0637\u0628\u062e \u0645\u062a\u0639\u062f\u062f \u0627\u0644\u0627\u0633\u062a\u062e\u062f\u0627\u0645\u0627\u062a \u2013 \u062a\u0646\u0638\u064a\u0645 \u0630\u0643\u064a \u0648\u062a\u0648\u0641\u064a\u0631 \u0644\u0644\u0645\u0633\u0627\u062d\u0629\u064a\u064f\u0639\u062f \u0647\u0630\u0627 \u0627\u0644\u0631\u0641 \u062e\u064a\u0627\u0631\u064b\u0627 \u0645\u062b\u0627\u0644\u064a\u064b\u0627 \u0644\u062a\u0646\u0638\u064a\u0645 \u0645\u0637\u0628\u062e\u0643\u060c \u062d\u064a\u062b \u064a\u0645\u0643\u0646 \u0627\u0633\u062a\u062e\u062f\u0627\u0645\u0647 \u0643\u0640 \u062d\u0627\u0645\u0644 \u0645\u064a\u0643\u0631\u0648\u0648\u064a\u0641\u060c \u0631\u0641 \u0623\u0641\u0631\u0627\u0646\u060c \u0631\u0641 \u062a\u0648\u0627\u0628\u0644\u060c \u0631\u0641 \u062a\u062d\u0636\u064a\u0631\u060c \u0623\u0648 \u0648\u062d\u062f\u0629 \u062a\u062e\u0632\u064a\u0646 \u0645\u062a\u0639\u062f\u062f\u0629 \u0627\u0644\u0627\u0633\u062a\u0639\u0645\u0627\u0644\u0627\u062a. \u0645\u0646\u0627\u0633\u0628 \u0644\u0644\u0645\u0637\u0628\u062e\u060c \u063a\u0631\u0641\u0629 \u0627\u0644\u0645\u0639\u064a\u0634\u0629\u060c \u063a\u0631\u0641\u0629 \u0627\u0644\u0646\u0648\u0645 \u0623\u0648 \u062d\u062a\u0649 \u0627\u0644\u062d\u0645\u0627\u0645.\u0645\u0635\u0646\u0648\u0639 \u0645\u0646 \u0641\u0648\u0644\u0627\u0630 \u0639\u0627\u0644\u064a \u0627\u0644\u062c\u0648\u062f\u0629 (Baosteel) \u0645\u062e\u062a\u0627\u0631 \u0628\u0639\u0646\u0627\u064a\u0629\u060c \u0645\u0642\u0627\u0648\u0645 \u0644\u0644\u0623\u0643\u0633\u062f\u0629 \u0648\u0627\u0644\u0635\u062f\u0623\u060c \u0645\u0639 \u0637\u0644\u0627\u0621 \u062d\u0631\u0627\u0631\u064a \u0635\u062f\u064a\u0642 \u0644\u0644\u0628\u064a\u0626\u0629 \u064a\u0645\u0646\u062d \u062d\u0645\u0627\u064a\u0629 \u0642\u0648\u064a\u0629 \u0636\u062f \u0627\u0644\u062a\u0622\u0643\u0644 \u0648\u064a\u0636\u0645\u0646 \u0639\u0645\u0631\u064b\u0627 \u0637\u0648\u064a\u0644\u0627\u064b.\u2b50 \u0627\u0644\u0645\u0645\u064a\u0632\u0627\u062a \u0627\u0644\u0631\u0626\u064a\u0633\u064a\u0629\u0645\u062a\u0639\u062f\u062f \u0627\u0644\u0627\u0633\u062a\u062e\u062f\u0627\u0645\u0627\u062a: \u062d\u0627\u0645\u0644 \u0645\u064a\u0643\u0631\u0648\u0648\u064a\u0641\u060c \u0631\u0641 \u062e\u0628\u0632\u060c \u0645\u0646\u0638\u0645 \u062a\u0648\u0627\u0628\u0644\u060c \u0645\u062d\u0637\u0629 \u0639\u0645\u0644 \u0644\u0644\u0645\u0637\u0628\u062e\u0645\u0627\u062f\u0629 \u0642\u0648\u064a\u0629 \u0648\u0645\u062a\u064a\u0646\u0629: \u0641\u0648\u0644\u0627\u0630 \u0639\u0627\u0644\u064a \u0627\u0644\u062c\u0648\u062f\u0629 \u0645\u0642\u0627\u0648\u0645 \u0644\u0644\u0635\u062f\u0623 \u0648\u0627\u0644\u062a\u0622\u0643\u0644\u062a\u0648\u0641\u064a\u0631 \u0627\u0644\u0645\u0633\u0627\u062d\u0629: \u0645\u062b\u0627\u0644\u064a \u0644\u0644\u0645\u0637\u0627\u0628\u062e \u0627\u0644\u0635\u063a\u064a\u0631\u0629\u060c \u064a\u0633\u062a\u063a\u0644 \u0627\u0644\u0645\u0633\u0627\u062d\u0627\u062a \u0627\u0644\u0636\u064a\u0642\u0629 \u0628\u0630\u0643\u0627\u0621\u062a\u0646\u0638\u064a\u0645 \u0639\u0645\u0644\u064a: \u0633\u0647\u0648\u0644\u0629 \u0627\u0644\u0648\u0635\u0648\u0644 \u0625\u0644\u0649 \u0627\u0644\u0637\u0639\u0627\u0645\u060c \u0627\u0644\u062a\u0648\u0627\u0628\u0644\u060c \u0648\u0627\u0644\u0623\u062c\u0647\u0632\u0629 \u0644\u062a\u0648\u0641\u064a\u0631 \u0627\u0644\u0648\u0642\u062a \u0623\u062b\u0646\u0627\u0621 \u0627\u0644\u0637\u0647\u064a\u0642\u062f\u0631\u0629 \u062a\u062d\u0645\u0651\u0644 \u0639\u0627\u0644\u064a\u0629: \u062a\u0635\u0645\u064a\u0645 \u0628\u0633\u064a\u0637 \u0648\u0623\u0646\u064a\u0642 \u0645\u0639 \u0647\u064a\u0643\u0644 \u0642\u0648\u064a \u0648\u062b\u0627\u0628\u062a\u062a\u0635\u0645\u064a\u0645 \u0639\u0635\u0631\u064a: \u0639\u0645\u0644\u064a \u0648\u062c\u0645\u064a\u0644 \u064a\u0646\u0633\u062c\u0645 \u0645\u0639 \u0645\u062e\u062a\u0644\u0641 \u0627\u0644\u062f\u064a\u0643\u0648\u0631\u0627\u062a\ud83d\udccf \u0627\u0644\u0623\u0628\u0639\u0627\u062f\u0645\u0648\u062c\u0648\u062f\u0629 \u0641\u064a \u0627\u0644\u0635\u0648\u0631<\/p>","protected":false},"featured_media":45071,"comment_status":"open","ping_status":"closed","template":"","meta":[],"product_brand":[],"product_cat":[2456],"product_tag":[],"class_list":{"0":"post-45072","1":"product","2":"type-product","3":"status-publish","4":"has-post-thumbnail","6":"product_cat-cuisine","8":"first","9":"outofstock","10":"sale","11":"taxable","12":"shipping-taxable","13":"purchasable","14":"product-type-simple"},"jetpack_sharing_enabled":true,"_links":{"self":[{"href":"https:\/\/shoponlinedz.com\/en\/wp-json\/wp\/v2\/product\/45072","targetHints":{"allow":["GET"]}}],"collection":[{"href":"https:\/\/shoponlinedz.com\/en\/wp-json\/wp\/v2\/product"}],"about":[{"href":"https:\/\/shoponlinedz.com\/en\/wp-json\/wp\/v2\/types\/product"}],"replies":[{"embeddable":true,"href":"https:\/\/shoponlinedz.com\/en\/wp-json\/wp\/v2\/comments?post=45072"}],"version-history":[{"count":0,"href":"https:\/\/shoponlinedz.com\/en\/wp-json\/wp\/v2\/product\/45072\/revisions"}],"wp:featuredmedia":[{"embeddable":true,"href":"https:\/\/shoponlinedz.com\/en\/wp-json\/wp\/v2\/media\/45071"}],"wp:attachment":[{"href":"https:\/\/shoponlinedz.com\/en\/wp-json\/wp\/v2\/media?parent=45072"}],"wp:term":[{"taxonomy":"product_brand","embeddable":true,"href":"https:\/\/shoponlinedz.com\/en\/wp-json\/wp\/v2\/product_brand?post=45072"},{"taxonomy":"product_cat","embeddable":true,"href":"https:\/\/shoponlinedz.com\/en\/wp-json\/wp\/v2\/product_cat?post=45072"},{"taxonomy":"product_tag","embeddable":true,"href":"https:\/\/shoponlinedz.com\/en\/wp-json\/wp\/v2\/product_tag?post=45072"}],"curies":[{"name":"wp","href":"https:\/\/api.w.org\/{rel}","templated":true}]}}