{"id":45060,"date":"2026-01-05T14:36:55","date_gmt":"2026-01-05T14:36:55","guid":{"rendered":"https:\/\/shoponlinedz.com\/product\/teleobjectif-pour-smartphone-a-zoom-optique-20x-avec-trepied\/"},"modified":"2026-01-28T12:23:25","modified_gmt":"2026-01-28T12:23:25","slug":"teleobjectif-pour-smartphone-a-zoom-optique-20x-avec-trepied","status":"publish","type":"product","link":"https:\/\/shoponlinedz.com\/en\/product\/teleobjectif-pour-smartphone-a-zoom-optique-20x-avec-trepied\/","title":{"rendered":"T\u00e9l\u00e9objectif pour smartphone \u00e0 zoom optique 20x avec tr\u00e9pied"},"content":{"rendered":"<figure class=\"attachment attachment--preview\" data-trix-attachment=\"{&quot;contentType&quot;:&quot;image&quot;,&quot;height&quot;:1024,&quot;url&quot;:&quot;https:\/\/sawa9ly.app\/storage\/64589\/Zoom-20X-cnc.jpg&quot;,&quot;width&quot;:1024}\" data-trix-content-type=\"image\"><img decoding=\"async\" class=\"aligncenter\" src=\"https:\/\/sawa9ly.app\/storage\/64589\/Zoom-20X-cnc.jpg\" width=\"1024\" height=\"1024\" \/><figcaption class=\"attachment__caption\"><\/figcaption><\/figure>\n<figure class=\"attachment attachment--preview\" data-trix-attachment=\"{&quot;contentType&quot;:&quot;image&quot;,&quot;height&quot;:1024,&quot;url&quot;:&quot;https:\/\/sawa9ly.app\/storage\/64590\/Zoom-20X-15.jpg&quot;,&quot;width&quot;:1024}\" data-trix-content-type=\"image\"><img decoding=\"async\" class=\"aligncenter\" src=\"https:\/\/sawa9ly.app\/storage\/64590\/Zoom-20X-15.jpg\" width=\"1024\" height=\"1024\" \/><figcaption class=\"attachment__caption\"><\/figcaption><\/figure>\n<figure class=\"attachment attachment--preview\" data-trix-attachment=\"{&quot;contentType&quot;:&quot;image&quot;,&quot;height&quot;:1024,&quot;url&quot;:&quot;https:\/\/sawa9ly.app\/storage\/64591\/Zoom-20X-13.jpg&quot;,&quot;width&quot;:1024}\" data-trix-content-type=\"image\"><img decoding=\"async\" class=\"aligncenter\" src=\"https:\/\/sawa9ly.app\/storage\/64591\/Zoom-20X-13.jpg\" width=\"1024\" height=\"1024\" \/><figcaption class=\"attachment__caption\"><\/figcaption><\/figure>\n<figure class=\"attachment attachment--preview\" data-trix-attachment=\"{&quot;contentType&quot;:&quot;image&quot;,&quot;height&quot;:1024,&quot;url&quot;:&quot;https:\/\/sawa9ly.app\/storage\/64592\/Zoom-20X-10.jpg&quot;,&quot;width&quot;:1024}\" data-trix-content-type=\"image\"><img decoding=\"async\" class=\"aligncenter\" src=\"https:\/\/sawa9ly.app\/storage\/64592\/Zoom-20X-10.jpg\" width=\"1024\" height=\"1024\" \/><figcaption class=\"attachment__caption\"><\/figcaption><\/figure>\n<figure class=\"attachment attachment--preview\" data-trix-attachment=\"{&quot;contentType&quot;:&quot;image&quot;,&quot;height&quot;:1024,&quot;url&quot;:&quot;https:\/\/sawa9ly.app\/storage\/64593\/Zoom-20X-9.jpg&quot;,&quot;width&quot;:1024}\" data-trix-content-type=\"image\"><img decoding=\"async\" class=\"aligncenter\" src=\"https:\/\/sawa9ly.app\/storage\/64593\/Zoom-20X-9.jpg\" width=\"1024\" height=\"1024\" \/><figcaption class=\"attachment__caption\"><\/figcaption><\/figure>\n<p style=\"text-align: center;\">","protected":false},"excerpt":{"rendered":"<p>\ud83d\udcf8 \u0639\u062f\u0633\u0629 \u062a\u0643\u0628\u064a\u0631 \u0627\u062d\u062a\u0631\u0627\u0641\u064a\u0629 \u0644\u0644\u0647\u0627\u062a\u0641 \u0627\u0644\u0630\u0643\u064a \u0645\u0639 \u062d\u0627\u0645\u0644 \u062b\u0644\u0627\u062b\u064a\ud83d\udd39 \u062a\u0648\u0627\u0641\u0642 \u0639\u0627\u0644\u0645\u064a \u0645\u062a\u0648\u0627\u0641\u0642\u0629 \u0645\u0639 \u0627\u0644\u0647\u0648\u0627\u062a\u0641 \u0627\u0644\u0630\u0643\u064a\u0629\u060c \u0627\u0644\u0647\u0648\u0627\u062a\u0641 \u0627\u0644\u0645\u062d\u0645\u0648\u0644\u0629 \u0648\u0627\u0644\u0623\u062c\u0647\u0632\u0629 \u0627\u0644\u0644\u0648\u062d\u064a\u0629 \ud83d\udcf1\ud83d\udcf2 \u0645\u062b\u0627\u0644\u064a\u0629 \u0644\u0627\u0644\u062a\u0642\u0627\u0637 \u0635\u0648\u0631 \u062b\u0627\u0628\u062a\u0629 \u0628\u062f\u0648\u0646 \u0627\u0647\u062a\u0632\u0627\u0632 \u0628\u0627\u0633\u062a\u062e\u062f\u0627\u0645 \u0627\u0644\u062d\u0627\u0645\u0644 \u0627\u0644\u062b\u0644\u0627\u062b\u064a \ud83c\udfaf\ud83d\udd39 \u0639\u062f\u0633\u0629 \u062a\u064a\u0644\u064a\u0641\u0648\u062a\u0648 \u0628\u062a\u0643\u0628\u064a\u0631 20\u00d7 \u062a\u0642\u0631\u064a\u0628 \u0642\u0648\u064a \u00d720 \u0645\u0639 \u062a\u0631\u0643\u064a\u0632 \u064a\u062f\u0648\u064a \u062f\u0642\u064a\u0642 \u0639\u0628\u0631 \u062d\u0644\u0642\u0629 \u0627\u0644\u0636\u0628\u0637 \ud83d\udd0d \u0641\u062a\u062d\u0629 \u0639\u062f\u0633\u0629 \u0648\u0627\u0633\u0639\u0629 f\/1.8 \u0644\u0635\u0648\u0631 \u0645\u0634\u0631\u0642\u0629 \u0648\u0648\u0627\u0636\u062d\u0629 \u062d\u062a\u0649 \u0641\u064a \u0627\u0644\u0625\u0636\u0627\u0621\u0629 \u0627\u0644\u0636\u0639\u064a\u0641\u0629 \ud83c\udf19\ud83d\udd39 \u062c\u0648\u062f\u0629 \u062a\u0635\u0646\u064a\u0639 \u0639\u0627\u0644\u064a\u0629 \u0647\u064a\u0643\u0644 \u0645\u0646 \u0627\u0644\u0623\u0644\u0648\u0645\u0646\u064a\u0648\u0645 \u0627\u0644\u0645\u062a\u064a\u0646 \ud83d\udee0\ufe0f \u063a\u0637\u0627\u0621 \u062d\u0645\u0627\u064a\u0629 \u0644\u0644\u0639\u062f\u0633\u0629 \u0627\u0644\u062e\u0644\u0641\u064a\u0629 \u064a\u062d\u0645\u064a\u0647\u0627 \u0645\u0646 \u0627\u0644\u062e\u062f\u0648\u0634 \u0648\u0627\u0644\u0635\u062f\u0645\u0627\u062a \ud83d\udee1\ufe0f\ud83d\udd39 \u062d\u0627\u0645\u0644 \u062b\u0644\u0627\u062b\u064a \u0642\u0627\u0628\u0644 \u0644\u0644\u062a\u0639\u062f\u064a\u0644 \u0623\u0631\u062c\u0644 \u0642\u0627\u0628\u0644\u0629 \u0644\u0644\u062a\u0645\u062f\u064a\u062f \u0644\u062b\u0628\u0627\u062a \u0645\u062b\u0627\u0644\u064a \u0639\u0644\u0649 \u062c\u0645\u064a\u0639 \u0627\u0644\u0623\u0633\u0637\u062d \ud83e\uddb5 \u064a\u064f\u062b\u0628\u062a \u0645\u0628\u0627\u0634\u0631\u0629 \u0639\u0628\u0631 \u0644\u0648\u0644\u0628 \u0645\u062e\u0635\u0635 \u0644\u0645\u0646\u0639 \u0627\u0644\u0627\u0647\u062a\u0632\u0627\u0632 \u0623\u062b\u0646\u0627\u0621 \u0627\u0644\u062a\u0635\u0648\u064a\u0631\ud83d\udd39 \u062e\u0641\u064a\u0641 \u0648\u0633\u0647\u0644 \u0627\u0644\u062d\u0645\u0644 \u0627\u0644\u0648\u0632\u0646 \u0627\u0644\u0625\u062c\u0645\u0627\u0644\u064a \u0645\u0639 \u0627\u0644\u062d\u0627\u0645\u0644: 282 \u063a\u0631\u0627\u0645 \u0641\u0642\u0637 \ud83c\udf92 \u0645\u062b\u0627\u0644\u064a \u0644\u0644\u0633\u0641\u0631\u060c \u0627\u0644\u0631\u062d\u0644\u0627\u062a\u060c \u0627\u0644\u062a\u0635\u0648\u064a\u0631 \u0627\u0644\u062e\u0627\u0631\u062c\u064a \u0648\u0627\u0644\u0637\u0628\u064a\u0639\u0629 \ud83c\udf04\ud83d\udd39 \u0623\u0628\u0639\u0627\u062f \u0627\u0644\u0645\u0646\u062a\u062c \ud83d\udccf \u0623\u0628\u0639\u0627\u062f \u0627\u0644\u0639\u062f\u0633\u0629: 105 \u00d7 37 \u0645\u0645 \ud83d\udccf \u0623\u0628\u0639\u0627\u062f \u0627\u0644\u0645\u0634\u0628\u0643: 80 \u00d7 43 \u00d7 19 \u0645\u0645\ud83d\udce6 \u0645\u062d\u062a\u0648\u064a\u0627\u062a \u0627\u0644\u0639\u0644\u0628\u0629 \u2714\ufe0f \u0639\u062f\u0633\u0629 \u062a\u0643\u0628\u064a\u0631 \u0645\u0639 \u0623\u063a\u0637\u064a\u0629 \u062d\u0645\u0627\u064a\u0629 \u2714\ufe0f \u0645\u0634\u0628\u0643 \u062a\u062b\u0628\u064a\u062a \u0644\u0644\u0647\u0627\u062a\u0641 \u2714\ufe0f \u062d\u0627\u0645\u0644 \u062b\u0644\u0627\u062b\u064a \u2714\ufe0f \u0642\u0637\u0639\u0629 \u0642\u0645\u0627\u0634 \u0645\u0627\u064a\u0643\u0631\u0648\u0641\u0627\u064a\u0628\u0631 \u0644\u062a\u0646\u0638\u064a\u0641 \u0627\u0644\u0639\u062f\u0633\u0629 \ud83e\uddfc \u2714\ufe0f \u062d\u0642\u064a\u0628\u0629 \u062a\u062e\u0632\u064a\u0646 \u2714\ufe0f \u062f\u0644\u064a\u0644 \u0627\u0644\u0627\u0633\u062a\u062e\u062f\u0627\u0645\ud83c\udfaf \u0645\u0646\u0627\u0633\u0628 \u0644\u0640 \u0627\u0644\u062a\u0635\u0648\u064a\u0631 \u0627\u0644\u0641\u0648\u062a\u0648\u063a\u0631\u0627\u0641\u064a\u060c \u0627\u0644\u0631\u062d\u0644\u0627\u062a\u060c \u0627\u0644\u0645\u0646\u0627\u0638\u0631 \u0627\u0644\u0637\u0628\u064a\u0639\u064a\u0629\u060c \u0627\u0644\u0645\u0631\u0627\u0642\u0628\u0629 \u0639\u0646 \u0628\u0639\u062f\u060c \u0627\u0644\u0647\u0648\u0627\u0629 \u0648\u0635\u0646\u0627\u0639 \u0627\u0644\u0645\u062d\u062a\u0648\u0649 \ud83d\udcf7\u2728<\/p>","protected":false},"featured_media":45059,"comment_status":"open","ping_status":"closed","template":"","meta":[],"product_brand":[],"product_cat":[2463],"product_tag":[],"class_list":{"0":"post-45060","1":"product","2":"type-product","3":"status-publish","4":"has-post-thumbnail","6":"product_cat-electronique","8":"first","9":"instock","10":"sale","11":"taxable","12":"shipping-taxable","13":"purchasable","14":"product-type-simple"},"jetpack_sharing_enabled":true,"_links":{"self":[{"href":"https:\/\/shoponlinedz.com\/en\/wp-json\/wp\/v2\/product\/45060","targetHints":{"allow":["GET"]}}],"collection":[{"href":"https:\/\/shoponlinedz.com\/en\/wp-json\/wp\/v2\/product"}],"about":[{"href":"https:\/\/shoponlinedz.com\/en\/wp-json\/wp\/v2\/types\/product"}],"replies":[{"embeddable":true,"href":"https:\/\/shoponlinedz.com\/en\/wp-json\/wp\/v2\/comments?post=45060"}],"version-history":[{"count":0,"href":"https:\/\/shoponlinedz.com\/en\/wp-json\/wp\/v2\/product\/45060\/revisions"}],"wp:featuredmedia":[{"embeddable":true,"href":"https:\/\/shoponlinedz.com\/en\/wp-json\/wp\/v2\/media\/45059"}],"wp:attachment":[{"href":"https:\/\/shoponlinedz.com\/en\/wp-json\/wp\/v2\/media?parent=45060"}],"wp:term":[{"taxonomy":"product_brand","embeddable":true,"href":"https:\/\/shoponlinedz.com\/en\/wp-json\/wp\/v2\/product_brand?post=45060"},{"taxonomy":"product_cat","embeddable":true,"href":"https:\/\/shoponlinedz.com\/en\/wp-json\/wp\/v2\/product_cat?post=45060"},{"taxonomy":"product_tag","embeddable":true,"href":"https:\/\/shoponlinedz.com\/en\/wp-json\/wp\/v2\/product_tag?post=45060"}],"curies":[{"name":"wp","href":"https:\/\/api.w.org\/{rel}","templated":true}]}}