{"id":45039,"date":"2026-01-05T14:36:15","date_gmt":"2026-01-05T14:36:15","guid":{"rendered":"https:\/\/shoponlinedz.com\/product\/support-pour-four-a-micro-ondes-et-etagere-de-rangement-2-etages-%d9%85%d9%86%d8%b8%d9%85-%d8%a3%d8%ba%d8%b1%d8%a7%d8%b6-%d9%88%d8%ad%d8%a7%d9%85%d9%84-%d9%85%d9%8a%d9%83%d8%b1%d9%88%d9%88\/"},"modified":"2026-04-15T17:26:42","modified_gmt":"2026-04-15T16:26:42","slug":"support-pour-four-a-micro-ondes-et-etagere-de-rangement-2-etages-%d9%85%d9%86%d8%b8%d9%85-%d8%a3%d8%ba%d8%b1%d8%a7%d8%b6-%d9%88%d8%ad%d8%a7%d9%85%d9%84-%d9%85%d9%8a%d9%83%d8%b1%d9%88%d9%88","status":"publish","type":"product","link":"https:\/\/shoponlinedz.com\/en\/product\/support-pour-four-a-micro-ondes-et-etagere-de-rangement-2-etages-%d9%85%d9%86%d8%b8%d9%85-%d8%a3%d8%ba%d8%b1%d8%a7%d8%b6-%d9%88%d8%ad%d8%a7%d9%85%d9%84-%d9%85%d9%8a%d9%83%d8%b1%d9%88%d9%88\/","title":{"rendered":"Support pour four \u00e0 micro-ondes et \u00e9tag\u00e8re de rangement 2 \u00e9tages \u2013 \u0645\u0646\u0638\u0645 \u0623\u063a\u0631\u0627\u0636 \u0648\u062d\u0627\u0645\u0644 \u0645\u064a\u0643\u0631\u0648\u0648\u064a\u0641"},"content":{"rendered":"<figure class=\"attachment attachment--preview\" data-trix-attachment=\"{&quot;contentType&quot;:&quot;image&quot;,&quot;height&quot;:1024,&quot;url&quot;:&quot;https:\/\/sawa9ly.app\/storage\/64522\/support-micro-wv-cnc-1.jpg&quot;,&quot;width&quot;:1024}\" data-trix-content-type=\"image\"><img decoding=\"async\" class=\"aligncenter\" src=\"https:\/\/sawa9ly.app\/storage\/64522\/support-micro-wv-cnc-1.jpg\" width=\"1024\" height=\"1024\" \/><figcaption class=\"attachment__caption\"><\/figcaption><\/figure>\n<figure class=\"attachment attachment--preview\" data-trix-attachment=\"{&quot;contentType&quot;:&quot;image&quot;,&quot;height&quot;:1024,&quot;url&quot;:&quot;https:\/\/sawa9ly.app\/storage\/64523\/support-micro-wv-5-1.jpg&quot;,&quot;width&quot;:1024}\" data-trix-content-type=\"image\"><img decoding=\"async\" class=\"aligncenter\" src=\"https:\/\/sawa9ly.app\/storage\/64523\/support-micro-wv-5-1.jpg\" width=\"1024\" height=\"1024\" \/><figcaption class=\"attachment__caption\"><\/figcaption><\/figure>\n<figure class=\"attachment attachment--preview\" data-trix-attachment=\"{&quot;contentType&quot;:&quot;image&quot;,&quot;height&quot;:1024,&quot;url&quot;:&quot;https:\/\/sawa9ly.app\/storage\/64524\/support-micro-wv-2-1.jpg&quot;,&quot;width&quot;:1024}\" data-trix-content-type=\"image\"><img decoding=\"async\" class=\"aligncenter\" src=\"https:\/\/sawa9ly.app\/storage\/64524\/support-micro-wv-2-1.jpg\" width=\"1024\" height=\"1024\" \/><figcaption class=\"attachment__caption\"><\/figcaption><\/figure>\n<figure class=\"attachment attachment--preview\" data-trix-attachment=\"{&quot;contentType&quot;:&quot;image&quot;,&quot;height&quot;:1024,&quot;url&quot;:&quot;https:\/\/sawa9ly.app\/storage\/64525\/support-micro-wv-4-1.jpg&quot;,&quot;width&quot;:1024}\" data-trix-content-type=\"image\"><img decoding=\"async\" class=\"aligncenter\" src=\"https:\/\/sawa9ly.app\/storage\/64525\/support-micro-wv-4-1.jpg\" width=\"1024\" height=\"1024\" \/><figcaption class=\"attachment__caption\"><\/figcaption><\/figure>\n<figure class=\"attachment attachment--preview\" data-trix-attachment=\"{&quot;contentType&quot;:&quot;image&quot;,&quot;height&quot;:1024,&quot;url&quot;:&quot;https:\/\/sawa9ly.app\/storage\/64526\/support-micro-wv-1-1.jpg&quot;,&quot;width&quot;:1024}\" data-trix-content-type=\"image\"><img decoding=\"async\" class=\"aligncenter\" src=\"https:\/\/sawa9ly.app\/storage\/64526\/support-micro-wv-1-1.jpg\" width=\"1024\" height=\"1024\" \/><figcaption class=\"attachment__caption\"><\/figcaption><\/figure>\n<p style=\"text-align: center;\">","protected":false},"excerpt":{"rendered":"","protected":false},"featured_media":45038,"comment_status":"open","ping_status":"closed","template":"","meta":[],"product_brand":[],"product_cat":[2456],"product_tag":[],"class_list":{"0":"post-45039","1":"product","2":"type-product","3":"status-publish","4":"has-post-thumbnail","6":"product_cat-cuisine","8":"first","9":"outofstock","10":"sale","11":"taxable","12":"shipping-taxable","13":"purchasable","14":"product-type-simple"},"jetpack_sharing_enabled":true,"_links":{"self":[{"href":"https:\/\/shoponlinedz.com\/en\/wp-json\/wp\/v2\/product\/45039","targetHints":{"allow":["GET"]}}],"collection":[{"href":"https:\/\/shoponlinedz.com\/en\/wp-json\/wp\/v2\/product"}],"about":[{"href":"https:\/\/shoponlinedz.com\/en\/wp-json\/wp\/v2\/types\/product"}],"replies":[{"embeddable":true,"href":"https:\/\/shoponlinedz.com\/en\/wp-json\/wp\/v2\/comments?post=45039"}],"version-history":[{"count":0,"href":"https:\/\/shoponlinedz.com\/en\/wp-json\/wp\/v2\/product\/45039\/revisions"}],"wp:featuredmedia":[{"embeddable":true,"href":"https:\/\/shoponlinedz.com\/en\/wp-json\/wp\/v2\/media\/45038"}],"wp:attachment":[{"href":"https:\/\/shoponlinedz.com\/en\/wp-json\/wp\/v2\/media?parent=45039"}],"wp:term":[{"taxonomy":"product_brand","embeddable":true,"href":"https:\/\/shoponlinedz.com\/en\/wp-json\/wp\/v2\/product_brand?post=45039"},{"taxonomy":"product_cat","embeddable":true,"href":"https:\/\/shoponlinedz.com\/en\/wp-json\/wp\/v2\/product_cat?post=45039"},{"taxonomy":"product_tag","embeddable":true,"href":"https:\/\/shoponlinedz.com\/en\/wp-json\/wp\/v2\/product_tag?post=45039"}],"curies":[{"name":"wp","href":"https:\/\/api.w.org\/{rel}","templated":true}]}}