{"id":44744,"date":"2026-01-05T14:27:15","date_gmt":"2026-01-05T14:27:15","guid":{"rendered":"https:\/\/shoponlinedz.com\/product\/testeur-depaisseur-de-peinture-avec-echelle-de-pointe-magnetique-pour-voitures\/"},"modified":"2026-01-28T12:26:09","modified_gmt":"2026-01-28T12:26:09","slug":"testeur-depaisseur-de-peinture-avec-echelle-de-pointe-magnetique-pour-voitures","status":"publish","type":"product","link":"https:\/\/shoponlinedz.com\/en\/product\/testeur-depaisseur-de-peinture-avec-echelle-de-pointe-magnetique-pour-voitures\/","title":{"rendered":"Testeur d\u2019\u00e9paisseur de peinture avec \u00e9chelle de pointe magn\u00e9tique pour voitures"},"content":{"rendered":"<figure class=\"attachment attachment--preview\" data-trix-attachment=\"{&quot;contentType&quot;:&quot;image&quot;,&quot;height&quot;:1024,&quot;url&quot;:&quot;https:\/\/sawa9ly.app\/storage\/65122\/Testeur-Peinture-cnc.jpg&quot;,&quot;width&quot;:1024}\" data-trix-content-type=\"image\"><img decoding=\"async\" class=\"aligncenter\" src=\"https:\/\/sawa9ly.app\/storage\/65122\/Testeur-Peinture-cnc.jpg\" width=\"1024\" height=\"1024\" \/><figcaption class=\"attachment__caption\"><\/figcaption><\/figure>\n<figure class=\"attachment attachment--preview\" data-trix-attachment=\"{&quot;contentType&quot;:&quot;image&quot;,&quot;height&quot;:1024,&quot;url&quot;:&quot;https:\/\/sawa9ly.app\/storage\/65123\/Testeur-Peinture-3.jpg&quot;,&quot;width&quot;:1024}\" data-trix-content-type=\"image\"><img decoding=\"async\" class=\"aligncenter\" src=\"https:\/\/sawa9ly.app\/storage\/65123\/Testeur-Peinture-3.jpg\" width=\"1024\" height=\"1024\" \/><figcaption class=\"attachment__caption\"><\/figcaption><\/figure>\n<figure class=\"attachment attachment--preview\" data-trix-attachment=\"{&quot;contentType&quot;:&quot;image&quot;,&quot;height&quot;:1024,&quot;url&quot;:&quot;https:\/\/sawa9ly.app\/storage\/65124\/Testeur-Peinture-4.jpg&quot;,&quot;width&quot;:1024}\" data-trix-content-type=\"image\"><img decoding=\"async\" class=\"aligncenter\" src=\"https:\/\/sawa9ly.app\/storage\/65124\/Testeur-Peinture-4.jpg\" width=\"1024\" height=\"1024\" \/><figcaption class=\"attachment__caption\"><\/figcaption><\/figure>\n<figure class=\"attachment attachment--preview\" data-trix-attachment=\"{&quot;contentType&quot;:&quot;image&quot;,&quot;height&quot;:1024,&quot;url&quot;:&quot;https:\/\/sawa9ly.app\/storage\/65125\/Testeur-Peinture-5.jpg&quot;,&quot;width&quot;:1024}\" data-trix-content-type=\"image\"><img decoding=\"async\" class=\"aligncenter\" src=\"https:\/\/sawa9ly.app\/storage\/65125\/Testeur-Peinture-5.jpg\" width=\"1024\" height=\"1024\" \/><figcaption class=\"attachment__caption\"><\/figcaption><\/figure>\n<figure class=\"attachment attachment--preview\" data-trix-attachment=\"{&quot;contentType&quot;:&quot;image&quot;,&quot;height&quot;:1024,&quot;url&quot;:&quot;https:\/\/sawa9ly.app\/storage\/65126\/Testeur-Peinture-7.jpg&quot;,&quot;width&quot;:1024}\" data-trix-content-type=\"image\"><img decoding=\"async\" class=\"aligncenter\" src=\"https:\/\/sawa9ly.app\/storage\/65126\/Testeur-Peinture-7.jpg\" width=\"1024\" height=\"1024\" \/><figcaption class=\"attachment__caption\"><\/figcaption><\/figure>\n<p style=\"text-align: center;\">","protected":false},"excerpt":{"rendered":"<p>\ud83d\udd0d \u062c\u0647\u0627\u0632 \u0642\u064a\u0627\u0633 \u0633\u0645\u0627\u0643\u0629 \u0637\u0644\u0627\u0621 \u0627\u0644\u0633\u064a\u0627\u0631\u0627\u062a (\u0628\u062f\u0648\u0646 \u0628\u0637\u0627\u0631\u064a\u0629)\u0623\u062f\u0627\u0629 \u0630\u0643\u064a\u0629 \u0648\u0639\u0645\u0644\u064a\u0629 \u062a\u0645\u0643\u0651\u0646\u0643 \u0645\u0646 \u0641\u062d\u0635 \u062d\u0627\u0644\u0629 \u0637\u0644\u0627\u0621 \u0627\u0644\u0633\u064a\u0627\u0631\u0629 \u0628\u062f\u0642\u0629 \u0639\u0627\u0644\u064a\u0629\u060c \u0648\u0643\u0634\u0641 \u0623\u064a \u0625\u0635\u0644\u0627\u062d\u0627\u062a \u0623\u0648 \u0645\u0639\u062c\u0648\u0646 \u0645\u062e\u0641\u064a \u0644\u0627 \u064a\u0645\u0643\u0646 \u0645\u0644\u0627\u062d\u0638\u062a\u0647 \u0628\u0627\u0644\u0639\u064a\u0646 \u0627\u0644\u0645\u062c\u0631\u062f\u0629. \u0645\u062b\u0627\u0644\u064a \u0639\u0646\u062f \u0634\u0631\u0627\u0621 \u0633\u064a\u0627\u0631\u0629 \u0645\u0633\u062a\u0639\u0645\u0644\u0629 \u0623\u0648 \u062a\u0642\u064a\u064a\u0645 \u062d\u0627\u0644\u0629 \u0627\u0644\u0647\u064a\u0643\u0644.\u2b50 \u0627\u0644\u0645\u0645\u064a\u0632\u0627\u062a \u0627\u0644\u0631\u0626\u064a\u0633\u064a\u0629\u0645\u0642\u064a\u0627\u0633 \u0623\u0644\u0648\u0627\u0646 \u062f\u0642\u064a\u0642 \u0628\u0627\u0644\u0645\u064a\u0643\u0631\u0648\u0646 \u064a\u0648\u0636\u062d \u0633\u0645\u0627\u0643\u0629 \u0627\u0644\u0637\u0644\u0627\u0621 \u0628\u0633\u0647\u0648\u0644\u0629\u0631\u0623\u0633 \u0645\u063a\u0646\u0627\u0637\u064a\u0633\u064a \u064a\u062b\u0628\u062a \u0639\u0644\u0649 \u0627\u0644\u0623\u0633\u0637\u062d \u0627\u0644\u0645\u0646\u062d\u0646\u064a\u0629 \u0623\u0648 \u0627\u0644\u0623\u0645\u0627\u0643\u0646 \u0627\u0644\u0635\u0639\u0628\u0629\u0642\u064a\u0627\u0633 \u0633\u0645\u0627\u0643\u0629 \u0627\u0644\u062f\u0647\u0627\u0646 \u0648\u0627\u0644\u0645\u0639\u062c\u0648\u0646 \u0628\u0645\u062c\u0631\u062f \u0645\u0644\u0627\u0645\u0633\u0629 \u0631\u0623\u0633 \u0627\u0644\u062c\u0647\u0627\u0632 \u0644\u0633\u0637\u062d \u0627\u0644\u0633\u064a\u0627\u0631\u0629\u062f\u0642\u0629 \u0642\u064a\u0627\u0633 \u062a\u0635\u0644 \u0625\u0644\u0649 20 \u0645\u064a\u0643\u0631\u0648\u0646\u0641\u062d\u0635 \u0633\u0631\u064a\u0639 \u0648\u062f\u0642\u064a\u0642 \u0644\u062d\u0627\u0644\u0629 \u0637\u0644\u0627\u0621 \u0627\u0644\u0645\u0631\u0643\u0628\u0629\u064a\u0643\u0634\u0641 \u0637\u0628\u0642\u0627\u062a \u0627\u0644\u0637\u0644\u0627\u0621 \u063a\u064a\u0631 \u0627\u0644\u0645\u0631\u0626\u064a\u0629 \u0639\u0644\u0649 \u0627\u0644\u0647\u064a\u0627\u0643\u0644 \u0627\u0644\u0645\u0635\u0646\u0648\u0639\u0629 \u0645\u0646 \u0627\u0644\u0641\u0648\u0644\u0627\u0630 \u0623\u0648 \u0627\u0644\u0641\u0648\u0644\u0627\u0630 \u0627\u0644\u0645\u062c\u0644\u0641\u0646\u064a\u0639\u0645\u0644 \u0628\u062f\u0648\u0646 \u0628\u0637\u0627\u0631\u064a\u0627\u062a\u062a\u0635\u0645\u064a\u0645 \u0623\u0646\u064a\u0642 \u0648\u062a\u0634\u0637\u064a\u0628 \u0639\u0627\u0644\u064a \u0627\u0644\u062c\u0648\u062f\u0629\u0645\u0642\u0627\u0648\u0645 \u0644\u0644\u0645\u0627\u0621\u0645\u0648\u062b\u0648\u0642 \u0648\u0639\u0627\u0644\u064a \u0627\u0644\u062f\u0642\u0629\u0633\u0647\u0644 \u0627\u0644\u0627\u0633\u062a\u062e\u062f\u0627\u0645 \u0648\u0639\u0645\u0644\u064a\ud83c\udfa8 \u062f\u0644\u0627\u0644\u0627\u062a \u0627\u0644\u0623\u0644\u0648\u0627\u0646\u0627\u0644\u0623\u0632\u0631\u0642: \u0633\u0645\u0627\u0643\u0629 0 \u2013 100 \u0645\u064a\u0643\u0631\u0648\u0646 \u0637\u0628\u0642\u0629 \u0637\u0644\u0627\u0621 \u0631\u0642\u064a\u0642\u0629 \u062c\u062f\u064b\u0627 (\u0637\u0644\u0627\u0621 \u0623\u0635\u0644\u064a \u0628\u062f\u0648\u0646 \u0637\u0628\u0642\u0629 \u0625\u0636\u0627\u0641\u064a\u0629 \u0623\u0648 \u0645\u0635\u0642\u0648\u0644 \u0639\u062f\u0629 \u0645\u0631\u0627\u062a)\u0627\u0644\u0623\u062e\u0636\u0631: \u0633\u0645\u0627\u0643\u0629 100 \u2013 200 \u0645\u064a\u0643\u0631\u0648\u0646 \u0637\u0644\u0627\u0621 \u0623\u0635\u0644\u064a \u0644\u0644\u0645\u0635\u0646\u0639 \u0645\u0644\u0627\u062d\u0638\u0629: \u0641\u064a \u0628\u0639\u0636 \u0627\u0644\u0633\u064a\u0627\u0631\u0627\u062a \u0627\u0644\u062d\u062f\u064a\u062b\u0629\u060c 180 \u0645\u064a\u0643\u0631\u0648\u0646 \u0642\u062f \u064a\u062f\u0644 \u0639\u0644\u0649 \u0637\u0628\u0642\u0629 \u0625\u0636\u0627\u0641\u064a\u0629 \u062e\u0641\u064a\u0641\u0629\u0627\u0644\u0623\u0635\u0641\u0631: \u0633\u0645\u0627\u0643\u0629 200 \u2013 300 \u0645\u064a\u0643\u0631\u0648\u0646 \u0637\u0644\u0627\u0621 \u0628\u0639\u062f \u0625\u0635\u0644\u0627\u062d\u0627\u062a (\u0637\u0644\u0627\u0621 \u062b\u0627\u0646\u0648\u064a)\u0627\u0644\u0623\u062d\u0645\u0631: \u0633\u0645\u0627\u0643\u0629 300 \u2013 520 \u0645\u064a\u0643\u0631\u0648\u0646 \u0625\u0635\u0644\u0627\u062d\u0627\u062a \u0647\u064a\u0643\u0644\u064a\u0629 \u0645\u0639 \u0637\u0644\u0627\u0621 \u062b\u0627\u0646\u0648\u064a\u0627\u0644\u0623\u0633\u0648\u062f: \u0623\u0643\u062b\u0631 \u0645\u0646 520 \u0645\u064a\u0643\u0631\u0648\u0646 \u0633\u0637\u062d \u0645\u0639\u062c\u0648\u0646 \u0648\u0645\u0637\u0644\u064a (\u0633\u0645\u0627\u0643\u0629 \u0627\u0644\u0645\u0639\u062c\u0648\u0646 \u062a\u0642\u0627\u0631\u0628 0.5 \u0645\u0645)\u2699\ufe0f \u0627\u0644\u0645\u0648\u0627\u0635\u0641\u0627\u062a \u0627\u0644\u062a\u0642\u0646\u064a\u0629\u0627\u0644\u062d\u0627\u0644\u0629: \u062c\u062f\u064a\u062f 100\u066a\u0627\u0633\u0645 \u0627\u0644\u0645\u0646\u062a\u062c: \u062c\u0647\u0627\u0632 \u0641\u062d\u0635 \u0633\u0645\u0627\u0643\u0629 \u0627\u0644\u0637\u0644\u0627\u0621\u0627\u0644\u0645\u0627\u062f\u0629: ABS\u0627\u0644\u0623\u0628\u0639\u0627\u062f: \u062a\u0642\u0631\u064a\u0628\u064b\u0627 13.7 \u00d7 1.26 \u0633\u0645\u0627\u0644\u062f\u0642\u0629: \u0639\u0627\u0644\u064a\u0629 \u062c\u062f\u064b\u0627\u0637\u0631\u064a\u0642\u0629 \u0627\u0644\u0627\u0633\u062a\u062e\u062f\u0627\u0645: \u0633\u0647\u0644\u0629 \u0648\u0628\u0633\u064a\u0637\u0629\ud83d\udce6 \u0645\u062d\u062a\u0648\u064a\u0627\u062a \u0627\u0644\u0639\u0644\u0628\u06291 \u00d7 \u062c\u0647\u0627\u0632 \u0642\u064a\u0627\u0633 \u0633\u0645\u0627\u0643\u0629 \u0637\u0644\u0627\u0621 \u0627\u0644\u0633\u064a\u0627\u0631\u0627\u062a\u0623\u062f\u0627\u0629 \u0636\u0631\u0648\u0631\u064a\u0629 \u0644\u0643\u0644 \u0645\u0646:\u0627\u0644\u0645\u0634\u062a\u0631\u064a\u0646 \u0644\u0644\u0633\u064a\u0627\u0631\u0627\u062a \u0627\u0644\u0645\u0633\u062a\u0639\u0645\u0644\u0629\u062a\u062c\u0627\u0631 \u0627\u0644\u0633\u064a\u0627\u0631\u0627\u062a\u0648\u0631\u0634 \u0627\u0644\u0641\u062d\u0635 \u0648\u0627\u0644\u0635\u064a\u0627\u0646\u0629\u0623\u064a \u0634\u062e\u0635 \u064a\u0631\u064a\u062f \u0627\u0644\u062a\u0623\u0643\u062f \u0645\u0646 \u062d\u0627\u0644\u0629 \u0637\u0644\u0627\u0621 \u0633\u064a\u0627\u0631\u062a\u0647 \u0628\u062f\u0642\u0629 \u0648\u0627\u0637\u0645\u0626\u0646\u0627\u0646\u0641\u062d\u0635 \u0630\u0643\u064a\u2026 \u0642\u0631\u0627\u0631 \u0623\u0630\u0643\u0649.<\/p>","protected":false},"featured_media":44743,"comment_status":"open","ping_status":"closed","template":"","meta":[],"product_brand":[],"product_cat":[2458],"product_tag":[],"class_list":{"0":"post-44744","1":"product","2":"type-product","3":"status-publish","4":"has-post-thumbnail","6":"product_cat-accessoires-auto-moto","8":"first","9":"instock","10":"sale","11":"taxable","12":"shipping-taxable","13":"purchasable","14":"product-type-simple"},"jetpack_sharing_enabled":true,"_links":{"self":[{"href":"https:\/\/shoponlinedz.com\/en\/wp-json\/wp\/v2\/product\/44744","targetHints":{"allow":["GET"]}}],"collection":[{"href":"https:\/\/shoponlinedz.com\/en\/wp-json\/wp\/v2\/product"}],"about":[{"href":"https:\/\/shoponlinedz.com\/en\/wp-json\/wp\/v2\/types\/product"}],"replies":[{"embeddable":true,"href":"https:\/\/shoponlinedz.com\/en\/wp-json\/wp\/v2\/comments?post=44744"}],"version-history":[{"count":0,"href":"https:\/\/shoponlinedz.com\/en\/wp-json\/wp\/v2\/product\/44744\/revisions"}],"wp:featuredmedia":[{"embeddable":true,"href":"https:\/\/shoponlinedz.com\/en\/wp-json\/wp\/v2\/media\/44743"}],"wp:attachment":[{"href":"https:\/\/shoponlinedz.com\/en\/wp-json\/wp\/v2\/media?parent=44744"}],"wp:term":[{"taxonomy":"product_brand","embeddable":true,"href":"https:\/\/shoponlinedz.com\/en\/wp-json\/wp\/v2\/product_brand?post=44744"},{"taxonomy":"product_cat","embeddable":true,"href":"https:\/\/shoponlinedz.com\/en\/wp-json\/wp\/v2\/product_cat?post=44744"},{"taxonomy":"product_tag","embeddable":true,"href":"https:\/\/shoponlinedz.com\/en\/wp-json\/wp\/v2\/product_tag?post=44744"}],"curies":[{"name":"wp","href":"https:\/\/api.w.org\/{rel}","templated":true}]}}