{"id":44737,"date":"2026-01-05T14:27:02","date_gmt":"2026-01-05T14:27:02","guid":{"rendered":"https:\/\/shoponlinedz.com\/product\/gants-thermiques-chaudes-hivernaux-cataphote-unisexe-screen-touch\/"},"modified":"2026-01-28T12:26:11","modified_gmt":"2026-01-28T12:26:11","slug":"gants-thermiques-chaudes-hivernaux-cataphote-unisexe-screen-touch","status":"publish","type":"product","link":"https:\/\/shoponlinedz.com\/en\/product\/gants-thermiques-chaudes-hivernaux-cataphote-unisexe-screen-touch\/","title":{"rendered":"Gants Thermiques Chaudes Hivernaux Cataphote Unisexe Screen Touch"},"content":{"rendered":"<figure class=\"attachment attachment--preview\" data-trix-attachment=\"{&quot;contentType&quot;:&quot;image&quot;,&quot;height&quot;:1024,&quot;url&quot;:&quot;https:\/\/sawaqli.fra1.cdn.digitaloceanspaces.com\/30045\/Gant-Thermique-cnc.jpg&quot;,&quot;width&quot;:1024}\" data-trix-content-type=\"image\"><img decoding=\"async\" class=\"aligncenter\" src=\"https:\/\/sawaqli.fra1.cdn.digitaloceanspaces.com\/30045\/Gant-Thermique-cnc.jpg\" width=\"1024\" height=\"1024\" \/><figcaption class=\"attachment__caption\"><\/figcaption><\/figure>\n<figure class=\"attachment attachment--preview\" data-trix-attachment=\"{&quot;contentType&quot;:&quot;image&quot;,&quot;height&quot;:1024,&quot;url&quot;:&quot;https:\/\/sawaqli.fra1.cdn.digitaloceanspaces.com\/30040\/Gant-Thermique-10.jpg&quot;,&quot;width&quot;:1024}\" data-trix-content-type=\"image\"><img decoding=\"async\" class=\"aligncenter\" src=\"https:\/\/sawaqli.fra1.cdn.digitaloceanspaces.com\/30040\/Gant-Thermique-10.jpg\" width=\"1024\" height=\"1024\" \/><figcaption class=\"attachment__caption\"><\/figcaption><\/figure>\n<figure class=\"attachment attachment--preview\" data-trix-attachment=\"{&quot;contentType&quot;:&quot;image&quot;,&quot;height&quot;:1024,&quot;url&quot;:&quot;https:\/\/sawaqli.fra1.cdn.digitaloceanspaces.com\/30041\/Gant-Thermique-6.jpg&quot;,&quot;width&quot;:1024}\" data-trix-content-type=\"image\"><img decoding=\"async\" class=\"aligncenter\" src=\"https:\/\/sawaqli.fra1.cdn.digitaloceanspaces.com\/30041\/Gant-Thermique-6.jpg\" width=\"1024\" height=\"1024\" \/><figcaption class=\"attachment__caption\"><\/figcaption><\/figure>\n<figure class=\"attachment attachment--preview\" data-trix-attachment=\"{&quot;contentType&quot;:&quot;image&quot;,&quot;height&quot;:1024,&quot;url&quot;:&quot;https:\/\/sawaqli.fra1.cdn.digitaloceanspaces.com\/30042\/Gant-Thermique-9.jpg&quot;,&quot;width&quot;:1024}\" data-trix-content-type=\"image\"><img decoding=\"async\" class=\"aligncenter\" src=\"https:\/\/sawaqli.fra1.cdn.digitaloceanspaces.com\/30042\/Gant-Thermique-9.jpg\" width=\"1024\" height=\"1024\" \/><figcaption class=\"attachment__caption\"><\/figcaption><\/figure>\n<figure class=\"attachment attachment--preview\" data-trix-attachment=\"{&quot;contentType&quot;:&quot;image&quot;,&quot;height&quot;:1024,&quot;url&quot;:&quot;https:\/\/sawaqli.fra1.cdn.digitaloceanspaces.com\/30043\/Gant-Thermique-5.jpg&quot;,&quot;width&quot;:1024}\" data-trix-content-type=\"image\"><img decoding=\"async\" class=\"aligncenter\" src=\"https:\/\/sawaqli.fra1.cdn.digitaloceanspaces.com\/30043\/Gant-Thermique-5.jpg\" width=\"1024\" height=\"1024\" \/><figcaption class=\"attachment__caption\"><\/figcaption><\/figure>\n<p style=\"text-align: center;\">","protected":false},"excerpt":{"rendered":"<p>Mat\u00e9riau de mise \u00e0 niveau de haute qualit\u00e9 : d\u00e9licatement fabriqu\u00e9 avec du lycra imperm\u00e9able de qualit\u00e9 sup\u00e9rieure, doux et confortable \u00e0 porter ; fermeture \u00e0 glissi\u00e8re, garde bien au chaud lorsque vous envoyez des SMS ou tapez.Gants d\u2019ext\u00e9rieur unisexes \u2013 Gants avec fermeture \u00e9clair \u00e0 l\u2019arri\u00e8re, peuvent ajuster l\u2019\u00e9lasticit\u00e9 du poignet pour s\u2019adapter \u00e0 diff\u00e9rentes personnes, faciles \u00e0 porter et \u00e0 enlever, s\u2019adaptent parfaitement \u00e0 vos mains, gardent les mains au chaud et emp\u00eachent l\u2019air froid \u00e0 l\u2019int\u00e9rieur. Conception encha\u00een\u00e9e, qui peut \u00eatre facilement transport\u00e9e et peut s\u2019accrocher au sac \u00e0 dos pour \u00e9conomiser de l\u2019espace.Gants d\u2019hiver pour \u00e9cran tactile \u2013 Rev\u00eatement en mat\u00e9riau conducteur tactile sur la partie du pouce et de l\u2019index, fonctionne avec tous les appareils de type \u00e9cran tactile sans exposer votre main au froid mais garde vos doigts au chaud et au sec pendant que vous utilisez vos appareils.Gants de conduite antid\u00e9rapants \u2013 \u00c9quip\u00e9s d\u2019une impression en silicone, r\u00e9sistants \u00e0 l\u2019abrasion et antid\u00e9rapants, offrant une meilleure exp\u00e9rience d\u2019utilisation pour le travail. Veuillez ignorer le lien \u00ab Tableau des tailles \u00bb d\u2019Amazon et voir le TABLEAU DES TAILLES dans nos images ou ci-dessous dans la description du produit. Merci !Polyvalent \u2013 Les gants de cyclisme d\u2019hiver pour hommes sont tr\u00e8s beaux, confortables et de haute qualit\u00e9. Parfait pour les activit\u00e9s d\u00e9contract\u00e9es d\u2019hiver froides, l\u2019\u00e9quitation, la conduite, la randonn\u00e9e, la course \u00e0 pied, le v\u00e9lo, la neige, l\u2019am\u00e9nagement paysager, les projets de bricolage, le ski de fond, la motoneige et d\u2019autres activit\u00e9s de plein air hivernales<\/p>","protected":false},"featured_media":44736,"comment_status":"open","ping_status":"closed","template":"","meta":[],"product_brand":[],"product_cat":[2458],"product_tag":[],"class_list":{"0":"post-44737","1":"product","2":"type-product","3":"status-publish","4":"has-post-thumbnail","6":"product_cat-accessoires-auto-moto","8":"first","9":"instock","10":"sale","11":"taxable","12":"shipping-taxable","13":"purchasable","14":"product-type-simple"},"jetpack_sharing_enabled":true,"_links":{"self":[{"href":"https:\/\/shoponlinedz.com\/en\/wp-json\/wp\/v2\/product\/44737","targetHints":{"allow":["GET"]}}],"collection":[{"href":"https:\/\/shoponlinedz.com\/en\/wp-json\/wp\/v2\/product"}],"about":[{"href":"https:\/\/shoponlinedz.com\/en\/wp-json\/wp\/v2\/types\/product"}],"replies":[{"embeddable":true,"href":"https:\/\/shoponlinedz.com\/en\/wp-json\/wp\/v2\/comments?post=44737"}],"version-history":[{"count":0,"href":"https:\/\/shoponlinedz.com\/en\/wp-json\/wp\/v2\/product\/44737\/revisions"}],"wp:featuredmedia":[{"embeddable":true,"href":"https:\/\/shoponlinedz.com\/en\/wp-json\/wp\/v2\/media\/44736"}],"wp:attachment":[{"href":"https:\/\/shoponlinedz.com\/en\/wp-json\/wp\/v2\/media?parent=44737"}],"wp:term":[{"taxonomy":"product_brand","embeddable":true,"href":"https:\/\/shoponlinedz.com\/en\/wp-json\/wp\/v2\/product_brand?post=44737"},{"taxonomy":"product_cat","embeddable":true,"href":"https:\/\/shoponlinedz.com\/en\/wp-json\/wp\/v2\/product_cat?post=44737"},{"taxonomy":"product_tag","embeddable":true,"href":"https:\/\/shoponlinedz.com\/en\/wp-json\/wp\/v2\/product_tag?post=44737"}],"curies":[{"name":"wp","href":"https:\/\/api.w.org\/{rel}","templated":true}]}}