{"id":44726,"date":"2026-01-05T14:26:42","date_gmt":"2026-01-05T14:26:42","guid":{"rendered":"https:\/\/shoponlinedz.com\/product\/pack-2-applique-murale-magnetique-a-detecteur-de-mouvement-avec-batterie-rechargeable-%d8%b7%d9%82%d9%85-%d9%85%d8%b5%d8%a8%d8%a7%d8%ad%d9%8a%d9%86-%d8%a8%d9%85%d8%b3%d8%aa%d8%b4%d8%b9%d8%b1\/"},"modified":"2026-01-28T12:26:12","modified_gmt":"2026-01-28T12:26:12","slug":"pack-2-applique-murale-magnetique-a-detecteur-de-mouvement-avec-batterie-rechargeable-%d8%b7%d9%82%d9%85-%d9%85%d8%b5%d8%a8%d8%a7%d8%ad%d9%8a%d9%86-%d8%a8%d9%85%d8%b3%d8%aa%d8%b4%d8%b9%d8%b1","status":"publish","type":"product","link":"https:\/\/shoponlinedz.com\/en\/product\/pack-2-applique-murale-magnetique-a-detecteur-de-mouvement-avec-batterie-rechargeable-%d8%b7%d9%82%d9%85-%d9%85%d8%b5%d8%a8%d8%a7%d8%ad%d9%8a%d9%86-%d8%a8%d9%85%d8%b3%d8%aa%d8%b4%d8%b9%d8%b1\/","title":{"rendered":"Pack 2 applique murale magn\u00e9tique \u00e0 d\u00e9tecteur de mouvement avec batterie rechargeable \u2013 \u0637\u0642\u0645 \u0645\u0635\u0628\u0627\u062d\u064a\u0646 \u0628\u0645\u0633\u062a\u0634\u0639\u0631 \u062d\u0631\u0643\u0629"},"content":{"rendered":"<figure class=\"attachment attachment--preview\" data-trix-attachment=\"{&quot;contentType&quot;:&quot;image&quot;,&quot;height&quot;:1024,&quot;url&quot;:&quot;https:\/\/sawa9ly.app\/storage\/62348\/Applique-2Pcs-cnc.jpg&quot;,&quot;width&quot;:1024}\" data-trix-content-type=\"image\"><img decoding=\"async\" class=\"aligncenter\" src=\"https:\/\/sawa9ly.app\/storage\/62348\/Applique-2Pcs-cnc.jpg\" width=\"1024\" height=\"1024\" \/><figcaption class=\"attachment__caption\"><\/figcaption><\/figure>\n<figure class=\"attachment attachment--preview\" data-trix-attachment=\"{&quot;contentType&quot;:&quot;image&quot;,&quot;height&quot;:1024,&quot;url&quot;:&quot;https:\/\/sawa9ly.app\/storage\/62349\/Applique-2Pcs-12.jpg&quot;,&quot;width&quot;:1024}\" data-trix-content-type=\"image\"><img decoding=\"async\" class=\"aligncenter\" src=\"https:\/\/sawa9ly.app\/storage\/62349\/Applique-2Pcs-12.jpg\" width=\"1024\" height=\"1024\" \/><figcaption class=\"attachment__caption\"><\/figcaption><\/figure>\n<figure class=\"attachment attachment--preview\" data-trix-attachment=\"{&quot;contentType&quot;:&quot;image&quot;,&quot;height&quot;:1024,&quot;url&quot;:&quot;https:\/\/sawa9ly.app\/storage\/62350\/Applique-2Pcs-7.jpg&quot;,&quot;width&quot;:1024}\" data-trix-content-type=\"image\"><img decoding=\"async\" class=\"aligncenter\" src=\"https:\/\/sawa9ly.app\/storage\/62350\/Applique-2Pcs-7.jpg\" width=\"1024\" height=\"1024\" \/><figcaption class=\"attachment__caption\"><\/figcaption><\/figure>\n<figure class=\"attachment attachment--preview\" data-trix-attachment=\"{&quot;contentType&quot;:&quot;image&quot;,&quot;height&quot;:1024,&quot;url&quot;:&quot;https:\/\/sawa9ly.app\/storage\/62351\/Applique-2Pcs-9.jpg&quot;,&quot;width&quot;:1024}\" data-trix-content-type=\"image\"><img decoding=\"async\" class=\"aligncenter\" src=\"https:\/\/sawa9ly.app\/storage\/62351\/Applique-2Pcs-9.jpg\" width=\"1024\" height=\"1024\" \/><figcaption class=\"attachment__caption\"><\/figcaption><\/figure>\n<figure class=\"attachment attachment--preview\" data-trix-attachment=\"{&quot;contentType&quot;:&quot;image&quot;,&quot;height&quot;:1024,&quot;url&quot;:&quot;https:\/\/sawa9ly.app\/storage\/62352\/Applique-2Pcs-10.jpg&quot;,&quot;width&quot;:1024}\" data-trix-content-type=\"image\"><img decoding=\"async\" class=\"aligncenter\" src=\"https:\/\/sawa9ly.app\/storage\/62352\/Applique-2Pcs-10.jpg\" width=\"1024\" height=\"1024\" \/><figcaption class=\"attachment__caption\"><\/figcaption><\/figure>\n<p style=\"text-align: center;\">","protected":false},"excerpt":{"rendered":"<p>\ud83d\udca1 \u0645\u0635\u0628\u0627\u062d \u0627\u0633\u062a\u0634\u0639\u0627\u0631 \u0630\u0643\u064a \u0628\u062a\u0635\u0645\u064a\u0645 \u062e\u0634\u0628\u064a \u0641\u0627\u062e\u0631 \u2013 \u0623\u0646\u064a\u0642\u060c \u0630\u0643\u064a\u060c \u0648\u062f\u0627\u0641\u0626 \u2728\ud83c\udf19 \ud83d\udd38 \u0627\u0644\u0625\u0636\u0627\u0621\u0629 \u0627\u0644\u062a\u0644\u0642\u0627\u0626\u064a\u0629 \u0627\u0644\u0630\u0643\u064a\u0629 : \u064a\u0639\u0645\u0644 \u0628\u0646\u0638\u0627\u0645 \u0627\u0633\u062a\u0634\u0639\u0627\u0631 \u0645\u0632\u062f\u0648\u062c (\u0627\u0644\u0623\u0634\u0639\u0629 \u062a\u062d\u062a \u0627\u0644\u062d\u0645\u0631\u0627\u0621 + \u062d\u0633\u0627\u0633 \u0627\u0644\u0625\u0636\u0627\u0621\u0629) \ud83d\udc41\ufe0f\u200d\ud83d\udde8\ufe0f \u0639\u0646\u062f\u0645\u0627 \u064a\u0643\u062a\u0634\u0641 \u062d\u0631\u0643\u0629 \u0641\u064a \u0645\u0643\u0627\u0646 \u0645\u0638\u0644\u0645\u060c \u064a\u064f\u0636\u064a\u0621 \u062a\u0644\u0642\u0627\u0626\u064a\u064b\u0627 \u0644\u0645\u062f\u0629 15 \u062b\u0627\u0646\u064a\u0629 \u062b\u0645 \u064a\u0646\u0637\u0641\u0626 \u0645\u0646 \u062a\u0644\u0642\u0627\u0621 \u0646\u0641\u0633\u0647 \u0644\u062a\u0648\u0641\u064a\u0631 \u0627\u0644\u0637\u0627\u0642\u0629.\ud83d\udd26 \u0645\u062f\u0649 \u0627\u0644\u0643\u0634\u0641 :\u0623\u0645\u0627\u0645\u064a : \u0645\u0646 5 \u0625\u0644\u0649 7 \u0623\u0645\u062a\u0627\u0631\u062c\u0627\u0646\u0628\u064a : \u0645\u0646 2 \u0625\u0644\u0649 3 \u0623\u0645\u062a\u0627\u0631\u0632\u0627\u0648\u064a\u0629 \u0627\u0644\u0643\u0634\u0641 : 120\u00b0\ud83c\udf1f \ud83d\udd38 \u062a\u0635\u0645\u064a\u0645 \u062d\u062f\u064a\u062b \u0628\u0644\u0645\u0633\u0629 \u0641\u0627\u062e\u0631\u0629 : \u0645\u0635\u0646\u0648\u0639 \u0645\u0646 \u062e\u0634\u0628 \u0627\u0644\u062c\u0648\u0632 \u0627\u0644\u0637\u0628\u064a\u0639\u064a \u0645\u0639 \u0644\u0645\u0633\u0627\u062a \u0645\u0646 \u0627\u0644\u0623\u0643\u0631\u064a\u0644\u064a\u0643 \u0627\u0644\u0634\u0641\u0627\u0641\u060c \u064a\u0645\u0646\u062d \u062f\u064a\u0643\u0648\u0631\u0643 \u0644\u0645\u0633\u0629 \u062f\u0627\u0641\u0626\u0629 \u0648\u0623\u0646\u064a\u0642\u0629 \u0645\u0633\u062a\u0648\u062d\u0627\u0629 \u0645\u0646 \u0627\u0644\u0637\u0631\u0627\u0632 \u0627\u0644\u0627\u0633\u0643\u0646\u062f\u0646\u0627\u0641\u064a \u0627\u0644\u0639\u0635\u0631\u064a.\u2699\ufe0f \ud83d\udd38 \u0627\u0633\u062a\u062e\u062f\u0627\u0645 \u0639\u0645\u0644\u064a \u0648\u0645\u0631\u0646 : \u064a\u0639\u0645\u0644 \u0628\u0646\u0638\u0627\u0645 \u0627\u0644\u062a\u0631\u0643\u064a\u0628 \u0627\u0644\u0645\u063a\u0646\u0627\u0637\u064a\u0633\u064a \ud83e\uddf2 \u064a\u0645\u0643\u0646 \u062a\u062b\u0628\u064a\u062a\u0647 \u0628\u0633\u0647\u0648\u0644\u0629 \u0639\u0644\u0649 \u0623\u064a \u0633\u0637\u062d \u0645\u0639\u062f\u0646\u064a \u0623\u0648 \u0639\u0644\u0649 \u0642\u0627\u0639\u062f\u062a\u0647 \u0627\u0644\u062e\u0634\u0628\u064a\u0629\u060c \u0645\u0645\u0627 \u064a\u0633\u0645\u062d \u0644\u0643 \u0628\u0646\u0642\u0644\u0647 \u0648\u0627\u0633\u062a\u062e\u062f\u0627\u0645\u0647 \u0641\u064a \u0623\u064a \u0645\u0643\u0627\u0646 \u0628\u0627\u0644\u0645\u0646\u0632\u0644 : \ud83c\udfe0 \u063a\u0631\u0641\u0629 \u0627\u0644\u062c\u0644\u0648\u0633 | \ud83d\udecf\ufe0f \u063a\u0631\u0641\u0629 \u0627\u0644\u0646\u0648\u0645 | \ud83d\udeb6\u200d\u2642\ufe0f \u0627\u0644\u0645\u0645\u0631 | \ud83d\udec1 \u0627\u0644\u062d\u0645\u0627\u0645 | \ud83d\udcda \u0627\u0644\u0645\u0643\u062a\u0628 | \ud83d\udeaa \u0627\u0644\u062e\u0632\u0627\u0646\u0629\u2728 \ud83d\udd38 \u0627\u0644\u0645\u0645\u064a\u0632\u0627\u062a \u0627\u0644\u062a\u0642\u0646\u064a\u0629 :\u0627\u0644\u0644\u0648\u0646 : \ud83c\udf30 \u062e\u0634\u0628 \u0627\u0644\u062c\u0648\u0632\u0627\u0644\u0646\u0645\u0637 : \u0639\u0635\u0631\u064a \u0634\u0645\u0627\u0644\u064a (Nordique Moderne)\u0627\u0644\u0645\u0642\u0627\u0633 : \u200e2.5 \u00d7 18 \u0633\u0645\u0627\u0644\u0645\u0627\u062f\u0629 : \u062e\u0634\u0628 \u0637\u0628\u064a\u0639\u064a + \u0623\u0643\u0631\u064a\u0644\u064a\u0643\u0646\u0648\u0639 \u0627\u0644\u0636\u0648\u0621 : LED \u0623\u0628\u064a\u0636 \u062f\u0627\u0641\u0626 (2700K\u20133000K)\u0627\u0644\u0637\u0627\u0642\u0629 : 1 \u0648\u0627\u0637 \u2013 DC 5V \/ 1A\u0645\u062f\u0649 \u0627\u0644\u0625\u0636\u0627\u0621\u0629 : 5 \u0625\u0644\u0649 7 \u0623\u0645\u062a\u0627\u0631 \u0645\u0631\u0628\u0639\u0629\u0627\u0644\u0639\u0645\u0631 \u0627\u0644\u0627\u0641\u062a\u0631\u0627\u0636\u064a : 10,000 \u0633\u0627\u0639\u0629\u0646\u0648\u0639 \u0627\u0644\u062a\u0634\u063a\u064a\u0644 : \u0627\u0633\u062a\u0634\u0639\u0627\u0631 \u0630\u0643\u064a \u062a\u0644\u0642\u0627\u0626\u064a\ud83c\udf3f \ud83d\udd38 \u0627\u0644\u0646\u062a\u064a\u062c\u0629 : \u0645\u0635\u0628\u0627\u062d \u064a\u062c\u0645\u0639 \u0628\u064a\u0646 \u0627\u0644\u0630\u0643\u0627\u0621\u060c \u0627\u0644\u0628\u0633\u0627\u0637\u0629 \u0648\u0627\u0644\u062c\u0645\u0627\u0644 \u0627\u0644\u0637\u0628\u064a\u0639\u064a\u060c \u064a\u0636\u064a\u0641 \u0625\u0644\u0649 \u0645\u0646\u0632\u0644\u0643 \u062f\u0641\u0626\u064b\u0627 \u0648\u0631\u0627\u062d\u0629 \u0628\u0635\u0631\u064a\u0629 \u0641\u064a \u0643\u0644 \u0644\u062d\u0638\u0629 \ud83c\udf19\u2728<\/p>","protected":false},"featured_media":44725,"comment_status":"open","ping_status":"closed","template":"","meta":[],"product_brand":[],"product_cat":[2455],"product_tag":[],"class_list":{"0":"post-44726","1":"product","2":"type-product","3":"status-publish","4":"has-post-thumbnail","6":"product_cat-maison","8":"first","9":"instock","10":"sale","11":"taxable","12":"shipping-taxable","13":"purchasable","14":"product-type-simple"},"jetpack_sharing_enabled":true,"_links":{"self":[{"href":"https:\/\/shoponlinedz.com\/en\/wp-json\/wp\/v2\/product\/44726","targetHints":{"allow":["GET"]}}],"collection":[{"href":"https:\/\/shoponlinedz.com\/en\/wp-json\/wp\/v2\/product"}],"about":[{"href":"https:\/\/shoponlinedz.com\/en\/wp-json\/wp\/v2\/types\/product"}],"replies":[{"embeddable":true,"href":"https:\/\/shoponlinedz.com\/en\/wp-json\/wp\/v2\/comments?post=44726"}],"version-history":[{"count":0,"href":"https:\/\/shoponlinedz.com\/en\/wp-json\/wp\/v2\/product\/44726\/revisions"}],"wp:featuredmedia":[{"embeddable":true,"href":"https:\/\/shoponlinedz.com\/en\/wp-json\/wp\/v2\/media\/44725"}],"wp:attachment":[{"href":"https:\/\/shoponlinedz.com\/en\/wp-json\/wp\/v2\/media?parent=44726"}],"wp:term":[{"taxonomy":"product_brand","embeddable":true,"href":"https:\/\/shoponlinedz.com\/en\/wp-json\/wp\/v2\/product_brand?post=44726"},{"taxonomy":"product_cat","embeddable":true,"href":"https:\/\/shoponlinedz.com\/en\/wp-json\/wp\/v2\/product_cat?post=44726"},{"taxonomy":"product_tag","embeddable":true,"href":"https:\/\/shoponlinedz.com\/en\/wp-json\/wp\/v2\/product_tag?post=44726"}],"curies":[{"name":"wp","href":"https:\/\/api.w.org\/{rel}","templated":true}]}}