{"id":44707,"date":"2026-01-05T14:26:08","date_gmt":"2026-01-05T14:26:08","guid":{"rendered":"https:\/\/shoponlinedz.com\/product\/bache-de-protection-pour-moto-impermeable-de-haute-qualite-v2-%d8%ba%d9%84%d8%a7%d9%81-%d9%88%d8%a7%d9%82%d9%8a-%d9%84%d9%84%d8%af%d8%b1%d8%a7%d8%ac%d8%a7%d8%aa-%d8%a7%d9%84%d9%86%d8%a7\/"},"modified":"2026-02-05T11:38:35","modified_gmt":"2026-02-05T10:38:35","slug":"bache-de-protection-pour-moto-impermeable-de-haute-qualite-v2-%d8%ba%d9%84%d8%a7%d9%81-%d9%88%d8%a7%d9%82%d9%8a-%d9%84%d9%84%d8%af%d8%b1%d8%a7%d8%ac%d8%a7%d8%aa-%d8%a7%d9%84%d9%86%d8%a7","status":"publish","type":"product","link":"https:\/\/shoponlinedz.com\/en\/product\/bache-de-protection-pour-moto-impermeable-de-haute-qualite-v2-%d8%ba%d9%84%d8%a7%d9%81-%d9%88%d8%a7%d9%82%d9%8a-%d9%84%d9%84%d8%af%d8%b1%d8%a7%d8%ac%d8%a7%d8%aa-%d8%a7%d9%84%d9%86%d8%a7\/","title":{"rendered":"B\u00e2che de Protection pour Moto Imperm\u00e9able de Haute Qualit\u00e9 V2 \u2013 \u063a\u0644\u0627\u0641 \u0648\u0627\u0642\u064a \u0644\u0644\u062f\u0631\u0627\u062c\u0627\u062a \u0627\u0644\u0646\u0627\u0631\u064a\u0629"},"content":{"rendered":"<figure class=\"attachment attachment--preview\" data-trix-attachment=\"{&quot;contentType&quot;:&quot;image&quot;,&quot;height&quot;:1024,&quot;url&quot;:&quot;https:\/\/sawa9ly.app\/storage\/65210\/Couvre-Moto-GR-cnc.jpg&quot;,&quot;width&quot;:1024}\" data-trix-content-type=\"image\"><img decoding=\"async\" class=\"aligncenter\" src=\"https:\/\/sawa9ly.app\/storage\/65210\/Couvre-Moto-GR-cnc.jpg\" width=\"1024\" height=\"1024\" \/><figcaption class=\"attachment__caption\"><\/figcaption><\/figure>\n<figure class=\"attachment attachment--preview\" data-trix-attachment=\"{&quot;contentType&quot;:&quot;image&quot;,&quot;height&quot;:1024,&quot;url&quot;:&quot;https:\/\/sawa9ly.app\/storage\/65211\/Couvre-Moto-GR-1.jpg&quot;,&quot;width&quot;:1024}\" data-trix-content-type=\"image\"><img decoding=\"async\" class=\"aligncenter\" src=\"https:\/\/sawa9ly.app\/storage\/65211\/Couvre-Moto-GR-1.jpg\" width=\"1024\" height=\"1024\" \/><figcaption class=\"attachment__caption\"><\/figcaption><\/figure>\n<figure class=\"attachment attachment--preview\" data-trix-attachment=\"{&quot;contentType&quot;:&quot;image&quot;,&quot;height&quot;:1024,&quot;url&quot;:&quot;https:\/\/sawa9ly.app\/storage\/65212\/Couvre-Moto-GR-2.jpg&quot;,&quot;width&quot;:1024}\" data-trix-content-type=\"image\"><img decoding=\"async\" class=\"aligncenter\" src=\"https:\/\/sawa9ly.app\/storage\/65212\/Couvre-Moto-GR-2.jpg\" width=\"1024\" height=\"1024\" \/><figcaption class=\"attachment__caption\"><\/figcaption><\/figure>\n<figure class=\"attachment attachment--preview\" data-trix-attachment=\"{&quot;contentType&quot;:&quot;image&quot;,&quot;height&quot;:1024,&quot;url&quot;:&quot;https:\/\/sawa9ly.app\/storage\/65213\/Couvre-Moto-GR-4.jpg&quot;,&quot;width&quot;:1024}\" data-trix-content-type=\"image\"><img decoding=\"async\" class=\"aligncenter\" src=\"https:\/\/sawa9ly.app\/storage\/65213\/Couvre-Moto-GR-4.jpg\" width=\"1024\" height=\"1024\" \/><figcaption class=\"attachment__caption\"><\/figcaption><\/figure>\n<figure class=\"attachment attachment--preview\" data-trix-attachment=\"{&quot;contentType&quot;:&quot;image&quot;,&quot;height&quot;:1024,&quot;url&quot;:&quot;https:\/\/sawa9ly.app\/storage\/65214\/Couvre-Moto-GR-5.jpg&quot;,&quot;width&quot;:1024}\" data-trix-content-type=\"image\"><img decoding=\"async\" class=\"aligncenter\" src=\"https:\/\/sawa9ly.app\/storage\/65214\/Couvre-Moto-GR-5.jpg\" width=\"1024\" height=\"1024\" \/><figcaption class=\"attachment__caption\"><\/figcaption><\/figure>\n<p style=\"text-align: center\">","protected":false},"excerpt":{"rendered":"<p>\u063a\u0637\u0627\u0621 \u062f\u0631\u0627\u062c\u0629 \u0646\u0627\u0631\u064a\u0629 \u062e\u0641\u064a\u0641 \u062c\u062f\u064b\u0627 \u0648\u0645\u0642\u0627\u0648\u0645 \u0644\u0644\u0639\u0648\u0627\u0645\u0644 \u0627\u0644\u062e\u0627\u0631\u062c\u064a\u0629 \u2013 \u0645\u0642\u0627\u0633 XXL\u0648\u0641\u0631 \u062d\u0645\u0627\u064a\u0629 \u0645\u062b\u0627\u0644\u064a\u0629 \u0644\u062f\u0631\u0627\u062c\u062a\u0643 \u0627\u0644\u0646\u0627\u0631\u064a\u0629 \u0645\u0639 \u0647\u0630\u0627 \u0627\u0644\u063a\u0637\u0627\u0621 \u0627\u0644\u0639\u0645\u0644\u064a \u0627\u0644\u0645\u0635\u0646\u0648\u0639 \u0645\u0646 \u062e\u0627\u0645\u0627\u062a \u0639\u0627\u0644\u064a\u0629 \u0627\u0644\u062c\u0648\u062f\u0629\u060c \u0648\u0627\u0644\u0645\u0635\u0645\u0645 \u0644\u064a\u062c\u0645\u0639 \u0628\u064a\u0646 \u0627\u0644\u062e\u0641\u0629\u060c \u0627\u0644\u0645\u062a\u0627\u0646\u0629\u060c \u0648\u0633\u0647\u0648\u0644\u0629 \u0627\u0644\u0627\u0633\u062a\u062e\u062f\u0627\u0645.\u0627\u0644\u0645\u0645\u064a\u0632\u0627\u062a\u062e\u0641\u064a\u0641 \u062c\u062f\u064b\u0627 \u0648\u0633\u0647\u0644 \u0627\u0644\u062d\u0645\u0644 \u0645\u0635\u0646\u0648\u0639 \u0645\u0646 \u0642\u0645\u0627\u0634 \u0628\u0648\u0644\u064a \u0625\u064a\u062b\u064a\u0644\u064a\u0646 210D \u0627\u0644\u0645\u0631\u0646 \u0648\u0627\u0644\u062e\u0641\u064a\u0641\u060c \u0628\u0648\u0632\u0646 \u0623\u0642\u0644 \u0645\u0646 300 \u063a\u0631\u0627\u0645 \u0641\u0642\u0637. \u064a\u0645\u0643\u0646 \u0637\u064a\u0651\u0647 \u0628\u0633\u0647\u0648\u0644\u0629 \u0644\u064a\u0634\u063a\u0644 \u0645\u0633\u0627\u062d\u0629 \u0635\u063a\u064a\u0631\u0629 \u062c\u062f\u064b\u0627 \u062f\u0627\u062e\u0644 \u062d\u0642\u064a\u0628\u0629 \u0627\u0644\u0638\u0647\u0631 \u0639\u0646\u062f \u0639\u062f\u0645 \u0627\u0644\u0627\u0633\u062a\u062e\u062f\u0627\u0645.\u0645\u0642\u0627\u0648\u0645\u0629 \u0639\u0627\u0644\u064a\u0629 \u0644\u0644\u0645\u0627\u0621 \u0648\u0627\u0644\u063a\u0628\u0627\u0631 \u064a\u0648\u0641\u0631 \u062f\u0631\u062c\u0629 \u0639\u0627\u0644\u064a\u0629 \u0645\u0646 \u0627\u0644\u0639\u0632\u0644 \u0636\u062f \u0627\u0644\u0645\u0627\u0621 \u0645\u0639 \u0645\u0642\u0627\u0648\u0645\u0629 \u0642\u0648\u064a\u0629 \u0644\u062a\u0631\u0627\u0643\u0645 \u0627\u0644\u063a\u0628\u0627\u0631 \u0648\u0627\u0644\u0623\u062a\u0631\u0628\u0629\u060c \u0648\u064a\u062d\u0627\u0641\u0638 \u0639\u0644\u0649 \u062e\u0635\u0627\u0626\u0635\u0647 \u0627\u0644\u0645\u0642\u0627\u0648\u0645\u0629 \u0645\u0639 \u0645\u0631\u0648\u0631 \u0627\u0644\u0648\u0642\u062a.\u062d\u0645\u0627\u064a\u0629 \u0645\u0646 \u0623\u0634\u0639\u0629 \u0627\u0644\u0634\u0645\u0633 (Anti-UV) \u064a\u062d\u0645\u064a \u0627\u0644\u062f\u0631\u0627\u062c\u0629 \u0645\u0646 \u0623\u0634\u0639\u0629 \u0627\u0644\u0634\u0645\u0633 \u0641\u0648\u0642 \u0627\u0644\u0628\u0646\u0641\u0633\u062c\u064a\u0629\u060c \u0645\u0645\u0627 \u064a\u0633\u0627\u0639\u062f \u0639\u0644\u0649 \u0627\u0644\u062d\u0641\u0627\u0638 \u0639\u0644\u0649 \u0637\u0644\u0627\u0621 \u0627\u0644\u062f\u0631\u0627\u062c\u0629 \u0648\u0627\u0644\u0645\u0642\u0639\u062f \u0648\u0627\u0644\u062e\u0632\u0627\u0646 \u0645\u0646 \u0627\u0644\u062a\u0644\u0641 \u0648\u0627\u0644\u0628\u0647\u062a\u0627\u0646.\u0645\u0646\u0627\u0633\u0628 \u0644\u0644\u0627\u0633\u062a\u062e\u062f\u0627\u0645 \u0627\u0644\u062f\u0627\u062e\u0644\u064a \u0627\u0644\u0645\u062a\u0639\u062f\u062f \u0645\u0635\u0645\u0645 \u062e\u0635\u064a\u0635\u064b\u0627 \u0644\u0644\u0627\u0633\u062a\u062e\u062f\u0627\u0645 \u062f\u0627\u062e\u0644:\u0627\u0644\u0643\u0631\u0627\u062c\u0627\u062a \u0627\u0644\u062e\u0627\u0635\u0629 \u0623\u0648 \u0627\u0644\u0645\u0634\u062a\u0631\u0643\u0629\u0645\u0648\u0627\u0642\u0641 \u0627\u0644\u0633\u064a\u0627\u0631\u0627\u062a \u0627\u0644\u0633\u0643\u0646\u064a\u0629\u0623\u0645\u0627\u0643\u0646 \u062a\u062e\u0632\u064a\u0646 \u0627\u0644\u062f\u0631\u0627\u062c\u0627\u062a \u0627\u0644\u0643\u0644\u0627\u0633\u064a\u0643\u064a\u0629 \u0623\u0648 \u0627\u0644\u0631\u064a\u0627\u0636\u064a\u0629 \u0644\u0641\u062a\u0631\u0627\u062a \u0637\u0648\u064a\u0644\u0629 \u0645\u0639 \u0634\u063a\u0644 \u0645\u0633\u0627\u062d\u0629 \u0642\u0644\u064a\u0644\u0629 \u062c\u062f\u064b\u0627 \u0648\u0648\u0632\u0646 \u062e\u0641\u064a\u0641.\u0645\u062b\u0627\u0644\u064a \u0644\u0644\u062a\u0646\u0642\u0644 \u0648\u0627\u0644\u062a\u0648\u0642\u0641\u0627\u062a \u064a\u0645\u0643\u0646 \u0627\u0633\u062a\u062e\u062f\u0627\u0645\u0647 \u0623\u062b\u0646\u0627\u0621 \u0627\u0644\u0631\u062d\u0644\u0627\u062a \u0623\u0648 \u0639\u0646\u062f \u0627\u0644\u062a\u0648\u0642\u0641 \u0641\u064a \u0627\u0644\u062a\u062c\u0645\u0639\u0627\u062a\u060c \u062d\u064a\u062b \u064a\u0642\u0644\u0644 \u0645\u0646 \u0627\u0644\u0623\u0648\u0633\u0627\u062e \u0648\u0627\u0644\u063a\u0628\u0627\u0631 \u0627\u0644\u062a\u064a \u0642\u062f \u062a\u062a\u0631\u0627\u0643\u0645 \u0639\u0644\u0649 \u0627\u0644\u062e\u0632\u0627\u0646 \u0648\u0627\u0644\u0645\u0642\u0639\u062f.\u0645\u062a\u0648\u0627\u0641\u0642 \u0645\u0639 \u0645\u0639\u0638\u0645 \u0627\u0644\u062f\u0631\u0627\u062c\u0627\u062a \u0645\u0646\u0627\u0633\u0628 \u0644\u0645\u0639\u0638\u0645 \u0627\u0644\u062f\u0631\u0627\u062c\u0627\u062a \u0627\u0644\u0646\u0627\u0631\u064a\u0629\u060c \u0648\u064a\u0645\u0643\u0646 \u0627\u0633\u062a\u062e\u062f\u0627\u0645\u0647 \u0623\u064a\u0636\u064b\u0627 \u0644\u0644\u062f\u0631\u0627\u062c\u0627\u062a \u0627\u0644\u0647\u0648\u0627\u0626\u064a\u0629. \u0645\u0644\u0627\u062d\u0638\u0629: \u064a\u064f\u0646\u0635\u062d \u0628\u0627\u062e\u062a\u064a\u0627\u0631 \u0645\u0642\u0627\u0633 \u0623\u0643\u0628\u0631 \u0642\u0644\u064a\u0644\u064b\u0627\u060c \u062e\u0627\u0635\u0629 \u0644\u0644\u062f\u0631\u0627\u062c\u0627\u062a \u0630\u0627\u062a \u0627\u0644\u0639\u0631\u0636 \u0627\u0644\u0643\u0628\u064a\u0631\u060c \u0644\u0636\u0645\u0627\u0646 \u0633\u0647\u0648\u0644\u0629 \u0627\u0644\u062a\u0631\u0643\u064a\u0628 \u062f\u0648\u0646 \u0634\u062f.\u0627\u0644\u0645\u0648\u0627\u0635\u0641\u0627\u062a\u0627\u0644\u062e\u0627\u0645\u0629: \u0628\u0648\u0644\u064a \u0625\u064a\u062b\u064a\u0644\u064a\u0646 210D\u0627\u0644\u0648\u0632\u0646: \u0623\u0642\u0644 \u0645\u0646 300 \u063a\u0631\u0627\u0645\u0627\u0644\u062e\u0635\u0627\u0626\u0635: \u0645\u0642\u0627\u0648\u0645 \u0644\u0644\u0645\u0627\u0621 \u2013 \u0645\u0636\u0627\u062f \u0644\u0644\u063a\u0628\u0627\u0631 \u2013 \u062d\u0645\u0627\u064a\u0629 \u0645\u0646 \u0627\u0644\u0623\u0634\u0639\u0629 \u0641\u0648\u0642 \u0627\u0644\u0628\u0646\u0641\u0633\u062c\u064a\u0629\u0627\u0644\u0645\u0642\u0627\u0633: XXL\u0627\u0644\u0623\u0628\u0639\u0627\u062f: 245 \u00d7 105 \u00d7 125 \u0633\u0645\u0627\u0644\u0627\u0633\u062a\u062e\u062f\u0627\u0645: \u062a\u062e\u0632\u064a\u0646 \u062f\u0627\u062e\u0644\u064a \u2013 \u0645\u0648\u0627\u0642\u0641 \u2013 \u062a\u0646\u0642\u0644<\/p>","protected":false},"featured_media":44706,"comment_status":"open","ping_status":"closed","template":"","meta":[],"product_brand":[],"product_cat":[2458],"product_tag":[],"class_list":{"0":"post-44707","1":"product","2":"type-product","3":"status-publish","4":"has-post-thumbnail","6":"product_cat-accessoires-auto-moto","8":"first","9":"outofstock","10":"sale","11":"taxable","12":"shipping-taxable","13":"purchasable","14":"product-type-simple"},"jetpack_sharing_enabled":true,"_links":{"self":[{"href":"https:\/\/shoponlinedz.com\/en\/wp-json\/wp\/v2\/product\/44707","targetHints":{"allow":["GET"]}}],"collection":[{"href":"https:\/\/shoponlinedz.com\/en\/wp-json\/wp\/v2\/product"}],"about":[{"href":"https:\/\/shoponlinedz.com\/en\/wp-json\/wp\/v2\/types\/product"}],"replies":[{"embeddable":true,"href":"https:\/\/shoponlinedz.com\/en\/wp-json\/wp\/v2\/comments?post=44707"}],"version-history":[{"count":0,"href":"https:\/\/shoponlinedz.com\/en\/wp-json\/wp\/v2\/product\/44707\/revisions"}],"wp:featuredmedia":[{"embeddable":true,"href":"https:\/\/shoponlinedz.com\/en\/wp-json\/wp\/v2\/media\/44706"}],"wp:attachment":[{"href":"https:\/\/shoponlinedz.com\/en\/wp-json\/wp\/v2\/media?parent=44707"}],"wp:term":[{"taxonomy":"product_brand","embeddable":true,"href":"https:\/\/shoponlinedz.com\/en\/wp-json\/wp\/v2\/product_brand?post=44707"},{"taxonomy":"product_cat","embeddable":true,"href":"https:\/\/shoponlinedz.com\/en\/wp-json\/wp\/v2\/product_cat?post=44707"},{"taxonomy":"product_tag","embeddable":true,"href":"https:\/\/shoponlinedz.com\/en\/wp-json\/wp\/v2\/product_tag?post=44707"}],"curies":[{"name":"wp","href":"https:\/\/api.w.org\/{rel}","templated":true}]}}