{"id":44527,"date":"2026-01-05T14:20:32","date_gmt":"2026-01-05T14:20:32","guid":{"rendered":"https:\/\/shoponlinedz.com\/product\/machine-a-laver-3l-portable-pour-sous-vetements-avec-lumiere-bleue-%d8%ba%d8%b3%d8%a7%d9%84%d8%a9-%d9%85%d9%84%d8%a7%d8%a8%d8%b3-%d9%85%d8%ad%d9%85%d9%88%d9%84%d8%a9\/"},"modified":"2026-02-03T11:11:15","modified_gmt":"2026-02-03T10:11:15","slug":"machine-a-laver-3l-portable-pour-sous-vetements-avec-lumiere-bleue-%d8%ba%d8%b3%d8%a7%d9%84%d8%a9-%d9%85%d9%84%d8%a7%d8%a8%d8%b3-%d9%85%d8%ad%d9%85%d9%88%d9%84%d8%a9","status":"publish","type":"product","link":"https:\/\/shoponlinedz.com\/en\/product\/machine-a-laver-3l-portable-pour-sous-vetements-avec-lumiere-bleue-%d8%ba%d8%b3%d8%a7%d9%84%d8%a9-%d9%85%d9%84%d8%a7%d8%a8%d8%b3-%d9%85%d8%ad%d9%85%d9%88%d9%84%d8%a9\/","title":{"rendered":"Machine \u00e0 laver 3L Portable pour sous-v\u00eatements avec lumi\u00e8re bleue \u2013 \u063a\u0633\u0627\u0644\u0629 \u0645\u0644\u0627\u0628\u0633 \u0645\u062d\u0645\u0648\u0644\u0629"},"content":{"rendered":"<figure class=\"attachment attachment--preview\" data-trix-attachment=\"{&quot;contentType&quot;:&quot;image&quot;,&quot;height&quot;:1024,&quot;url&quot;:&quot;https:\/\/sawa9ly.app\/storage\/65141\/Laundry-machine-cnc-1.jpg&quot;,&quot;width&quot;:1024}\" data-trix-content-type=\"image\"><img decoding=\"async\" class=\"aligncenter\" src=\"https:\/\/sawa9ly.app\/storage\/65141\/Laundry-machine-cnc-1.jpg\" width=\"1024\" height=\"1024\" \/><figcaption class=\"attachment__caption\"><\/figcaption><\/figure>\n<figure class=\"attachment attachment--preview\" data-trix-attachment=\"{&quot;contentType&quot;:&quot;image&quot;,&quot;height&quot;:1024,&quot;url&quot;:&quot;https:\/\/sawa9ly.app\/storage\/65142\/Laundry-machine-11.jpg&quot;,&quot;width&quot;:1024}\" data-trix-content-type=\"image\"><img decoding=\"async\" class=\"aligncenter\" src=\"https:\/\/sawa9ly.app\/storage\/65142\/Laundry-machine-11.jpg\" width=\"1024\" height=\"1024\" \/><figcaption class=\"attachment__caption\"><\/figcaption><\/figure>\n<figure class=\"attachment attachment--preview\" data-trix-attachment=\"{&quot;contentType&quot;:&quot;image&quot;,&quot;height&quot;:1024,&quot;url&quot;:&quot;https:\/\/sawa9ly.app\/storage\/65143\/Laundry-machine-0.jpg&quot;,&quot;width&quot;:1024}\" data-trix-content-type=\"image\"><img decoding=\"async\" class=\"aligncenter\" src=\"https:\/\/sawa9ly.app\/storage\/65143\/Laundry-machine-0.jpg\" width=\"1024\" height=\"1024\" \/><figcaption class=\"attachment__caption\"><\/figcaption><\/figure>\n<figure class=\"attachment attachment--preview\" data-trix-attachment=\"{&quot;contentType&quot;:&quot;image&quot;,&quot;height&quot;:1024,&quot;url&quot;:&quot;https:\/\/sawa9ly.app\/storage\/65144\/Laundry-machine-5.jpg&quot;,&quot;width&quot;:1024}\" data-trix-content-type=\"image\"><img decoding=\"async\" class=\"aligncenter\" src=\"https:\/\/sawa9ly.app\/storage\/65144\/Laundry-machine-5.jpg\" width=\"1024\" height=\"1024\" \/><figcaption class=\"attachment__caption\"><\/figcaption><\/figure>\n<figure class=\"attachment attachment--preview\" data-trix-attachment=\"{&quot;contentType&quot;:&quot;image&quot;,&quot;height&quot;:1024,&quot;url&quot;:&quot;https:\/\/sawa9ly.app\/storage\/65145\/Laundry-machine-6.jpg&quot;,&quot;width&quot;:1024}\" data-trix-content-type=\"image\"><img decoding=\"async\" class=\"aligncenter\" src=\"https:\/\/sawa9ly.app\/storage\/65145\/Laundry-machine-6.jpg\" width=\"1024\" height=\"1024\" \/><figcaption class=\"attachment__caption\"><\/figcaption><\/figure>\n<p style=\"text-align: center\">","protected":false},"excerpt":{"rendered":"<p>\ud83e\uddfa \u063a\u0633\u0627\u0644\u0629 \u0645\u0644\u0627\u0628\u0633 \u0645\u062d\u0645\u0648\u0644\u0629 3 \u0641\u064a 1 \u2013 \u0627\u0644\u062d\u0644 \u0627\u0644\u0630\u0643\u064a \u0644\u0644\u0646\u0638\u0627\u0641\u0629 \u0623\u064a\u0646\u0645\u0627 \u0643\u0646\u062a\u0627\u0633\u062a\u0645\u062a\u0639 \u0628\u0646\u0638\u0627\u0641\u0629 \u0639\u0645\u0644\u064a\u0629 \u0648\u0633\u0647\u0644\u0629 \u0645\u0639 \u0627\u0644\u063a\u0633\u0627\u0644\u0629 \u0627\u0644\u0645\u062d\u0645\u0648\u0644\u0629 3 \u0641\u064a 1\u060c \u0627\u0644\u0645\u0635\u0645\u0645\u0629 \u062e\u0635\u064a\u0635\u064b\u0627 \u0644\u063a\u0633\u0644 \u0627\u0644\u0645\u0644\u0627\u0628\u0633 \u0627\u0644\u0635\u063a\u064a\u0631\u0629 \u0628\u0643\u0641\u0627\u0621\u0629 \u0639\u0627\u0644\u064a\u0629 \u0641\u064a \u0623\u064a \u0645\u0643\u0627\u0646. \u062a\u062c\u0645\u0639 \u0628\u064a\u0646 \u0627\u0644\u063a\u0633\u0644\u060c \u0627\u0644\u0639\u0635\u0631\u060c \u0648\u0627\u0644\u062a\u0639\u0642\u064a\u0645 \u0628\u0627\u0644\u0636\u0648\u0621 \u0627\u0644\u0623\u0632\u0631\u0642 \u0641\u064a \u062c\u0647\u0627\u0632 \u0648\u0627\u062d\u062f \u0635\u063a\u064a\u0631 \u0627\u0644\u062d\u062c\u0645 \u0648\u0633\u0647\u0644 \u0627\u0644\u062d\u0645\u0644.\u2b50 \u0627\u0644\u0645\u0645\u064a\u0632\u0627\u062a \u0627\u0644\u0631\u0626\u064a\u0633\u064a\u0629\ud83d\udd04 3 \u0648\u0638\u0627\u0626\u0641 \u0641\u064a \u062c\u0647\u0627\u0632 \u0648\u0627\u062d\u062f\u062a\u063a\u0633\u0644\u060c \u062a\u0639\u0635\u0631\u060c \u0648\u062a\u064f\u0639\u0642\u0651\u0645 \u0628\u0627\u0644\u0636\u0648\u0621 \u0627\u0644\u0623\u0632\u0631\u0642\u060c \u0644\u062a\u0645\u0646\u062d\u0643 \u062a\u0646\u0638\u064a\u0641\u064b\u0627 \u0635\u062d\u064a\u064b\u0627 \u0648\u0622\u0645\u0646\u064b\u0627 \u062e\u0627\u0635\u0629 \u0644\u0644\u0645\u0644\u0627\u0628\u0633 \u0627\u0644\u062d\u0633\u0627\u0633\u0629 \u0645\u062b\u0644 \u0645\u0644\u0627\u0628\u0633 \u0627\u0644\u0623\u0637\u0641\u0627\u0644 \u0648\u0627\u0644\u0645\u0644\u0627\u0628\u0633 \u0627\u0644\u062f\u0627\u062e\u0644\u064a\u0629.\ud83e\uddfc \u062a\u0646\u0638\u064a\u0641 \u0639\u0645\u064a\u0642 \u0648\u0644\u0637\u064a\u0641\u062a\u062d\u0627\u0643\u064a \u0627\u0644\u063a\u0633\u0644 \u0627\u0644\u064a\u062f\u0648\u064a \u0645\u0639 \u0641\u0631\u0643 \u0641\u0639\u0651\u0627\u0644\u060c \u0645\u0639 \u062a\u0642\u0646\u064a\u0629 \u0627\u0644\u0636\u0648\u0621 \u0627\u0644\u0623\u0632\u0631\u0642 \u0644\u062a\u0639\u0642\u064a\u0645 \u0623\u0641\u0636\u0644\u060c \u0645\u0627 \u064a\u0636\u0645\u0646 \u0646\u0638\u0627\u0641\u0629 \u0639\u0627\u0644\u064a\u0629 \u062f\u0648\u0646 \u0625\u062a\u0644\u0627\u0641 \u0627\u0644\u0623\u0642\u0645\u0634\u0629.\ud83c\udf9b\ufe0f \u0623\u0648\u0636\u0627\u0639 \u063a\u0633\u064a\u0644 \u0645\u062a\u0639\u062f\u062f\u0629\u062a\u062d\u062a\u0648\u064a \u0639\u0644\u0649 4 \u0623\u0632\u0631\u0627\u0631 \u062a\u062d\u0643\u0645 \u0645\u0633\u062a\u0642\u0644\u0629:\u0627\u0644\u063a\u0633\u064a\u0644\u0627\u0644\u0634\u0637\u0641\u0627\u0644\u0639\u0635\u0631\u0627\u0644\u062a\u0639\u0642\u064a\u0645 \u0628\u0627\u0644\u0636\u0648\u0621 \u0627\u0644\u0623\u0632\u0631\u0642 \u0645\u0639 \u0645\u0624\u0642\u0651\u062a \u063a\u0633\u064a\u0644 5 \u062f\u0642\u0627\u0626\u0642 \u0644\u062a\u0644\u0628\u064a\u0629 \u0627\u062d\u062a\u064a\u0627\u062c\u0627\u062a\u0643 \u0627\u0644\u064a\u0648\u0645\u064a\u0629 \u0628\u0633\u0647\u0648\u0644\u0629.\ud83d\udca7 \u062a\u0635\u0645\u064a\u0645 \u0645\u0642\u0627\u0648\u0645 \u0644\u0644\u0645\u0627\u0621 \u0648\u0633\u0647\u0644 \u0627\u0644\u0646\u0642\u0644\u062c\u0633\u0645 \u0645\u0642\u0627\u0648\u0645 \u0644\u0631\u0630\u0627\u0630 \u0627\u0644\u0645\u0627\u0621\u060c \u0645\u0639 4 \u0642\u0648\u0627\u0639\u062f \u0634\u0641\u0637 \u0644\u062a\u062b\u0628\u064a\u062a \u0627\u0644\u063a\u0633\u0627\u0644\u0629 \u0623\u062b\u0646\u0627\u0621 \u0627\u0644\u062a\u0634\u063a\u064a\u0644. \u062d\u062c\u0645\u0647\u0627 \u0627\u0644\u0635\u063a\u064a\u0631 \u064a\u062c\u0639\u0644\u0647\u0627 \u0645\u062b\u0627\u0644\u064a\u0629 \u0644\u0644\u0627\u0633\u062a\u062e\u062f\u0627\u0645 \u0641\u064a \u0627\u0644\u0623\u0645\u0627\u0643\u0646 \u0627\u0644\u0636\u064a\u0642\u0629.\ud83e\uddf3 \u0645\u062b\u0627\u0644\u064a\u0629 \u0644\u0644\u0633\u0641\u0631 \u0648\u0627\u0644\u0627\u0633\u062a\u062e\u062f\u0627\u0645 \u0627\u0644\u064a\u0648\u0645\u064a\u062a\u0635\u0645\u064a\u0645\u0647\u0627 \u0627\u0644\u0645\u062d\u0645\u0648\u0644 \u064a\u0633\u0645\u062d \u0628\u0648\u0636\u0639\u0647\u0627 \u0641\u064a \u0627\u0644\u062d\u0642\u064a\u0628\u0629 \u0623\u0648 \u062d\u0642\u064a\u0628\u0629 \u0627\u0644\u0638\u0647\u0631\u060c \u0645\u0646\u0627\u0633\u0628\u0629 \u0644\u0644\u0633\u0641\u0631\u060c \u0627\u0644\u062a\u062e\u064a\u064a\u0645\u060c \u0627\u0644\u0641\u0646\u0627\u062f\u0642\u060c \u0627\u0644\u0633\u0643\u0646 \u0627\u0644\u062c\u0627\u0645\u0639\u064a \u0623\u0648 \u0627\u0644\u0634\u0642\u0642 \u0627\u0644\u0635\u063a\u064a\u0631\u0629.\ud83d\udee1\ufe0f \u0645\u0648\u0627\u062f \u0622\u0645\u0646\u0629 \u0648\u0635\u062d\u064a\u0629\u0645\u0635\u0646\u0648\u0639\u0629 \u0645\u0646 TPE \u0648\u0627\u0644\u0633\u064a\u0644\u064a\u0643\u0648\u0646 \u0627\u0644\u063a\u0630\u0627\u0626\u064a\u060c \u0622\u0645\u0646\u0629 \u0639\u0644\u0649 \u0627\u0644\u0635\u062d\u0629 \u0648\u0645\u0646\u0627\u0633\u0628\u0629 \u0644\u0644\u0627\u0633\u062a\u062e\u062f\u0627\u0645 \u0627\u0644\u064a\u0648\u0645\u064a \u0644\u0643 \u0648\u0644\u0639\u0627\u0626\u0644\u062a\u0643.<\/p>","protected":false},"featured_media":44526,"comment_status":"open","ping_status":"closed","template":"","meta":[],"product_brand":[],"product_cat":[2461],"product_tag":[],"class_list":{"0":"post-44527","1":"product","2":"type-product","3":"status-publish","4":"has-post-thumbnail","6":"product_cat-divers","8":"first","9":"outofstock","10":"sale","11":"taxable","12":"shipping-taxable","13":"purchasable","14":"product-type-simple"},"jetpack_sharing_enabled":true,"_links":{"self":[{"href":"https:\/\/shoponlinedz.com\/en\/wp-json\/wp\/v2\/product\/44527","targetHints":{"allow":["GET"]}}],"collection":[{"href":"https:\/\/shoponlinedz.com\/en\/wp-json\/wp\/v2\/product"}],"about":[{"href":"https:\/\/shoponlinedz.com\/en\/wp-json\/wp\/v2\/types\/product"}],"replies":[{"embeddable":true,"href":"https:\/\/shoponlinedz.com\/en\/wp-json\/wp\/v2\/comments?post=44527"}],"version-history":[{"count":0,"href":"https:\/\/shoponlinedz.com\/en\/wp-json\/wp\/v2\/product\/44527\/revisions"}],"wp:featuredmedia":[{"embeddable":true,"href":"https:\/\/shoponlinedz.com\/en\/wp-json\/wp\/v2\/media\/44526"}],"wp:attachment":[{"href":"https:\/\/shoponlinedz.com\/en\/wp-json\/wp\/v2\/media?parent=44527"}],"wp:term":[{"taxonomy":"product_brand","embeddable":true,"href":"https:\/\/shoponlinedz.com\/en\/wp-json\/wp\/v2\/product_brand?post=44527"},{"taxonomy":"product_cat","embeddable":true,"href":"https:\/\/shoponlinedz.com\/en\/wp-json\/wp\/v2\/product_cat?post=44527"},{"taxonomy":"product_tag","embeddable":true,"href":"https:\/\/shoponlinedz.com\/en\/wp-json\/wp\/v2\/product_tag?post=44527"}],"curies":[{"name":"wp","href":"https:\/\/api.w.org\/{rel}","templated":true}]}}