{"id":44335,"date":"2026-01-05T14:14:40","date_gmt":"2026-01-05T14:14:40","guid":{"rendered":"https:\/\/shoponlinedz.com\/product\/balancelle-et-berceuse-bebe-electrique-avec-5-vitesses-de-balancement-et-telecommande-%d8%b3%d8%b1%d9%8a%d8%b1-%d9%87%d8%b2%d8%a7%d8%b2-%d9%84%d9%84%d8%a3%d8%b7%d9%81%d8%a7%d9%84\/"},"modified":"2026-01-28T12:26:51","modified_gmt":"2026-01-28T12:26:51","slug":"balancelle-et-berceuse-bebe-electrique-avec-5-vitesses-de-balancement-et-telecommande-%d8%b3%d8%b1%d9%8a%d8%b1-%d9%87%d8%b2%d8%a7%d8%b2-%d9%84%d9%84%d8%a3%d8%b7%d9%81%d8%a7%d9%84","status":"publish","type":"product","link":"https:\/\/shoponlinedz.com\/en\/product\/balancelle-et-berceuse-bebe-electrique-avec-5-vitesses-de-balancement-et-telecommande-%d8%b3%d8%b1%d9%8a%d8%b1-%d9%87%d8%b2%d8%a7%d8%b2-%d9%84%d9%84%d8%a3%d8%b7%d9%81%d8%a7%d9%84\/","title":{"rendered":"Balancelle et Berceuse B\u00e9b\u00e9 Electrique avec 5 Vitesses de Balancement et T\u00e9l\u00e9commande \u2013 \u0633\u0631\u064a\u0631 \u0647\u0632\u0627\u0632 \u0644\u0644\u0623\u0637\u0641\u0627\u0644"},"content":{"rendered":"<figure class=\"attachment attachment--preview\" data-trix-attachment=\"{&quot;contentType&quot;:&quot;image&quot;,&quot;height&quot;:1024,&quot;url&quot;:&quot;https:\/\/sawa9ly.app\/storage\/62398\/Kidilo-Balancelle-cnc.jpg&quot;,&quot;width&quot;:1024}\" data-trix-content-type=\"image\"><img decoding=\"async\" class=\"aligncenter\" src=\"https:\/\/sawa9ly.app\/storage\/62398\/Kidilo-Balancelle-cnc.jpg\" width=\"1024\" height=\"1024\" \/><figcaption class=\"attachment__caption\"><\/figcaption><\/figure>\n<figure class=\"attachment attachment--preview\" data-trix-attachment=\"{&quot;contentType&quot;:&quot;image&quot;,&quot;height&quot;:1024,&quot;url&quot;:&quot;https:\/\/sawa9ly.app\/storage\/62399\/Kidilo-Balancelle-13.jpg&quot;,&quot;width&quot;:1024}\" data-trix-content-type=\"image\"><img decoding=\"async\" class=\"aligncenter\" src=\"https:\/\/sawa9ly.app\/storage\/62399\/Kidilo-Balancelle-13.jpg\" width=\"1024\" height=\"1024\" \/><figcaption class=\"attachment__caption\"><\/figcaption><\/figure>\n<figure class=\"attachment attachment--preview\" data-trix-attachment=\"{&quot;contentType&quot;:&quot;image&quot;,&quot;height&quot;:1024,&quot;url&quot;:&quot;https:\/\/sawa9ly.app\/storage\/62400\/Kidilo-Balancelle-6.jpg&quot;,&quot;width&quot;:1024}\" data-trix-content-type=\"image\"><img decoding=\"async\" class=\"aligncenter\" src=\"https:\/\/sawa9ly.app\/storage\/62400\/Kidilo-Balancelle-6.jpg\" width=\"1024\" height=\"1024\" \/><figcaption class=\"attachment__caption\"><\/figcaption><\/figure>\n<figure class=\"attachment attachment--preview\" data-trix-attachment=\"{&quot;contentType&quot;:&quot;image&quot;,&quot;height&quot;:1024,&quot;url&quot;:&quot;https:\/\/sawa9ly.app\/storage\/62401\/Kidilo-Balancelle-10.jpg&quot;,&quot;width&quot;:1024}\" data-trix-content-type=\"image\"><img decoding=\"async\" class=\"aligncenter\" src=\"https:\/\/sawa9ly.app\/storage\/62401\/Kidilo-Balancelle-10.jpg\" width=\"1024\" height=\"1024\" \/><figcaption class=\"attachment__caption\"><\/figcaption><\/figure>\n<figure class=\"attachment attachment--preview\" data-trix-attachment=\"{&quot;contentType&quot;:&quot;image&quot;,&quot;height&quot;:1024,&quot;url&quot;:&quot;https:\/\/sawa9ly.app\/storage\/62402\/Kidilo-Balancelle-9.jpg&quot;,&quot;width&quot;:1024}\" data-trix-content-type=\"image\"><img decoding=\"async\" class=\"aligncenter\" src=\"https:\/\/sawa9ly.app\/storage\/62402\/Kidilo-Balancelle-9.jpg\" width=\"1024\" height=\"1024\" \/><figcaption class=\"attachment__caption\"><\/figcaption><\/figure>\n<p style=\"text-align: center\">","protected":false},"excerpt":{"rendered":"<p>\ud83c\udf7c \u0645\u0631\u062c\u0648\u062d\u0629 \u0643\u0647\u0631\u0628\u0627\u0626\u064a\u0629 \u0630\u0643\u064a\u0629 \u0644\u0644\u0623\u0637\u0641\u0627\u0644 \u0645\u0646 YUMBOT \u2013 \u0631\u0627\u062d\u0629\u060c \u0623\u0645\u0627\u0646\u060c \u0648\u0647\u062f\u0648\u0621 \u0644\u0637\u0641\u0644\u0643 \ud83d\udc96\ud83d\udc76 \ud83d\udd38 \u0647\u062f\u064a\u0629 \u0645\u062b\u0627\u0644\u064a\u0629 \u0644\u0644\u0631\u0636\u0651\u0639 : \u062a\u0645 \u062a\u0635\u0645\u064a\u0645 \u0645\u0631\u062c\u0648\u062d\u0629 YUMBOT \u0644\u062a\u0645\u0646\u062d \u0637\u0641\u0644\u0643 \u0625\u062d\u0633\u0627\u0633\u064b\u0627 \u062f\u0627\u0641\u0626\u064b\u0627 \u0643\u0623\u0646\u0647 \u0641\u064a \u0623\u062d\u0636\u0627\u0646 \u0623\u0645\u0647 \ud83e\udd31. \u062a\u0633\u0627\u0639\u062f\u0647 \u0639\u0644\u0649 \u0627\u0644\u0646\u0648\u0645 \u0628\u0647\u062f\u0648\u0621 \u0648\u062a\u0642\u0644\u0644 \u0645\u0646 \u0627\u0644\u0645\u063a\u0635 \u0648\u0627\u0644\u062a\u0642\u064a\u0624 \u0628\u0641\u0636\u0644 \u062a\u0635\u0645\u064a\u0645\u0647\u0627 \u0627\u0644\u0639\u0644\u0645\u064a \u0627\u0644\u0645\u0631\u064a\u062d. \ud83c\udf81 \u0623\u0641\u0636\u0644 \u0647\u062f\u064a\u0629 \u062a\u0642\u062f\u0645\u0647\u0627 \u0644\u0623\u064a \u0645\u0648\u0644\u0648\u062f \u062c\u062f\u064a\u062f \u2014 \u062a\u0648\u0641\u0631 \u0627\u0644\u0631\u0627\u062d\u0629 \u0644\u0644\u0637\u0641\u0644 \u0648\u062d\u0631\u064a\u0629 \u0627\u0644\u062d\u0631\u0643\u0629 \u0644\u0644\u0623\u0645.\ud83c\udf19 \ud83d\udd38 5 \u0633\u0631\u0639\u0627\u062a \u062a\u0623\u0631\u062c\u062d + 3 \u0645\u0633\u062a\u0648\u064a\u0627\u062a \u0627\u0631\u062a\u0641\u0627\u0639 : \u062a\u062d\u0627\u0643\u064a \u0627\u0644\u062d\u0631\u0643\u0629 \u0627\u0644\u0637\u0628\u064a\u0639\u064a\u0629 \u0644\u0644\u0623\u0628\u0648\u064a\u0646 \u0628\u0640 5 \u0632\u0648\u0627\u064a\u0627 \u0645\u062e\u062a\u0644\u0641\u0629 (18\u00b0 \u0625\u0644\u0649 31\u00b0) \u0644\u062a\u0646\u0627\u0633\u0628 \u062a\u0641\u0636\u064a\u0644 \u0643\u0644 \u0637\u0641\u0644. \u23f1\ufe0f \u0645\u0632\u0648\u062f\u0629 \u0628\u0648\u0638\u064a\u0641\u0629 \u0627\u0644\u0645\u0624\u0642\u062a (8 \/ 15 \/ 30 \u062f\u0642\u064a\u0642\u0629) \u0644\u0625\u064a\u0642\u0627\u0641 \u0627\u0644\u062a\u0634\u063a\u064a\u0644 \u062a\u0644\u0642\u0627\u0626\u064a\u064b\u0627. \u0643\u0645\u0627 \u064a\u0645\u0643\u0646 \u0636\u0628\u0637 3 \u0645\u0633\u062a\u0648\u064a\u0627\u062a \u0627\u0631\u062a\u0641\u0627\u0639 \u0644\u062a\u0648\u0641\u064a\u0631 \u0627\u0644\u0631\u0627\u062d\u0629 \u0627\u0644\u0645\u062b\u0644\u0649.\ud83d\udee1\ufe0f \ud83d\udd38 \u0623\u0645\u0627\u0646 \u0639\u0627\u0644\u064a \u0648\u062a\u0635\u0645\u064a\u0645 \u0639\u0645\u0644\u064a :\u062d\u0632\u0627\u0645 \u0623\u0645\u0627\u0646 \u062e\u0645\u0627\u0633\u064a \u0627\u0644\u0646\u0642\u0627\u0637 \u0644\u062a\u062b\u0628\u064a\u062a \u0627\u0644\u0637\u0641\u0644 \u0628\u0623\u0645\u0627\u0646.\u0642\u0627\u0639\u062f\u0629 \u0642\u0648\u064a\u0629 \u0645\u0646 \u0627\u0644\u0623\u0644\u0645\u0646\u064a\u0648\u0645 \u0645\u0639 \u0645\u0642\u0627\u0628\u0636 \u0645\u0627\u0646\u0639\u0629 \u0644\u0644\u0627\u0646\u0632\u0644\u0627\u0642 \u0644\u0636\u0645\u0627\u0646 \u0627\u0644\u062b\u0628\u0627\u062a.\u062a\u0623\u062a\u064a \u0645\u0639 \u0635\u064a\u0646\u064a\u0629 \u0637\u0639\u0627\u0645 \u0642\u0627\u0628\u0644\u0629 \u0644\u0644\u0625\u0632\u0627\u0644\u0629 \u0645\u0635\u0646\u0648\u0639\u0629 \u0645\u0646 \u0645\u0627\u062f\u0629 PP \u0627\u0644\u0622\u0645\u0646\u0629 \u0644\u0644\u0623\u0637\u0641\u0627\u0644. \u2699\ufe0f \u0645\u0644\u0627\u062d\u0638\u0629 : \u0627\u0631\u0641\u0639 \u0627\u0644\u0642\u0641\u0644 \u0644\u0628\u062f\u0621 \u0627\u0644\u062a\u0623\u0631\u062c\u062d\u060c \u0648\u0627\u0646\u0632\u0644\u0647 \u0644\u0625\u064a\u0642\u0627\u0641\u0647.\ud83c\udfb6 \ud83d\udd38 \u0645\u0648\u0633\u064a\u0642\u0649 \u0645\u0647\u062f\u0651\u0626\u0629 + \u062a\u062d\u0643\u0645 \u0630\u0643\u064a :8 \u0645\u0642\u0627\u0637\u0639 \u0645\u0648\u0633\u064a\u0642\u064a\u0629 \u0645\u062f\u0645\u062c\u0629 \u062a\u0633\u0627\u0639\u062f \u0627\u0644\u0637\u0641\u0644 \u0639\u0644\u0649 \u0627\u0644\u0646\u0648\u0645 \u0628\u0647\u062f\u0648\u0621 \ud83c\udfb5\u064a\u0645\u0643\u0646 \u062a\u0634\u063a\u064a\u0644 \u0645\u0648\u0633\u064a\u0642\u0649 \u0645\u0646 \u0627\u0644\u0647\u0627\u062a\u0641 \u0639\u0628\u0631 \u0627\u0644\u0628\u0644\u0648\u062a\u0648\u062b\u0627\u0644\u062a\u062d\u0643\u0645 \u064a\u062a\u0645 \u0628\u0633\u0647\u0648\u0644\u0629 \u0639\u0628\u0631 \u0627\u0644\u0644\u0645\u0633 \u0623\u0648 \u0627\u0644\u0631\u064a\u0645\u0648\u062a\u060c \u0644\u062a\u0645\u0646\u062d\u0643 \u0631\u0627\u062d\u0629 \u0643\u0627\u0645\u0644\u0629 \u0623\u062b\u0646\u0627\u0621 \u0627\u0646\u0634\u063a\u0627\u0644\u0643.\ud83c\udfe0 \ud83d\udd38 \u0633\u0647\u0644\u0629 \u0627\u0644\u062a\u0631\u0643\u064a\u0628 \u0648\u0645\u0646\u0627\u0633\u0628\u0629 \u0644\u0644\u062f\u0627\u062e\u0644 \u0648\u0627\u0644\u062e\u0627\u0631\u062c : \u062a\u064f\u0631\u0643\u0628 \u062e\u0644\u0627\u0644 \u062f\u0642\u0627\u0626\u0642 \u0641\u0642\u0637!\u062a\u0639\u0645\u0644 \u0639\u0628\u0631 \u0645\u062d\u0648\u0644 \u0643\u0647\u0631\u0628\u0627\u0621 \u062f\u0627\u062e\u0644 \u0627\u0644\u0645\u0646\u0632\u0644 \ud83d\udd0c\u0623\u0648 \u0645\u0646\u0641\u0630 USB \/ \u0628\u0646\u0643 \u0637\u0627\u0642\u0629 \/ \u0628\u0637\u0627\u0631\u064a\u0627\u062a AAA \u0639\u0646\u062f \u0627\u0644\u062e\u0631\u0648\u062c \ud83d\ude97\u062e\u0641\u064a\u0641\u0629 \u0627\u0644\u0648\u0632\u0646 (4 \u0643\u063a) \u0648\u0633\u0647\u0644\u0629 \u0627\u0644\u062a\u062e\u0632\u064a\u0646 \u0648\u0627\u0644\u062d\u0645\u0644.\ud83d\udccf \u0627\u0644\u0645\u0648\u0627\u0635\u0641\u0627\u062a \u0627\u0644\u062a\u0642\u0646\u064a\u0629 :\u0627\u0644\u0645\u0648\u062f\u064a\u0644 : PD-B063\u0627\u0644\u0645\u0642\u0627\u0633 : \u200e72 \u00d7 65 \u00d7 50 \u0633\u0645\u0627\u0644\u0648\u0632\u0646 : 4 \u0643\u063a\u0627\u0644\u0645\u0627\u062f\u0629 : \u0641\u0648\u0644\u0627\u0630 \u0645\u0642\u0627\u0648\u0645 \u0644\u0644\u0635\u062f\u0623 + \u0628\u0644\u0627\u0633\u062a\u064a\u0643 PP \u0622\u0645\u0646\u0627\u0644\u0648\u0632\u0646 \u0627\u0644\u0623\u0642\u0635\u0649 \u0644\u0644\u0637\u0641\u0644 : 12 \u0643\u063a\u0627\u0644\u0641\u0626\u0629 \u0627\u0644\u0639\u0645\u0631\u064a\u0629 : \u0645\u0646 0 \u0625\u0644\u0649 12 \u0634\u0647\u0631\u064b\u0627\u0628\u0644\u062f \u0627\u0644\u0645\u0646\u0634\u0623 : \u0627\u0644\u0635\u064a\u0646 \ud83c\udde8\ud83c\uddf3\ud83c\udf38 \ud83d\udd39 \u0627\u0644\u0646\u062a\u064a\u062c\u0629 : \u0645\u0631\u062c\u0648\u062d\u0629 YUMBOT \u062a\u062c\u0645\u0639 \u0628\u064a\u0646 \u0627\u0644\u0631\u0627\u062d\u0629\u060c \u0627\u0644\u0623\u0645\u0627\u0646\u060c \u0648\u0627\u0644\u0645\u0648\u0633\u064a\u0642\u0649 \u0627\u0644\u0647\u0627\u062f\u0626\u0629 \u2014 \u0627\u0644\u062d\u0644 \u0627\u0644\u0645\u062b\u0627\u0644\u064a \u0644\u0644\u0623\u0645\u0647\u0627\u062a \u0627\u0644\u0644\u0648\u0627\u062a\u064a \u064a\u0628\u062d\u062b\u0646 \u0639\u0646 \u0631\u0627\u062d\u0629 \u0644\u0647\u0646 \u0648\u0647\u062f\u0648\u0621 \u0644\u0623\u0637\u0641\u0627\u0644\u0647\u0646 \ud83d\udc95<\/p>","protected":false},"featured_media":44334,"comment_status":"open","ping_status":"closed","template":"","meta":[],"product_brand":[],"product_cat":[2467],"product_tag":[],"class_list":{"0":"post-44335","1":"product","2":"type-product","3":"status-publish","4":"has-post-thumbnail","6":"product_cat-maternite","8":"first","9":"outofstock","10":"sale","11":"taxable","12":"shipping-taxable","13":"purchasable","14":"product-type-simple"},"jetpack_sharing_enabled":true,"_links":{"self":[{"href":"https:\/\/shoponlinedz.com\/en\/wp-json\/wp\/v2\/product\/44335","targetHints":{"allow":["GET"]}}],"collection":[{"href":"https:\/\/shoponlinedz.com\/en\/wp-json\/wp\/v2\/product"}],"about":[{"href":"https:\/\/shoponlinedz.com\/en\/wp-json\/wp\/v2\/types\/product"}],"replies":[{"embeddable":true,"href":"https:\/\/shoponlinedz.com\/en\/wp-json\/wp\/v2\/comments?post=44335"}],"version-history":[{"count":0,"href":"https:\/\/shoponlinedz.com\/en\/wp-json\/wp\/v2\/product\/44335\/revisions"}],"wp:featuredmedia":[{"embeddable":true,"href":"https:\/\/shoponlinedz.com\/en\/wp-json\/wp\/v2\/media\/44334"}],"wp:attachment":[{"href":"https:\/\/shoponlinedz.com\/en\/wp-json\/wp\/v2\/media?parent=44335"}],"wp:term":[{"taxonomy":"product_brand","embeddable":true,"href":"https:\/\/shoponlinedz.com\/en\/wp-json\/wp\/v2\/product_brand?post=44335"},{"taxonomy":"product_cat","embeddable":true,"href":"https:\/\/shoponlinedz.com\/en\/wp-json\/wp\/v2\/product_cat?post=44335"},{"taxonomy":"product_tag","embeddable":true,"href":"https:\/\/shoponlinedz.com\/en\/wp-json\/wp\/v2\/product_tag?post=44335"}],"curies":[{"name":"wp","href":"https:\/\/api.w.org\/{rel}","templated":true}]}}