{"id":44294,"date":"2026-01-05T14:13:30","date_gmt":"2026-01-05T14:13:30","guid":{"rendered":"https:\/\/shoponlinedz.com\/product\/pack-pour-bebe-anneau-de-dentition-en-silicone-thermo-metre-et-mouche-bebe\/"},"modified":"2026-01-28T12:27:07","modified_gmt":"2026-01-28T12:27:07","slug":"pack-pour-bebe-anneau-de-dentition-en-silicone-thermo-metre-et-mouche-bebe","status":"publish","type":"product","link":"https:\/\/shoponlinedz.com\/en\/product\/pack-pour-bebe-anneau-de-dentition-en-silicone-thermo-metre-et-mouche-bebe\/","title":{"rendered":"Pack pour b\u00e9b\u00e9 Anneau de dentition en Silicone ,Thermo-m\u00e8tre et Mouche B\u00e9b\u00e9"},"content":{"rendered":"<figure class=\"attachment attachment--preview\" data-trix-attachment=\"{&quot;contentType&quot;:&quot;image&quot;,&quot;height&quot;:1024,&quot;url&quot;:&quot;https:\/\/sawaqli.fra1.cdn.digitaloceanspaces.com\/31656\/Pack-bebe.jpg&quot;,&quot;width&quot;:1024}\" data-trix-content-type=\"image\"><img decoding=\"async\" class=\"aligncenter\" src=\"https:\/\/sawaqli.fra1.cdn.digitaloceanspaces.com\/31656\/Pack-bebe.jpg\" width=\"1024\" height=\"1024\" \/><figcaption class=\"attachment__caption\"><\/figcaption><\/figure>\n<figure class=\"attachment attachment--preview\" data-trix-attachment=\"{&quot;contentType&quot;:&quot;image&quot;,&quot;height&quot;:1024,&quot;url&quot;:&quot;https:\/\/sawaqli.fra1.cdn.digitaloceanspaces.com\/31654\/BTWD5MWQD0bOZSawNa7j2Pvas0YDJPiom0vJWx7p-1.jpg&quot;,&quot;width&quot;:1024}\" data-trix-content-type=\"image\"><img decoding=\"async\" class=\"aligncenter\" src=\"https:\/\/sawaqli.fra1.cdn.digitaloceanspaces.com\/31654\/BTWD5MWQD0bOZSawNa7j2Pvas0YDJPiom0vJWx7p-1.jpg\" width=\"1024\" height=\"1024\" \/><figcaption class=\"attachment__caption\"><\/figcaption><\/figure>\n<figure class=\"attachment attachment--preview\" data-trix-attachment=\"{&quot;contentType&quot;:&quot;image&quot;,&quot;height&quot;:1024,&quot;url&quot;:&quot;https:\/\/sawaqli.fra1.cdn.digitaloceanspaces.com\/31649\/WhatsApp-Image-2022-08-24-at-18.48.11-1.jpeg&quot;,&quot;width&quot;:1024}\" data-trix-content-type=\"image\"><img decoding=\"async\" class=\"aligncenter\" src=\"https:\/\/sawaqli.fra1.cdn.digitaloceanspaces.com\/31649\/WhatsApp-Image-2022-08-24-at-18.48.11-1.jpeg\" width=\"1024\" height=\"1024\" \/><figcaption class=\"attachment__caption\"><\/figcaption><\/figure>\n<figure class=\"attachment attachment--preview\" data-trix-attachment=\"{&quot;contentType&quot;:&quot;image&quot;,&quot;height&quot;:1024,&quot;url&quot;:&quot;https:\/\/sawaqli.fra1.cdn.digitaloceanspaces.com\/31655\/baby-boom-(1).jpg&quot;,&quot;width&quot;:1024}\" data-trix-content-type=\"image\"><img decoding=\"async\" class=\"aligncenter\" src=\"https:\/\/sawaqli.fra1.cdn.digitaloceanspaces.com\/31655\/baby-boom-(1).jpg\" width=\"1024\" height=\"1024\" \/><figcaption class=\"attachment__caption\"><\/figcaption><\/figure>\n<figure class=\"attachment attachment--preview\" data-trix-attachment=\"{&quot;contentType&quot;:&quot;image&quot;,&quot;height&quot;:1024,&quot;url&quot;:&quot;https:\/\/sawaqli.fra1.cdn.digitaloceanspaces.com\/31650\/WhatsApp-Image-2022-08-24-at-18.48.10-2.jpeg&quot;,&quot;width&quot;:1024}\" data-trix-content-type=\"image\"><img decoding=\"async\" class=\"aligncenter\" src=\"https:\/\/sawaqli.fra1.cdn.digitaloceanspaces.com\/31650\/WhatsApp-Image-2022-08-24-at-18.48.10-2.jpeg\" width=\"1024\" height=\"1024\" \/><figcaption class=\"attachment__caption\"><\/figcaption><\/figure>\n<p style=\"text-align: center;\">","protected":false},"excerpt":{"rendered":"<p>\u062d\u0644\u0642\u0629 \u0627\u0644\u062a\u0633\u0646\u064a\u0646\u0645\u0635\u0646\u0648\u0639\u0629 \u0645\u0646 \u0627\u0644\u0633\u064a\u0644\u064a\u0643\u0648\u0646 \u0627\u0644\u063a\u0630\u0627\u0626\u064a \u0628\u0646\u0633\u0628\u0629 100\u066a.\u062e\u0627\u0644\u064a\u0629 \u0645\u0646 \u0627\u0644\u0640 BPA \u0648\u0627\u0644\u0641\u062b\u0627\u0644\u0627\u062a \u0648\u0627\u0644\u0644\u0627\u062a\u0643\u0633.\u0642\u0627\u0628\u0644\u0629 \u0644\u0644\u063a\u0633\u0644 \u0641\u064a \u063a\u0633\u0627\u0644\u0629 \u0627\u0644\u0635\u062d\u0648\u0646 \u0644\u0644\u062a\u0639\u0642\u064a\u0645.\u0645\u0646\u0627\u0633\u0628\u0629 \u0644\u0644\u062a\u0628\u0631\u064a\u062f \u0641\u064a \u0627\u0644\u0641\u0631\u064a\u0632\u0631.\u0627\u0644\u0641\u0631\u0634\u0627\u0629 \u0645\u062a\u064a\u0646\u0629 \u0648\u0622\u0645\u0646\u0629\u060c \u0648\u0627\u0644\u0634\u0639\u064a\u0631\u0627\u062a \u0627\u0644\u0635\u063a\u064a\u0631\u0629 \u062a\u062f\u0644\u0643 \u0627\u0644\u0623\u0633\u0646\u0627\u0646 \u0648\u0627\u0644\u0644\u062b\u0629.\u0645\u0635\u0645\u0645\u0629 \u0644\u062a\u0643\u0648\u0646 \u0646\u0627\u0639\u0645\u0629 \u0648\u0642\u0627\u0628\u0644\u0629 \u0644\u0644\u0627\u0646\u062d\u0646\u0627\u0621 \u0644\u062a\u0642\u0644\u064a\u0644 \u062e\u0637\u0631 \u0625\u0635\u0627\u0628\u0629 \u0641\u0645 \u0627\u0644\u0637\u0641\u0644 \u0641\u064a \u062d\u0627\u0644 \u0627\u0644\u0633\u0642\u0648\u0637\u060c \u0628\u062e\u0644\u0627\u0641 \u0641\u0631\u0627\u0634\u064a \u0627\u0644\u0623\u0633\u0646\u0627\u0646 \u0627\u0644\u0628\u0644\u0627\u0633\u062a\u064a\u0643\u064a\u0629 \u0627\u0644\u062a\u0642\u0644\u064a\u062f\u064a\u0629. \u0627\u0644\u0645\u062c\u0645\u0648\u0639\u0629 \u062a\u062d\u062a\u0648\u064a \u0639\u0644\u0649:\u0642\u0637\u0639\u0629 \u0648\u0627\u062d\u062f\u0629 \u0645\u0646 \u062d\u0644\u0642\u0629 \u0627\u0644\u062a\u0633\u0646\u064a\u0646.\u0645\u0642\u064a\u0627\u0633 \u062d\u0631\u0627\u0631\u0629\u0642\u064a\u0627\u0633 \u062e\u0644\u0627\u0644 10 \u062b\u0648\u0627\u0646\u064d.\u0631\u0623\u0633 \u0645\u0631\u0646.\u0625\u0646\u0630\u0627\u0631 \u0627\u0644\u062d\u0645\u0649.\u0645\u0642\u0627\u0648\u0645 \u0644\u0644\u0645\u0627\u0621.\u0625\u064a\u0642\u0627\u0641 \u062a\u0644\u0642\u0627\u0626\u064a.\u0627\u0644\u062a\u062d\u0648\u064a\u0644 \u0628\u064a\u0646 \u00b0C \u0648 \u00b0F.\u0645\u0624\u0634\u0631 \u0627\u0646\u062e\u0641\u0627\u0636 \u0627\u0644\u0628\u0637\u0627\u0631\u064a\u0629.\u062a\u0634\u062e\u064a\u0635 \u0630\u0627\u062a\u064a \u0641\u064a \u062d\u0627\u0644 \u0648\u062c\u0648\u062f \u062e\u0644\u0644. \u0627\u0644\u0645\u0644\u062d\u0642\u0627\u062a:\u0628\u0637\u0627\u0631\u064a\u0627\u062a.\u062f\u0644\u064a\u0644 \u0627\u0644\u0627\u0633\u062a\u062e\u062f\u0627\u0645.\u0634\u0641\u0627\u0637 \u0623\u0646\u0641 \u0644\u0644\u0623\u0637\u0641\u0627\u0644 BabyBoom\u064a\u0633\u0627\u0639\u062f \u0639\u0644\u0649 \u0625\u0632\u0627\u0644\u0629 \u0627\u0644\u0625\u0641\u0631\u0627\u0632\u0627\u062a \u0627\u0644\u0623\u0646\u0641\u064a\u0629 \u0627\u0644\u0645\u0632\u0639\u062c\u0629.\u062a\u0635\u0645\u064a\u0645 \u0648\u0634\u0643\u0644 \u0645\u062e\u0635\u0635 \u0644\u0633\u0647\u0648\u0644\u0629 \u0627\u0644\u0625\u0645\u0633\u0627\u0643 \u0648\u0627\u0644\u0627\u0633\u062a\u062e\u062f\u0627\u0645.<\/p>","protected":false},"featured_media":44293,"comment_status":"open","ping_status":"closed","template":"","meta":[],"product_brand":[],"product_cat":[2465],"product_tag":[],"class_list":{"0":"post-44294","1":"product","2":"type-product","3":"status-publish","4":"has-post-thumbnail","6":"product_cat-packs-special-offers","8":"first","9":"instock","10":"sale","11":"taxable","12":"shipping-taxable","13":"purchasable","14":"product-type-simple"},"jetpack_sharing_enabled":true,"_links":{"self":[{"href":"https:\/\/shoponlinedz.com\/en\/wp-json\/wp\/v2\/product\/44294","targetHints":{"allow":["GET"]}}],"collection":[{"href":"https:\/\/shoponlinedz.com\/en\/wp-json\/wp\/v2\/product"}],"about":[{"href":"https:\/\/shoponlinedz.com\/en\/wp-json\/wp\/v2\/types\/product"}],"replies":[{"embeddable":true,"href":"https:\/\/shoponlinedz.com\/en\/wp-json\/wp\/v2\/comments?post=44294"}],"version-history":[{"count":0,"href":"https:\/\/shoponlinedz.com\/en\/wp-json\/wp\/v2\/product\/44294\/revisions"}],"wp:featuredmedia":[{"embeddable":true,"href":"https:\/\/shoponlinedz.com\/en\/wp-json\/wp\/v2\/media\/44293"}],"wp:attachment":[{"href":"https:\/\/shoponlinedz.com\/en\/wp-json\/wp\/v2\/media?parent=44294"}],"wp:term":[{"taxonomy":"product_brand","embeddable":true,"href":"https:\/\/shoponlinedz.com\/en\/wp-json\/wp\/v2\/product_brand?post=44294"},{"taxonomy":"product_cat","embeddable":true,"href":"https:\/\/shoponlinedz.com\/en\/wp-json\/wp\/v2\/product_cat?post=44294"},{"taxonomy":"product_tag","embeddable":true,"href":"https:\/\/shoponlinedz.com\/en\/wp-json\/wp\/v2\/product_tag?post=44294"}],"curies":[{"name":"wp","href":"https:\/\/api.w.org\/{rel}","templated":true}]}}