{"id":100035,"date":"2026-04-21T18:42:27","date_gmt":"2026-04-21T17:42:27","guid":{"rendered":"https:\/\/shoponlinedz.com\/?post_type=product&#038;p=100035"},"modified":"2026-04-21T18:42:27","modified_gmt":"2026-04-21T17:42:27","slug":"etagere-a-chaussures-a-9-niveaux-avec-couvercle-anti-poussiere-%d8%ae%d8%b2%d8%a7%d9%86%d8%a9-%d8%a3%d8%ad%d8%b0%d9%8a%d8%a9-9-%d8%b7%d8%a8%d9%82%d8%a7%d8%aa","status":"publish","type":"product","link":"https:\/\/shoponlinedz.com\/en\/product\/etagere-a-chaussures-a-9-niveaux-avec-couvercle-anti-poussiere-%d8%ae%d8%b2%d8%a7%d9%86%d8%a9-%d8%a3%d8%ad%d8%b0%d9%8a%d8%a9-9-%d8%b7%d8%a8%d9%82%d8%a7%d8%aa\/","title":{"rendered":"\u00c9tag\u00e8re \u00e0 chaussures \u00e0 9 niveaux avec couvercle anti-poussi\u00e8re &#8211; \u062e\u0632\u0627\u0646\u0629 \u0623\u062d\u0630\u064a\u0629 9 \u0637\u0628\u0642\u0627\u062a"},"content":{"rendered":"<p>&nbsp;<\/p>\n<figure class=\"attachment attachment--preview\" data-trix-attachment=\"{&quot;contentType&quot;:&quot;image&quot;,&quot;height&quot;:800,&quot;url&quot;:&quot;https:\/\/pub-bfdc1913c5ba4512972387b8d080956f.r2.dev\/products\/images\/1776504663388_xy2bk3zs_s-l1600--20-.webp&quot;,&quot;width&quot;:800}\" data-trix-content-type=\"image\"><img decoding=\"async\" src=\"https:\/\/pub-bfdc1913c5ba4512972387b8d080956f.r2.dev\/products\/images\/1776504663388_xy2bk3zs_s-l1600--20-.webp\" width=\"800\" height=\"800\" \/><figcaption class=\"attachment__caption\"><\/figcaption><\/figure>\n<figure class=\"attachment attachment--preview\" data-trix-attachment=\"{&quot;contentType&quot;:&quot;image&quot;,&quot;height&quot;:800,&quot;url&quot;:&quot;https:\/\/pub-bfdc1913c5ba4512972387b8d080956f.r2.dev\/products\/images\/1776504662496_m5heaydh_s-l1600--21-.webp&quot;,&quot;width&quot;:800}\" data-trix-content-type=\"image\"><img decoding=\"async\" src=\"https:\/\/pub-bfdc1913c5ba4512972387b8d080956f.r2.dev\/products\/images\/1776504662496_m5heaydh_s-l1600--21-.webp\" width=\"800\" height=\"800\" \/><figcaption class=\"attachment__caption\"><\/figcaption><\/figure>\n<figure class=\"attachment attachment--preview\" data-trix-attachment=\"{&quot;contentType&quot;:&quot;image&quot;,&quot;height&quot;:800,&quot;url&quot;:&quot;https:\/\/pub-bfdc1913c5ba4512972387b8d080956f.r2.dev\/products\/images\/1776504662651_teqx723t_s-l1600--22-.webp&quot;,&quot;width&quot;:800}\" data-trix-content-type=\"image\"><img decoding=\"async\" src=\"https:\/\/pub-bfdc1913c5ba4512972387b8d080956f.r2.dev\/products\/images\/1776504662651_teqx723t_s-l1600--22-.webp\" width=\"800\" height=\"800\" \/><figcaption class=\"attachment__caption\"><\/figcaption><\/figure>\n<figure class=\"attachment attachment--preview\" data-trix-attachment=\"{&quot;contentType&quot;:&quot;image&quot;,&quot;height&quot;:1000,&quot;url&quot;:&quot;https:\/\/pub-bfdc1913c5ba4512972387b8d080956f.r2.dev\/products\/images\/1776504664429_rb3tcfis_s-l1600--23-.webp&quot;,&quot;width&quot;:1000}\" data-trix-content-type=\"image\"><img decoding=\"async\" src=\"https:\/\/pub-bfdc1913c5ba4512972387b8d080956f.r2.dev\/products\/images\/1776504664429_rb3tcfis_s-l1600--23-.webp\" width=\"1000\" height=\"1000\" \/><figcaption class=\"attachment__caption\"><\/figcaption><\/figure>\n<figure class=\"attachment attachment--preview\" data-trix-attachment=\"{&quot;contentType&quot;:&quot;image&quot;,&quot;height&quot;:1024,&quot;url&quot;:&quot;https:\/\/pub-bfdc1913c5ba4512972387b8d080956f.r2.dev\/products\/images\/1776504664543_illypffl_s-l1600--24-.webp&quot;,&quot;width&quot;:1024}\" data-trix-content-type=\"image\"><img decoding=\"async\" src=\"https:\/\/pub-bfdc1913c5ba4512972387b8d080956f.r2.dev\/products\/images\/1776504664543_illypffl_s-l1600--24-.webp\" width=\"1024\" height=\"1024\" \/><figcaption class=\"attachment__caption\"><\/figcaption><\/figure>\n<figure class=\"attachment attachment--preview\" data-trix-attachment=\"{&quot;contentType&quot;:&quot;image&quot;,&quot;height&quot;:800,&quot;url&quot;:&quot;https:\/\/pub-bfdc1913c5ba4512972387b8d080956f.r2.dev\/products\/images\/1776504664446_bn5e7n0e_s-l1600--25-.webp&quot;,&quot;width&quot;:800}\" data-trix-content-type=\"image\"><img decoding=\"async\" src=\"https:\/\/pub-bfdc1913c5ba4512972387b8d080956f.r2.dev\/products\/images\/1776504664446_bn5e7n0e_s-l1600--25-.webp\" width=\"800\" height=\"800\" \/><figcaption class=\"attachment__caption\"><\/figcaption><\/figure>\n<figure class=\"attachment attachment--preview\" data-trix-attachment=\"{&quot;contentType&quot;:&quot;image&quot;,&quot;height&quot;:800,&quot;url&quot;:&quot;https:\/\/pub-bfdc1913c5ba4512972387b8d080956f.r2.dev\/products\/images\/1776504665643_v47ajwx6_tzfkuxvkv1s2kfzy710gcrohisp2vjfrnvtwq8mk.webp&quot;,&quot;width&quot;:800}\" data-trix-content-type=\"image\"><img decoding=\"async\" src=\"https:\/\/pub-bfdc1913c5ba4512972387b8d080956f.r2.dev\/products\/images\/1776504665643_v47ajwx6_tzfkuxvkv1s2kfzy710gcrohisp2vjfrnvtwq8mk.webp\" width=\"800\" height=\"800\" \/><figcaption class=\"attachment__caption\"><\/figcaption><\/figure>\n<p>&nbsp;<\/p>","protected":false},"excerpt":{"rendered":"<ul dir=\"rtl\">\n<li><strong>\u0633\u0639\u0629 \u062a\u062e\u0632\u064a\u0646 &#8220;\u0625\u0643\u0633\u062a\u0631\u064a\u0645&#8221; (28 Pairs):<\/strong>\u00a0\u0628\u0641\u0636\u0644 \u0623\u0628\u0639\u0627\u062f\u0647 \u0627\u0644\u0636\u062e\u0645\u0629 (<strong>160 \u0633\u0645 \u0627\u0631\u062a\u0641\u0627\u0639<\/strong>)\u060c \u064a\u0645\u0643\u0646\u0647 \u0627\u0633\u062a\u064a\u0639\u0627\u0628 \u0645\u0627 \u064a\u0635\u0644 \u0625\u0644\u0649 28 \u0632\u0648\u062c\u0627\u064b \u0645\u0646 \u0627\u0644\u0623\u062d\u0630\u064a\u0629 \u0641\u064a \u0648\u0642\u062a \u0648\u0627\u062d\u062f\u060c \u0645\u0645\u0627 \u064a\u062c\u0639\u0644\u0647 \u0627\u0644\u0645\u0646\u0638\u0645 \u0631\u0642\u0645 1 \u0644\u0644\u0639\u0627\u0626\u0644\u0627\u062a \u0641\u064a \u0627\u0644\u062c\u0632\u0627\u0626\u0631.<\/li>\n<li><strong>\u063a\u0637\u0627\u0621 &#8220;\u0633\u064a\u0644-\u0632\u064a\u0628&#8221; (Dustproof &amp; Waterproof):<\/strong>\u00a0\u0645\u0632\u0648\u062f \u0628\u063a\u0637\u0627\u0621 \u0645\u0646 \u0627\u0644\u0642\u0645\u0627\u0634 \u063a\u064a\u0631 \u0627\u0644\u0645\u0646\u0633\u0648\u062c \u0639\u0627\u0644\u064a \u0627\u0644\u062c\u0648\u062f\u0629 \u0645\u0639 \u0633\u062d\u0627\u0628 \u0645\u062a\u064a\u0646\u061b \u064a\u062d\u0645\u064a \u0623\u062d\u0630\u064a\u062a\u0643 \u062a\u0645\u0627\u0645\u0627\u064b \u0645\u0646 \u0627\u0644\u063a\u0628\u0627\u0631 \u0648\u0627\u0644\u0631\u0637\u0648\u0628\u0629\u060c \u0648\u064a\u062d\u0627\u0641\u0638 \u0639\u0644\u0649 \u0645\u0638\u0647\u0631 \u0627\u0644\u063a\u0631\u0641\u0629 \u0645\u0631\u062a\u0628\u0627\u064b \u0628\u0625\u062e\u0641\u0627\u0621 \u0627\u0644\u0645\u062d\u062a\u0648\u064a\u0627\u062a.<\/li>\n<li><strong>\u062a\u0635\u0645\u064a\u0645 &#8220;\u0623\u062f\u0627\u0628\u062a-\u0641\u064a\u062a&#8221; \u0627\u0644\u0645\u0631\u0646:<\/strong>\u00a0\u0627\u0644\u0631\u0641\u0648\u0641 \u0642\u0627\u0628\u0644\u0629 \u0644\u0644\u0625\u0632\u0627\u0644\u0629 \u0648\u0627\u0644\u062a\u062d\u0643\u0645\u060c \u0645\u0645\u0627 \u064a\u062a\u064a\u062d \u0644\u0643 \u062a\u062e\u0632\u064a\u0646 \u0627\u0644\u0623\u062d\u0630\u064a\u0629 \u0627\u0644\u0631\u064a\u0627\u0636\u064a\u0629\u060c \u0627\u0644\u0643\u0644\u0627\u0633\u064a\u0643\u064a\u0629\u060c \u0648\u062d\u062a\u0649 \u0623\u062d\u0630\u064a\u0629 \u0627\u0644\u0634\u062a\u0627\u0621 \u0627\u0644\u0637\u0648\u064a\u0644\u0629 (Les bottes) \u0641\u064a \u062e\u0632\u0627\u0646\u0629 \u0648\u0627\u062d\u062f\u0629.<\/li>\n<li><strong>\u062c\u064a\u0628 \u062c\u0627\u0646\u0628\u064a \u0625\u0636\u0627\u0641\u064a (Side Pocket):<\/strong>\u00a0\u0645\u064a\u0632\u0629 \u0630\u0643\u064a\u0629 \u0648\u062d\u0635\u0631\u064a\u0629 \u062a\u0645\u0646\u062d\u0643 \u0645\u0633\u0627\u062d\u0629 \u0625\u0636\u0627\u0641\u064a\u0629 \u0644\u062a\u062e\u0632\u064a\u0646 \u0627\u0644\u062c\u0648\u0627\u0631\u0628\u060c \u0627\u0644\u0641\u0631\u0634\u060c \u0623\u0648 \u0623\u064a \u0623\u063a\u0631\u0627\u0636 \u0635\u063a\u064a\u0631\u0629 \u062a\u0631\u064a\u062f \u0627\u0644\u0648\u0635\u0648\u0644 \u0625\u0644\u064a\u0647\u0627 \u0628\u0633\u0631\u0639\u0629 \u0639\u0646\u062f \u0645\u062f\u062e\u0644 \u0627\u0644\u0628\u064a\u062a.<\/li>\n<li><strong>\u0647\u064a\u0643\u0644 &#8220;\u0644\u0627\u064a\u062a-\u0633\u062a\u064a\u0644&#8221; \u0627\u0644\u0645\u062a\u064a\u0646:<\/strong>\u00a0\u0645\u0628\u0646\u064a \u0645\u0646 \u0623\u0646\u0627\u0628\u064a\u0628 \u0645\u0639\u062f\u0646\u064a\u0629 \u062e\u0641\u064a\u0641\u0629 \u0627\u0644\u0648\u0632\u0646 \u0644\u0643\u0646\u0647\u0627 \u0642\u0648\u064a\u0629 \u062c\u062f\u0627\u064b\u060c \u0645\u0645\u0627 \u064a\u0633\u0647\u0644 \u0639\u0645\u0644\u064a\u0629 \u0646\u0642\u0644\u0647 \u0645\u0646 \u063a\u0631\u0641\u0629 \u0644\u0623\u062e\u0631\u0649 \u062d\u0633\u0628 \u0627\u0644\u062d\u0627\u062c\u0629 \u062f\u0648\u0646 \u0645\u062c\u0647\u0648\u062f \u0643\u0628\u064a\u0631.<\/li>\n<li><strong>\u062a\u0631\u0643\u064a\u0628 &#8220;\u062a\u0648\u0644-\u0641\u0631\u064a&#8221; \u0627\u0644\u0633\u0631\u064a\u0639:<\/strong>\u00a0\u064a\u062a\u0645 \u062a\u062c\u0645\u064a\u0639\u0647 \u064a\u062f\u0648\u064a\u0627\u064b \u0641\u064a \u062f\u0642\u0627\u0626\u0642 \u0639\u0628\u0631 \u0646\u0638\u0627\u0645 \u0627\u0644\u0648\u0635\u0644\u0627\u062a \u0627\u0644\u0633\u0631\u064a\u0639\u0629\u061b \u0644\u0627 \u062d\u0627\u062c\u0629 \u0644\u0645\u0647\u0646\u062f\u0633 \u0623\u0648 \u0623\u062f\u0648\u0627\u062a \u0645\u0639\u0642\u062f\u0629\u060c \u0641\u0642\u0637 \u0631\u0643\u0628 \u0627\u0644\u0623\u0646\u0627\u0628\u064a\u0628\u060c \u0636\u0639 \u0627\u0644\u0642\u0645\u0627\u0634\u060c \u0648\u0627\u0628\u062f\u0623 \u0627\u0644\u062a\u0646\u0638\u064a\u0645 \u0641\u0648\u0631\u0627\u064b.<\/li>\n<\/ul>\n<h3 dir=\"rtl\"><strong>\u0627\u0644\u0645\u0648\u0627\u0635\u0641\u0627\u062a \u0627\u0644\u062a\u0642\u0646\u064a\u0629:<\/strong><\/h3>\n<ul dir=\"rtl\">\n<li><strong>\u0627\u0644\u0623\u0628\u0639\u0627\u062f \u0627\u0644\u0643\u0644\u064a\u0629:<\/strong>\u00a0160 \u0633\u0645 (\u0627\u0631\u062a\u0641\u0627\u0639) \u00d7 60 \u0633\u0645 (\u0639\u0631\u0636) \u00d7 30 \u0633\u0645 (\u0639\u0645\u0642).<\/li>\n<li><strong>\u0639\u062f\u062f \u0627\u0644\u0645\u0633\u062a\u0648\u064a\u0627\u062a:<\/strong>\u00a09 \u0631\u0641\u0648\u0641 (\u0642\u0627\u0628\u0644\u0629 \u0644\u0644\u062a\u0639\u062f\u064a\u0644).<\/li>\n<li><strong>\u0627\u0644\u0633\u0639\u0629:<\/strong>\u00a0\u062a\u0635\u0644 \u0625\u0644\u0649 28 \u0632\u0648\u062c\u0627\u064b \u0645\u0646 \u0627\u0644\u0623\u062d\u0630\u064a\u0629.<\/li>\n<li><strong>\u0627\u0644\u0645\u0627\u062f\u0629:<\/strong>\u00a0\u0623\u0646\u0627\u0628\u064a\u0628 \u0641\u0648\u0644\u0627\u0630\u064a\u0629 + \u0642\u0645\u0627\u0634 \u063a\u064a\u0631 \u0645\u0646\u0633\u0648\u062c (Non-woven) \u0639\u0627\u0632\u0644 \u0644\u0644\u0631\u0637\u0648\u0628\u0629.<\/li>\n<li><strong>\u0627\u0644\u0645\u064a\u0632\u0627\u062a:<\/strong>\u00a0\u063a\u0637\u0627\u0621 \u0628\u0633\u062d\u0627\u0628\u060c \u062c\u064a\u0628 \u062c\u0627\u0646\u0628\u064a\u060c \u0648\u0645\u0642\u0627\u0648\u0645 \u0644\u0644\u0645\u0627\u0621 \u0648\u0627\u0644\u063a\u0628\u0627\u0631.<\/li>\n<\/ul>","protected":false},"featured_media":100040,"comment_status":"open","ping_status":"closed","template":"","meta":[],"product_brand":[],"product_cat":[2455],"product_tag":[],"class_list":{"0":"post-100035","1":"product","2":"type-product","3":"status-publish","4":"has-post-thumbnail","6":"product_cat-maison","8":"first","9":"instock","10":"taxable","11":"shipping-taxable","12":"purchasable","13":"product-type-simple"},"jetpack_sharing_enabled":true,"_links":{"self":[{"href":"https:\/\/shoponlinedz.com\/en\/wp-json\/wp\/v2\/product\/100035","targetHints":{"allow":["GET"]}}],"collection":[{"href":"https:\/\/shoponlinedz.com\/en\/wp-json\/wp\/v2\/product"}],"about":[{"href":"https:\/\/shoponlinedz.com\/en\/wp-json\/wp\/v2\/types\/product"}],"replies":[{"embeddable":true,"href":"https:\/\/shoponlinedz.com\/en\/wp-json\/wp\/v2\/comments?post=100035"}],"version-history":[{"count":1,"href":"https:\/\/shoponlinedz.com\/en\/wp-json\/wp\/v2\/product\/100035\/revisions"}],"predecessor-version":[{"id":100046,"href":"https:\/\/shoponlinedz.com\/en\/wp-json\/wp\/v2\/product\/100035\/revisions\/100046"}],"wp:featuredmedia":[{"embeddable":true,"href":"https:\/\/shoponlinedz.com\/en\/wp-json\/wp\/v2\/media\/100040"}],"wp:attachment":[{"href":"https:\/\/shoponlinedz.com\/en\/wp-json\/wp\/v2\/media?parent=100035"}],"wp:term":[{"taxonomy":"product_brand","embeddable":true,"href":"https:\/\/shoponlinedz.com\/en\/wp-json\/wp\/v2\/product_brand?post=100035"},{"taxonomy":"product_cat","embeddable":true,"href":"https:\/\/shoponlinedz.com\/en\/wp-json\/wp\/v2\/product_cat?post=100035"},{"taxonomy":"product_tag","embeddable":true,"href":"https:\/\/shoponlinedz.com\/en\/wp-json\/wp\/v2\/product_tag?post=100035"}],"curies":[{"name":"wp","href":"https:\/\/api.w.org\/{rel}","templated":true}]}}