{"id":100011,"date":"2026-04-21T18:36:03","date_gmt":"2026-04-21T17:36:03","guid":{"rendered":"https:\/\/shoponlinedz.com\/?post_type=product&#038;p=100011"},"modified":"2026-04-21T18:36:03","modified_gmt":"2026-04-21T17:36:03","slug":"horloge-murale-ronde-avec-telecommande-et-grand-ecran-led-numerique-ds-3853l-%d8%b3%d8%a7%d8%b9%d8%a9-%d8%ad%d8%a7%d8%a6%d8%b7-%d8%af%d8%a7%d8%a6%d8%b1%d9%8a%d8%a9-%d8%aa%d8%b9%d9%85%d9%84-%d8%a8","status":"publish","type":"product","link":"https:\/\/shoponlinedz.com\/en\/product\/horloge-murale-ronde-avec-telecommande-et-grand-ecran-led-numerique-ds-3853l-%d8%b3%d8%a7%d8%b9%d8%a9-%d8%ad%d8%a7%d8%a6%d8%b7-%d8%af%d8%a7%d8%a6%d8%b1%d9%8a%d8%a9-%d8%aa%d8%b9%d9%85%d9%84-%d8%a8\/","title":{"rendered":"Horloge murale ronde avec t\u00e9l\u00e9commande et grand \u00e9cran LED num\u00e9rique DS-3853L &#8211; \u0633\u0627\u0639\u0629 \u062d\u0627\u0626\u0637 \u062f\u0627\u0626\u0631\u064a\u0629 \u062a\u0639\u0645\u0644 \u0628\u062c\u0647\u0627\u0632 \u062a\u062d\u0643\u0645 \u0639\u0646 \u0628\u0639\u062f \u0645\u0632\u0648\u062f\u0629 \u0628\u0625\u0636\u0627\u0621\u0629 \u0631\u0642\u0645\u064a\u0629"},"content":{"rendered":"<p>&nbsp;<\/p>\n<figure class=\"attachment attachment--preview\" data-trix-attachment=\"{&quot;contentType&quot;:&quot;image&quot;,&quot;height&quot;:1024,&quot;url&quot;:&quot;https:\/\/pub-bfdc1913c5ba4512972387b8d080956f.r2.dev\/products\/images\/1776333255977_dhz8xew6_ds-3853l-1.jpg&quot;,&quot;width&quot;:1024}\" data-trix-content-type=\"image\"><img decoding=\"async\" src=\"https:\/\/pub-bfdc1913c5ba4512972387b8d080956f.r2.dev\/products\/images\/1776333255977_dhz8xew6_ds-3853l-1.jpg\" width=\"1024\" height=\"1024\" \/><figcaption class=\"attachment__caption\"><\/figcaption><\/figure>\n<figure class=\"attachment attachment--preview\" data-trix-attachment=\"{&quot;contentType&quot;:&quot;image&quot;,&quot;height&quot;:1024,&quot;url&quot;:&quot;https:\/\/pub-bfdc1913c5ba4512972387b8d080956f.r2.dev\/products\/images\/1776333256912_52rvy2qf_ds-3853l-2.jpg&quot;,&quot;width&quot;:1024}\" data-trix-content-type=\"image\"><img decoding=\"async\" src=\"https:\/\/pub-bfdc1913c5ba4512972387b8d080956f.r2.dev\/products\/images\/1776333256912_52rvy2qf_ds-3853l-2.jpg\" width=\"1024\" height=\"1024\" \/><figcaption class=\"attachment__caption\"><\/figcaption><\/figure>\n<figure class=\"attachment attachment--preview\" data-trix-attachment=\"{&quot;contentType&quot;:&quot;image&quot;,&quot;height&quot;:1024,&quot;url&quot;:&quot;https:\/\/pub-bfdc1913c5ba4512972387b8d080956f.r2.dev\/products\/images\/1776333256935_1qinrcne_ds-3853l-3.jpg&quot;,&quot;width&quot;:1024}\" data-trix-content-type=\"image\"><img decoding=\"async\" src=\"https:\/\/pub-bfdc1913c5ba4512972387b8d080956f.r2.dev\/products\/images\/1776333256935_1qinrcne_ds-3853l-3.jpg\" width=\"1024\" height=\"1024\" \/><figcaption class=\"attachment__caption\"><\/figcaption><\/figure>\n<figure class=\"attachment attachment--preview\" data-trix-attachment=\"{&quot;contentType&quot;:&quot;image&quot;,&quot;height&quot;:1024,&quot;url&quot;:&quot;https:\/\/pub-bfdc1913c5ba4512972387b8d080956f.r2.dev\/products\/images\/1776333257955_3upnnbb1_ds-3853l-4.jpg&quot;,&quot;width&quot;:1024}\" data-trix-content-type=\"image\"><img decoding=\"async\" src=\"https:\/\/pub-bfdc1913c5ba4512972387b8d080956f.r2.dev\/products\/images\/1776333257955_3upnnbb1_ds-3853l-4.jpg\" width=\"1024\" height=\"1024\" \/><figcaption class=\"attachment__caption\"><\/figcaption><\/figure>\n<figure class=\"attachment attachment--preview\" data-trix-attachment=\"{&quot;contentType&quot;:&quot;image&quot;,&quot;height&quot;:1024,&quot;url&quot;:&quot;https:\/\/pub-bfdc1913c5ba4512972387b8d080956f.r2.dev\/products\/images\/1776333257946_6b0qz4oa_ds-3853l-5.jpg&quot;,&quot;width&quot;:1024}\" data-trix-content-type=\"image\"><img decoding=\"async\" src=\"https:\/\/pub-bfdc1913c5ba4512972387b8d080956f.r2.dev\/products\/images\/1776333257946_6b0qz4oa_ds-3853l-5.jpg\" width=\"1024\" height=\"1024\" \/><figcaption class=\"attachment__caption\"><\/figcaption><\/figure>\n<figure class=\"attachment attachment--preview\" data-trix-attachment=\"{&quot;contentType&quot;:&quot;image&quot;,&quot;height&quot;:1024,&quot;url&quot;:&quot;https:\/\/pub-bfdc1913c5ba4512972387b8d080956f.r2.dev\/products\/images\/1776333257954_5mbskm45_ds-3853l-6.jpg&quot;,&quot;width&quot;:1024}\" data-trix-content-type=\"image\"><img decoding=\"async\" src=\"https:\/\/pub-bfdc1913c5ba4512972387b8d080956f.r2.dev\/products\/images\/1776333257954_5mbskm45_ds-3853l-6.jpg\" width=\"1024\" height=\"1024\" \/><figcaption class=\"attachment__caption\"><\/figcaption><\/figure>\n<figure class=\"attachment attachment--preview\" data-trix-attachment=\"{&quot;contentType&quot;:&quot;image&quot;,&quot;height&quot;:1024,&quot;url&quot;:&quot;https:\/\/pub-bfdc1913c5ba4512972387b8d080956f.r2.dev\/products\/images\/1776333259098_sozrpv6a_ds-3853l-7.jpg&quot;,&quot;width&quot;:1024}\" data-trix-content-type=\"image\"><img decoding=\"async\" src=\"https:\/\/pub-bfdc1913c5ba4512972387b8d080956f.r2.dev\/products\/images\/1776333259098_sozrpv6a_ds-3853l-7.jpg\" width=\"1024\" height=\"1024\" \/><figcaption class=\"attachment__caption\"><\/figcaption><\/figure>\n<figure class=\"attachment attachment--preview\" data-trix-attachment=\"{&quot;contentType&quot;:&quot;image&quot;,&quot;height&quot;:1024,&quot;url&quot;:&quot;https:\/\/pub-bfdc1913c5ba4512972387b8d080956f.r2.dev\/products\/images\/1776333259020_nzp7oiyy_ds-3853l-8.jpg&quot;,&quot;width&quot;:1024}\" data-trix-content-type=\"image\"><img decoding=\"async\" src=\"https:\/\/pub-bfdc1913c5ba4512972387b8d080956f.r2.dev\/products\/images\/1776333259020_nzp7oiyy_ds-3853l-8.jpg\" width=\"1024\" height=\"1024\" \/><figcaption class=\"attachment__caption\"><\/figcaption><\/figure>\n<figure class=\"attachment attachment--preview\" data-trix-attachment=\"{&quot;contentType&quot;:&quot;image&quot;,&quot;height&quot;:1024,&quot;url&quot;:&quot;https:\/\/pub-bfdc1913c5ba4512972387b8d080956f.r2.dev\/products\/images\/1776333259138_mumxj1xo_ds-3853l-9.jpg&quot;,&quot;width&quot;:1024}\" data-trix-content-type=\"image\"><img decoding=\"async\" src=\"https:\/\/pub-bfdc1913c5ba4512972387b8d080956f.r2.dev\/products\/images\/1776333259138_mumxj1xo_ds-3853l-9.jpg\" width=\"1024\" height=\"1024\" \/><figcaption class=\"attachment__caption\"><\/figcaption><\/figure>\n<figure class=\"attachment attachment--preview\" data-trix-attachment=\"{&quot;contentType&quot;:&quot;image&quot;,&quot;height&quot;:1024,&quot;url&quot;:&quot;https:\/\/pub-bfdc1913c5ba4512972387b8d080956f.r2.dev\/products\/images\/1776333260221_s3yarxv7_ds-3853l-10.jpg&quot;,&quot;width&quot;:1024}\" data-trix-content-type=\"image\"><img decoding=\"async\" src=\"https:\/\/pub-bfdc1913c5ba4512972387b8d080956f.r2.dev\/products\/images\/1776333260221_s3yarxv7_ds-3853l-10.jpg\" width=\"1024\" height=\"1024\" \/><figcaption class=\"attachment__caption\"><\/figcaption><\/figure>","protected":false},"excerpt":{"rendered":"<ul dir=\"rtl\">\n<li><strong>\u0634\u0627\u0634\u0629 &#8220;\u0623\u0648\u0644-\u0625\u0646-\u0648\u0646&#8221; (All-in-One):<\/strong>\u00a0\u062a\u0639\u0631\u0636 \u0627\u0644\u0648\u0642\u062a\u060c \u0627\u0644\u062a\u0627\u0631\u064a\u062e (\u0627\u0644\u0634\u0647\u0631 \u0648\u0627\u0644\u064a\u0648\u0645)\u060c \u0623\u064a\u0627\u0645 \u0627\u0644\u0623\u0633\u0628\u0648\u0639\u060c \u0628\u0627\u0644\u0625\u0636\u0627\u0641\u0629 \u0625\u0644\u0649 \u0645\u0633\u062a\u0634\u0639\u0631\u0627\u062a \u0645\u062f\u0645\u062c\u0629 \u0644\u062f\u0631\u062c\u0629 \u0627\u0644\u062d\u0631\u0627\u0631\u0629 (\u00b0C) \u0648\u0646\u0633\u0628\u0629 \u0627\u0644\u0631\u0637\u0648\u0628\u0629 (%) \u0628\u062f\u0642\u0629 \u0639\u0627\u0644\u064a\u0629.<\/li>\n<li><strong>\u0646\u0638\u0627\u0645 \u0627\u0644\u062a\u062d\u0643\u0645 \u0639\u0646 \u0628\u0639\u062f:<\/strong>\u00a0\u064a\u0623\u062a\u064a \u0645\u0639\u0647\u0627 \u0631\u064a\u0645\u0648\u062a \u0643\u0646\u062a\u0631\u0648\u0644 \u0630\u0643\u064a \u064a\u0639\u0645\u0644 \u0628\u0645\u062f\u0649 \u064a\u0635\u0644 \u0644\u0640 4 \u0623\u0645\u062a\u0627\u0631\u060c \u0645\u0645\u0627 \u064a\u0633\u0647\u0644 \u0636\u0628\u0637 \u0627\u0644\u0645\u0646\u0628\u0647\u060c \u0627\u0644\u0648\u0642\u062a\u060c \u0623\u0648 \u0634\u062f\u0629 \u0627\u0644\u0625\u0636\u0627\u0621\u0629 \u0628\u0643\u0644 \u0631\u0627\u062d\u0629.<\/li>\n<li><strong>\u0645\u0646\u0628\u0647 \u0645\u0632\u062f\u0648\u062c (Dual Alarm):<\/strong>\u00a0\u062a\u062f\u0639\u0645 \u0636\u0628\u0637 \u0645\u0646\u0628\u0647\u064a\u0646 \u0645\u062e\u062a\u0644\u0641\u064a\u0646\u060c \u0648\u0647\u064a \u0645\u064a\u0632\u0629 \u0631\u0627\u0626\u0639\u0629 \u0644\u062a\u0630\u0643\u064a\u0631\u0643 \u0628\u0645\u0648\u0627\u0639\u064a\u062f \u0627\u0644\u0639\u0645\u0644 \u0623\u0648 \u0627\u0644\u0635\u0644\u0627\u0629 \u0623\u0648 \u0627\u0644\u0623\u062f\u0648\u064a\u0629.<\/li>\n<li><strong>\u062a\u0635\u0645\u064a\u0645 \u062f\u0627\u0626\u0631\u064a &#8220;\u0645\u064a\u0646\u064a\u0645\u0627\u0644\u064a\u0633\u062a&#8221;:<\/strong>\u00a0\u062a\u0635\u0645\u064a\u0645 \u0639\u0635\u0631\u064a \u0646\u062d\u064a\u0641 \u0628\u0627\u0644\u0644\u0648\u0646 \u0627\u0644\u0623\u0633\u0648\u062f \u0627\u0644\u0645\u0644\u0643\u064a \u0645\u0639 \u0623\u0631\u0642\u0627\u0645 \u0645\u0636\u064a\u0626\u0629 (\u0623\u0628\u064a\u0636 \u0648\u0623\u062e\u0636\u0631)\u060c \u064a\u0636\u0641\u064a \u0644\u0645\u0633\u0629 \u0641\u062e\u0627\u0645\u0629 \u0641\u0648\u0631\u064a\u0629 \u0639\u0644\u0649 \u0623\u064a \u063a\u0631\u0641\u0629.<\/li>\n<li><strong>\u0625\u0636\u0627\u0621\u0629 \u0644\u064a\u0644\u064a\u0629 \u0630\u0643\u064a\u0629:<\/strong>\u00a0\u062a\u0648\u0641\u0631 \u0631\u0624\u064a\u0629 \u0648\u0627\u0636\u062d\u0629 \u062c\u062f\u0627\u064b \u0641\u064a \u0627\u0644\u0638\u0644\u0627\u0645 \u062f\u0648\u0646 \u0623\u0646 \u062a\u0643\u0648\u0646 \u0645\u0632\u0639\u062c\u0629 \u0644\u0644\u0639\u064a\u0646\u060c \u0645\u0645\u0627 \u064a\u062c\u0639\u0644\u0647\u0627 \u0645\u0646\u0627\u0633\u0628\u0629 \u0644\u063a\u0631\u0641 \u0627\u0644\u0646\u0648\u0645 \u0648\u0627\u0644\u0635\u0627\u0644\u0648\u0646\u0627\u062a.<\/li>\n<li><strong>\u062a\u0631\u0643\u064a\u0628 &#8220;\u0625\u064a\u0632\u064a-\u0645\u0627\u0648\u0646\u062a&#8221;:<\/strong>\u00a0\u062e\u0641\u064a\u0641\u0629 \u0627\u0644\u0648\u0632\u0646 \u0648\u0633\u0647\u0644\u0629 \u0627\u0644\u062a\u0639\u0644\u064a\u0642 \u0639\u0644\u0649 \u0627\u0644\u062d\u0627\u0626\u0637\u060c \u0643\u0645\u0627 \u064a\u0645\u0643\u0646 \u0648\u0636\u0639\u0647\u0627 \u0639\u0644\u0649 \u0627\u0644\u0645\u0643\u062a\u0628 \u0628\u0627\u0633\u062a\u062e\u062f\u0627\u0645 \u0642\u0627\u0639\u062f\u062a\u0647\u0627 \u0627\u0644\u0645\u062a\u064a\u0646\u0629.<\/li>\n<li><strong>\u0630\u0627\u0643\u0631\u0629 \u062f\u0627\u062e\u0644\u064a\u0629:<\/strong>\u00a0\u062a\u062d\u0627\u0641\u0638 \u0639\u0644\u0649 \u0627\u0644\u0625\u0639\u062f\u0627\u062f\u0627\u062a \u0648\u0627\u0644\u0648\u0642\u062a \u062d\u062a\u0649 \u0641\u064a \u062d\u0627\u0644 \u0627\u0646\u0642\u0637\u0627\u0639 \u0627\u0644\u062a\u064a\u0627\u0631 \u0627\u0644\u0643\u0647\u0631\u0628\u0627\u0626\u064a (\u0639\u0646\u062f \u0627\u0633\u062a\u062e\u062f\u0627\u0645 \u0628\u0637\u0627\u0631\u064a\u0629 \u0627\u0644\u0630\u0627\u0643\u0631\u0629).<\/li>\n<\/ul>\n<h3 dir=\"rtl\"><strong>\u0627\u0644\u0645\u0648\u0627\u0635\u0641\u0627\u062a \u0627\u0644\u062a\u0642\u0646\u064a\u0629:<\/strong><\/h3>\n<ul dir=\"rtl\">\n<li><strong>\u0627\u0644\u0645\u0648\u062f\u064a\u0644:<\/strong>\u00a0DS-3853L.<\/li>\n<li><strong>\u0646\u0648\u0639 \u0627\u0644\u0634\u0627\u0634\u0629:<\/strong>\u00a0LED \u0631\u0642\u0645\u064a\u0629 \u0639\u0627\u0644\u064a\u0629 \u0627\u0644\u0648\u0636\u0648\u062d.<\/li>\n<li><strong>\u0627\u0644\u0645\u0633\u062a\u0634\u0639\u0631\u0627\u062a:<\/strong>\u00a0\u062f\u0631\u062c\u0629 \u0627\u0644\u062d\u0631\u0627\u0631\u0629\u060c \u0627\u0644\u0631\u0637\u0648\u0628\u0629\u060c \u0648\u0627\u0644\u062a\u0642\u0648\u064a\u0645.<\/li>\n<li><strong>\u0627\u0644\u062a\u062d\u0643\u0645:<\/strong>\u00a0\u0623\u0632\u0631\u0627\u0631 \u062e\u0644\u0641\u064a\u0629 + \u062c\u0647\u0627\u0632 \u062a\u062d\u0643\u0645 \u0639\u0646 \u0628\u0639\u062f (Remote).<\/li>\n<li><strong>\u0627\u0644\u0623\u0628\u0639\u0627\u062f:<\/strong>\u00a0\u062d\u062c\u0645 \u0643\u0628\u064a\u0631 26\u0633\u0645 \u0648\u0648\u0627\u0636\u062d \u0644\u0644\u0631\u0624\u064a\u0629 \u0645\u0646 \u0645\u0633\u0627\u0641\u0627\u062a \u0628\u0639\u064a\u062f\u0629.<\/li>\n<\/ul>","protected":false},"featured_media":100019,"comment_status":"open","ping_status":"closed","template":"","meta":[],"product_brand":[],"product_cat":[2460,2463],"product_tag":[],"class_list":{"0":"post-100011","1":"product","2":"type-product","3":"status-publish","4":"has-post-thumbnail","6":"product_cat-decoration","7":"product_cat-electronique","9":"first","10":"instock","11":"taxable","12":"shipping-taxable","13":"purchasable","14":"product-type-simple"},"jetpack_sharing_enabled":true,"_links":{"self":[{"href":"https:\/\/shoponlinedz.com\/en\/wp-json\/wp\/v2\/product\/100011","targetHints":{"allow":["GET"]}}],"collection":[{"href":"https:\/\/shoponlinedz.com\/en\/wp-json\/wp\/v2\/product"}],"about":[{"href":"https:\/\/shoponlinedz.com\/en\/wp-json\/wp\/v2\/types\/product"}],"replies":[{"embeddable":true,"href":"https:\/\/shoponlinedz.com\/en\/wp-json\/wp\/v2\/comments?post=100011"}],"version-history":[{"count":1,"href":"https:\/\/shoponlinedz.com\/en\/wp-json\/wp\/v2\/product\/100011\/revisions"}],"predecessor-version":[{"id":100022,"href":"https:\/\/shoponlinedz.com\/en\/wp-json\/wp\/v2\/product\/100011\/revisions\/100022"}],"wp:featuredmedia":[{"embeddable":true,"href":"https:\/\/shoponlinedz.com\/en\/wp-json\/wp\/v2\/media\/100019"}],"wp:attachment":[{"href":"https:\/\/shoponlinedz.com\/en\/wp-json\/wp\/v2\/media?parent=100011"}],"wp:term":[{"taxonomy":"product_brand","embeddable":true,"href":"https:\/\/shoponlinedz.com\/en\/wp-json\/wp\/v2\/product_brand?post=100011"},{"taxonomy":"product_cat","embeddable":true,"href":"https:\/\/shoponlinedz.com\/en\/wp-json\/wp\/v2\/product_cat?post=100011"},{"taxonomy":"product_tag","embeddable":true,"href":"https:\/\/shoponlinedz.com\/en\/wp-json\/wp\/v2\/product_tag?post=100011"}],"curies":[{"name":"wp","href":"https:\/\/api.w.org\/{rel}","templated":true}]}}